{"id":140237,"date":"2025-05-18T23:04:57","date_gmt":"2025-05-18T23:04:57","guid":{"rendered":"https:\/\/staging2.stylingagenten.com\/da\/produkt\/joop-homme-wild-edt-125ml\/"},"modified":"2026-04-11T11:38:40","modified_gmt":"2026-04-11T11:38:40","slug":"joop-homme-wild-edt-125ml","status":"publish","type":"product","link":"https:\/\/stylingagenten.com\/da\/produkt\/joop-homme-wild-edt-125ml\/","title":{"rendered":"Joop! Homme Wild edt 125ml"},"content":{"rendered":"<p style='margin-top:0cm;margin-right:0cm;margin-bottom:8.0pt;margin-left:0cm;font-size:15px;font-family:\"Calibri\",sans-serif'> Jep! Homme Wild er en blomster- og tr\u00e6agtig duft til m\u00e6nd. Parfumen til den legende mand, der ikke kan t\u00e6mmes. Med sine orientalske og krydrede noter blandet med den s\u00f8de duft af rom er den perfekt til natlige eventyr, der forts\u00e6tter l\u00e6nge efter solen er st\u00e5et op. Sensuel, magnetisk og moderne! Homme Wild af Joop! lanceret i 2012<\/p>\n<p style='margin: 0cm 0cm 8pt;font-family: \"Calibri\", sans-serif'>Topnoter: Rose&eacute;peber.<br \/>Hjertenoter: Rom.<br \/>Basenoter: hvid tobak, tr\u00e6.<\/p>\n","protected":false},"excerpt":{"rendered":"<p>Jep! Homme Wild er en blomster- og tr\u00e6agtig duft til m\u00e6nd. Parfumen til den legende mand, der ikke kan t\u00e6mmes. Med sine orientalske og krydrede noter blandet med den s\u00f8de duft af rom er den perfekt til natlige eventyr, der forts\u00e6tter l\u00e6nge efter solen er st\u00e5et op. Sensuel, magnetisk og moderne! Homme Wild af Joop! [&hellip;]<\/p>\n","protected":false},"featured_media":140235,"comment_status":"open","ping_status":"closed","template":"","meta":{"_trash_the_other_posts":false},"product_brand":[],"product_cat":[709,735,1006,1000],"product_tag":[3081],"berocket_brand":[1087],"class_list":{"0":"post-140237","1":"product","2":"type-product","3":"status-publish","4":"has-post-thumbnail","6":"product_cat-eau-de-toilette-mr","7":"product_cat-kampagne","8":"product_cat-kampagnepris","9":"product_cat-kampagnetilbud-til-ham","10":"product_tag-joop-homme-wild-edt","11":"pa_brand-joop","12":"pa_variant-125ml","13":"berocket_brand-joop","15":"first","16":"instock","17":"sale","18":"taxable","19":"shipping-taxable","20":"purchasable","21":"product-type-simple"},"_links":{"self":[{"href":"https:\/\/stylingagenten.com\/da\/wp-json\/wp\/v2\/product\/140237","targetHints":{"allow":["GET"]}}],"collection":[{"href":"https:\/\/stylingagenten.com\/da\/wp-json\/wp\/v2\/product"}],"about":[{"href":"https:\/\/stylingagenten.com\/da\/wp-json\/wp\/v2\/types\/product"}],"replies":[{"embeddable":true,"href":"https:\/\/stylingagenten.com\/da\/wp-json\/wp\/v2\/comments?post=140237"}],"version-history":[{"count":0,"href":"https:\/\/stylingagenten.com\/da\/wp-json\/wp\/v2\/product\/140237\/revisions"}],"wp:featuredmedia":[{"embeddable":true,"href":"https:\/\/stylingagenten.com\/da\/wp-json\/wp\/v2\/media\/140235"}],"wp:attachment":[{"href":"https:\/\/stylingagenten.com\/da\/wp-json\/wp\/v2\/media?parent=140237"}],"wp:term":[{"taxonomy":"product_brand","embeddable":true,"href":"https:\/\/stylingagenten.com\/da\/wp-json\/wp\/v2\/product_brand?post=140237"},{"taxonomy":"product_cat","embeddable":true,"href":"https:\/\/stylingagenten.com\/da\/wp-json\/wp\/v2\/product_cat?post=140237"},{"taxonomy":"product_tag","embeddable":true,"href":"https:\/\/stylingagenten.com\/da\/wp-json\/wp\/v2\/product_tag?post=140237"},{"taxonomy":"berocket_brand","embeddable":true,"href":"https:\/\/stylingagenten.com\/da\/wp-json\/wp\/v2\/berocket_brand?post=140237"}],"curies":[{"name":"wp","href":"https:\/\/api.w.org\/{rel}","templated":true}]}}