{"id":140232,"date":"2025-05-18T23:04:54","date_gmt":"2025-05-18T23:04:54","guid":{"rendered":"https:\/\/staging2.stylingagenten.com\/da\/produkt\/mont-blanc-starwalker-pour-homme-edt-75ml\/"},"modified":"2026-03-28T17:08:46","modified_gmt":"2026-03-28T17:08:46","slug":"mont-blanc-starwalker-pour-homme-edt-75ml","status":"publish","type":"product","link":"https:\/\/stylingagenten.com\/da\/produkt\/mont-blanc-starwalker-pour-homme-edt-75ml\/","title":{"rendered":"Mont Blanc Starwalker Pour Homme edt 75ml"},"content":{"rendered":"<p style='margin-top:0cm;margin-right:0cm;margin-bottom:8.0pt;margin-left:0cm;font-size:15px;font-family:\"Calibri\",sans-serif'> Starwalker er en maskulin duft rettet mod manden, der s\u00e6tter pris p\u00e5 kvalitet og h\u00e5ndv\u00e6rk.<\/p>\n<p style='margin-top:0cm;margin-right:0cm;margin-bottom:8.0pt;margin-left: 0cm;font-family:\"Calibri\",sans-serif'>Duften er en moderne kreation, der \u00e5bner med anis og rosenpeber efterfulgt af cedertr\u00e6. og sandeltr\u00e6&auml; i hjertet. Med klassiske indslag er bunden afrundet med rav og moskus.<\/p>\n<p style='margin: 0cm 0cm 8pt;font-family: \"Calibri\", sans-serif'>Topnoter: Rose&eacute;peber, Anis.<br \/>Hjertenoter: Cedertr\u00e6, Sandeltr\u00e6.<br \/>Basenoter: Amber, Moskus.<\/p>\n","protected":false},"excerpt":{"rendered":"<p>Starwalker er en maskulin duft rettet mod manden, der s\u00e6tter pris p\u00e5 kvalitet og h\u00e5ndv\u00e6rk. Duften er en moderne kreation, der \u00e5bner med anis og rosenpeber efterfulgt af cedertr\u00e6. og sandeltr\u00e6&auml; i hjertet. Med klassiske indslag er bunden afrundet med rav og moskus. Topnoter: Rose&eacute;peber, Anis.Hjertenoter: Cedertr\u00e6, Sandeltr\u00e6.Basenoter: Amber, Moskus.<\/p>\n","protected":false},"featured_media":140231,"comment_status":"open","ping_status":"closed","template":"","meta":{"_trash_the_other_posts":false},"product_brand":[],"product_cat":[709,735,1000],"product_tag":[],"berocket_brand":[1079],"class_list":{"0":"post-140232","1":"product","2":"type-product","3":"status-publish","4":"has-post-thumbnail","6":"product_cat-eau-de-toilette-mr","7":"product_cat-kampagne","8":"product_cat-kampagnetilbud-til-ham","9":"pa_brand-mont-blanc","10":"berocket_brand-mont-blanc","12":"first","13":"instock","14":"sale","15":"taxable","16":"shipping-taxable","17":"purchasable","18":"product-type-simple"},"_links":{"self":[{"href":"https:\/\/stylingagenten.com\/da\/wp-json\/wp\/v2\/product\/140232","targetHints":{"allow":["GET"]}}],"collection":[{"href":"https:\/\/stylingagenten.com\/da\/wp-json\/wp\/v2\/product"}],"about":[{"href":"https:\/\/stylingagenten.com\/da\/wp-json\/wp\/v2\/types\/product"}],"replies":[{"embeddable":true,"href":"https:\/\/stylingagenten.com\/da\/wp-json\/wp\/v2\/comments?post=140232"}],"version-history":[{"count":0,"href":"https:\/\/stylingagenten.com\/da\/wp-json\/wp\/v2\/product\/140232\/revisions"}],"wp:featuredmedia":[{"embeddable":true,"href":"https:\/\/stylingagenten.com\/da\/wp-json\/wp\/v2\/media\/140231"}],"wp:attachment":[{"href":"https:\/\/stylingagenten.com\/da\/wp-json\/wp\/v2\/media?parent=140232"}],"wp:term":[{"taxonomy":"product_brand","embeddable":true,"href":"https:\/\/stylingagenten.com\/da\/wp-json\/wp\/v2\/product_brand?post=140232"},{"taxonomy":"product_cat","embeddable":true,"href":"https:\/\/stylingagenten.com\/da\/wp-json\/wp\/v2\/product_cat?post=140232"},{"taxonomy":"product_tag","embeddable":true,"href":"https:\/\/stylingagenten.com\/da\/wp-json\/wp\/v2\/product_tag?post=140232"},{"taxonomy":"berocket_brand","embeddable":true,"href":"https:\/\/stylingagenten.com\/da\/wp-json\/wp\/v2\/berocket_brand?post=140232"}],"curies":[{"name":"wp","href":"https:\/\/api.w.org\/{rel}","templated":true}]}}