{"id":140214,"date":"2025-05-18T23:04:41","date_gmt":"2025-05-18T23:04:41","guid":{"rendered":"https:\/\/staging2.stylingagenten.com\/da\/produkt\/calvin-klein-contradiction-for-men-edt-100ml\/"},"modified":"2026-04-05T13:19:04","modified_gmt":"2026-04-05T13:19:04","slug":"calvin-klein-contradiction-for-men-edt-100ml","status":"publish","type":"product","link":"https:\/\/stylingagenten.com\/da\/produkt\/calvin-klein-contradiction-for-men-edt-100ml\/","title":{"rendered":"Calvin Klein Contradiction For Men Edt 100ml"},"content":{"rendered":"<p>Calvin Klein Contradiction For Men er en orientalsk og klassisk duft til m\u00e6nd med strejf af tr\u00e6. En parfume, der passer til alle m\u00e6nd uanset alder.<\/p>\n<p><strong>Duftnoter:<\/strong> citron, mandarin, lime, lavendel, salvie, muskatn\u00f8d, koriander, kardemomme, peber, moskus, sandeltr\u00e6; , vetiver &amp; ibenholt.<\/p>\n","protected":false},"excerpt":{"rendered":"<p>Calvin Klein Contradiction For Men er en orientalsk og klassisk duft til m\u00e6nd med strejf af tr\u00e6. En parfume, der passer til alle m\u00e6nd uanset alder. Duftnoter: citron, mandarin, lime, lavendel, salvie, muskatn\u00f8d, koriander, kardemomme, peber, moskus, sandeltr\u00e6; , vetiver &amp; ibenholt.<\/p>\n","protected":false},"featured_media":140211,"comment_status":"open","ping_status":"closed","template":"","meta":{"_trash_the_other_posts":false},"product_brand":[],"product_cat":[1003,709,735,1000],"product_tag":[],"berocket_brand":[1014],"class_list":{"0":"post-140214","1":"product","2":"type-product","3":"status-publish","4":"has-post-thumbnail","6":"product_cat-bestsellere","7":"product_cat-eau-de-toilette-mr","8":"product_cat-kampagne","9":"product_cat-kampagnetilbud-til-ham","10":"pa_brand-calvin-klein","11":"berocket_brand-calvin-klein","13":"first","14":"outofstock","15":"sale","16":"taxable","17":"shipping-taxable","18":"purchasable","19":"product-type-simple"},"_links":{"self":[{"href":"https:\/\/stylingagenten.com\/da\/wp-json\/wp\/v2\/product\/140214","targetHints":{"allow":["GET"]}}],"collection":[{"href":"https:\/\/stylingagenten.com\/da\/wp-json\/wp\/v2\/product"}],"about":[{"href":"https:\/\/stylingagenten.com\/da\/wp-json\/wp\/v2\/types\/product"}],"replies":[{"embeddable":true,"href":"https:\/\/stylingagenten.com\/da\/wp-json\/wp\/v2\/comments?post=140214"}],"version-history":[{"count":0,"href":"https:\/\/stylingagenten.com\/da\/wp-json\/wp\/v2\/product\/140214\/revisions"}],"wp:featuredmedia":[{"embeddable":true,"href":"https:\/\/stylingagenten.com\/da\/wp-json\/wp\/v2\/media\/140211"}],"wp:attachment":[{"href":"https:\/\/stylingagenten.com\/da\/wp-json\/wp\/v2\/media?parent=140214"}],"wp:term":[{"taxonomy":"product_brand","embeddable":true,"href":"https:\/\/stylingagenten.com\/da\/wp-json\/wp\/v2\/product_brand?post=140214"},{"taxonomy":"product_cat","embeddable":true,"href":"https:\/\/stylingagenten.com\/da\/wp-json\/wp\/v2\/product_cat?post=140214"},{"taxonomy":"product_tag","embeddable":true,"href":"https:\/\/stylingagenten.com\/da\/wp-json\/wp\/v2\/product_tag?post=140214"},{"taxonomy":"berocket_brand","embeddable":true,"href":"https:\/\/stylingagenten.com\/da\/wp-json\/wp\/v2\/berocket_brand?post=140214"}],"curies":[{"name":"wp","href":"https:\/\/api.w.org\/{rel}","templated":true}]}}