{"id":140208,"date":"2025-05-18T23:04:37","date_gmt":"2025-05-18T23:04:37","guid":{"rendered":"https:\/\/staging2.stylingagenten.com\/da\/produkt\/joop-jump-edt-100ml\/"},"modified":"2026-04-14T09:08:40","modified_gmt":"2026-04-14T09:08:40","slug":"joop-jump-edt-100ml","status":"publish","type":"product","link":"https:\/\/stylingagenten.com\/da\/produkt\/joop-jump-edt-100ml\/","title":{"rendered":"JOOP! Jump edt 100ml"},"content":{"rendered":"<p style='margin-top:0cm;margin-right:0cm;margin-bottom:8.0pt;margin-left:0cm;font-size:15px;font-family:\"Calibri\",sans-serif'> Hop af Joop! er en frisk, forfriskende og dragende duft til m\u00e6nd. Jep! Jump er en parfume til den moderne mand. I toppen er rosmarin, spidskommen og grapefrugt. Hjertenoterne indeholder koriander og heliotrop som derefter m\u00f8der sp\u00e6ndende toner af tonkab\u00f8nne, moskus og vetiver. Hop af Joop! lanceret i 2005.<\/p>\n<p style='margin: 0cm 0cm 8pt;font-family: \"Calibri\", sans-serif'>Topnoter: Timian, Grapefrugt, Rosmarin.<br \/>Hjertenoter: Koriander, Heliotrope, Vodka.<br \/>Basenoter: Moskus, Tonkab\u00f8nne, Vetiver.<\/ p><\/p>\n","protected":false},"excerpt":{"rendered":"<p>Hop af Joop! er en frisk, forfriskende og dragende duft til m\u00e6nd. Jep! Jump er en parfume til den moderne mand. I toppen er rosmarin, spidskommen og grapefrugt. Hjertenoterne indeholder koriander og heliotrop som derefter m\u00f8der sp\u00e6ndende toner af tonkab\u00f8nne, moskus og vetiver. Hop af Joop! lanceret i 2005. Topnoter: Timian, Grapefrugt, Rosmarin.Hjertenoter: Koriander, Heliotrope, [&hellip;]<\/p>\n","protected":false},"featured_media":140204,"comment_status":"open","ping_status":"closed","template":"","meta":{"_trash_the_other_posts":false},"product_brand":[],"product_cat":[709,735,1000],"product_tag":[],"berocket_brand":[1087],"class_list":{"0":"post-140208","1":"product","2":"type-product","3":"status-publish","4":"has-post-thumbnail","6":"product_cat-eau-de-toilette-mr","7":"product_cat-kampagne","8":"product_cat-kampagnetilbud-til-ham","9":"pa_brand-joop","10":"berocket_brand-joop","12":"first","13":"instock","14":"sale","15":"taxable","16":"shipping-taxable","17":"purchasable","18":"product-type-simple"},"_links":{"self":[{"href":"https:\/\/stylingagenten.com\/da\/wp-json\/wp\/v2\/product\/140208","targetHints":{"allow":["GET"]}}],"collection":[{"href":"https:\/\/stylingagenten.com\/da\/wp-json\/wp\/v2\/product"}],"about":[{"href":"https:\/\/stylingagenten.com\/da\/wp-json\/wp\/v2\/types\/product"}],"replies":[{"embeddable":true,"href":"https:\/\/stylingagenten.com\/da\/wp-json\/wp\/v2\/comments?post=140208"}],"version-history":[{"count":1,"href":"https:\/\/stylingagenten.com\/da\/wp-json\/wp\/v2\/product\/140208\/revisions"}],"predecessor-version":[{"id":2000672,"href":"https:\/\/stylingagenten.com\/da\/wp-json\/wp\/v2\/product\/140208\/revisions\/2000672"}],"wp:featuredmedia":[{"embeddable":true,"href":"https:\/\/stylingagenten.com\/da\/wp-json\/wp\/v2\/media\/140204"}],"wp:attachment":[{"href":"https:\/\/stylingagenten.com\/da\/wp-json\/wp\/v2\/media?parent=140208"}],"wp:term":[{"taxonomy":"product_brand","embeddable":true,"href":"https:\/\/stylingagenten.com\/da\/wp-json\/wp\/v2\/product_brand?post=140208"},{"taxonomy":"product_cat","embeddable":true,"href":"https:\/\/stylingagenten.com\/da\/wp-json\/wp\/v2\/product_cat?post=140208"},{"taxonomy":"product_tag","embeddable":true,"href":"https:\/\/stylingagenten.com\/da\/wp-json\/wp\/v2\/product_tag?post=140208"},{"taxonomy":"berocket_brand","embeddable":true,"href":"https:\/\/stylingagenten.com\/da\/wp-json\/wp\/v2\/berocket_brand?post=140208"}],"curies":[{"name":"wp","href":"https:\/\/api.w.org\/{rel}","templated":true}]}}