{"id":140164,"date":"2025-05-18T23:03:53","date_gmt":"2025-05-18T23:03:53","guid":{"rendered":"https:\/\/staging2.stylingagenten.com\/da\/produkt\/abercrombie-fitch-first-instinct-edt-30ml\/"},"modified":"2026-04-10T19:38:41","modified_gmt":"2026-04-10T19:38:41","slug":"abercrombie-fitch-first-instinct-edt-30ml","status":"publish","type":"product","link":"https:\/\/stylingagenten.com\/da\/produkt\/abercrombie-fitch-first-instinct-edt-30ml\/","title":{"rendered":"Abercrombie &amp; Fitch First Instinct Edt 30ml"},"content":{"rendered":"<p>Med First Instinct s&aring; lancerer A &amp; F&#8217;s f\u00f8rste duft uden for egne butikker.<\/p>\n<p>Duften er en klassisk sensuel herreduft, der blander krydderier med bl\u00f8de noter af tr\u00e6. og moskus. Den overraskende note af gin og tonic i toppen bringer friskhed og k\u00f8lighed til en ellers varm sammens\u00e6tning.<\/p>\n<p>Topnote: Gin tonic, Kiwano melon, Bitter mandel<br \/>Hjertenote: Rod ;tt t&eacute;, Violblad, Szechuan peber, Valmue<br \/>Basenote: Blonde tr\u00e6sorter, rav, moskus, kokosn\u00f8ddetr\u00e6<\/p>\n","protected":false},"excerpt":{"rendered":"<p>Med First Instinct s&aring; lancerer A &amp; F&#8217;s f\u00f8rste duft uden for egne butikker. Duften er en klassisk sensuel herreduft, der blander krydderier med bl\u00f8de noter af tr\u00e6. og moskus. Den overraskende note af gin og tonic i toppen bringer friskhed og k\u00f8lighed til en ellers varm sammens\u00e6tning. Topnote: Gin tonic, Kiwano melon, Bitter mandelHjertenote: [&hellip;]<\/p>\n","protected":false},"featured_media":140162,"comment_status":"open","ping_status":"closed","template":"","meta":{"_trash_the_other_posts":false},"product_brand":[],"product_cat":[709,735,1000],"product_tag":[2324],"berocket_brand":[1278],"class_list":{"0":"post-140164","1":"product","2":"type-product","3":"status-publish","4":"has-post-thumbnail","6":"product_cat-eau-de-toilette-mr","7":"product_cat-kampagne","8":"product_cat-kampagnetilbud-til-ham","9":"product_tag-abercrombie-fitch-first-instinct-edt","10":"pa_brand-abercrombie-fitch","11":"pa_variant-30ml","12":"berocket_brand-abercrombie-fitch","14":"first","15":"instock","16":"sale","17":"taxable","18":"shipping-taxable","19":"purchasable","20":"product-type-simple"},"_links":{"self":[{"href":"https:\/\/stylingagenten.com\/da\/wp-json\/wp\/v2\/product\/140164","targetHints":{"allow":["GET"]}}],"collection":[{"href":"https:\/\/stylingagenten.com\/da\/wp-json\/wp\/v2\/product"}],"about":[{"href":"https:\/\/stylingagenten.com\/da\/wp-json\/wp\/v2\/types\/product"}],"replies":[{"embeddable":true,"href":"https:\/\/stylingagenten.com\/da\/wp-json\/wp\/v2\/comments?post=140164"}],"version-history":[{"count":0,"href":"https:\/\/stylingagenten.com\/da\/wp-json\/wp\/v2\/product\/140164\/revisions"}],"wp:featuredmedia":[{"embeddable":true,"href":"https:\/\/stylingagenten.com\/da\/wp-json\/wp\/v2\/media\/140162"}],"wp:attachment":[{"href":"https:\/\/stylingagenten.com\/da\/wp-json\/wp\/v2\/media?parent=140164"}],"wp:term":[{"taxonomy":"product_brand","embeddable":true,"href":"https:\/\/stylingagenten.com\/da\/wp-json\/wp\/v2\/product_brand?post=140164"},{"taxonomy":"product_cat","embeddable":true,"href":"https:\/\/stylingagenten.com\/da\/wp-json\/wp\/v2\/product_cat?post=140164"},{"taxonomy":"product_tag","embeddable":true,"href":"https:\/\/stylingagenten.com\/da\/wp-json\/wp\/v2\/product_tag?post=140164"},{"taxonomy":"berocket_brand","embeddable":true,"href":"https:\/\/stylingagenten.com\/da\/wp-json\/wp\/v2\/berocket_brand?post=140164"}],"curies":[{"name":"wp","href":"https:\/\/api.w.org\/{rel}","templated":true}]}}