{"id":140137,"date":"2025-05-18T23:02:31","date_gmt":"2025-05-18T23:02:31","guid":{"rendered":"https:\/\/staging2.stylingagenten.com\/da\/produkt\/zadig-voltaire-this-is-him-edt-50ml\/"},"modified":"2026-03-25T14:29:43","modified_gmt":"2026-03-25T14:29:43","slug":"zadig-voltaire-this-is-him-edt-50ml","status":"publish","type":"product","link":"https:\/\/stylingagenten.com\/da\/produkt\/zadig-voltaire-this-is-him-edt-50ml\/","title":{"rendered":"Zadig &amp; Voltaire This is Him Edt 50ml"},"content":{"rendered":"<p>This is Him er signaturduften fra Zadig &amp; Voltaire, der udstr\u00e5ler en rebelsk maskulinitet, frihed og selvsikkerhed.<br \/>Beriget med en luksuri\u00f8s blanding af krydret r\u00f8gelse, grapefrugt, sort peber og vanilje, der omslutter en lang og dyb bund af sandeltr\u00e6&auml;.<\/p>\n","protected":false},"excerpt":{"rendered":"<p>This is Him er signaturduften fra Zadig &amp; Voltaire, der udstr\u00e5ler en rebelsk maskulinitet, frihed og selvsikkerhed.Beriget med en luksuri\u00f8s blanding af krydret r\u00f8gelse, grapefrugt, sort peber og vanilje, der omslutter en lang og dyb bund af sandeltr\u00e6&auml;.<\/p>\n","protected":false},"featured_media":140136,"comment_status":"open","ping_status":"closed","template":"","meta":{"_trash_the_other_posts":false},"product_brand":[],"product_cat":[709,735,1000],"product_tag":[4121],"berocket_brand":[1153],"class_list":{"0":"post-140137","1":"product","2":"type-product","3":"status-publish","4":"has-post-thumbnail","6":"product_cat-eau-de-toilette-mr","7":"product_cat-kampagne","8":"product_cat-kampagnetilbud-til-ham","9":"product_tag-zadig-voltaire-this-is-him-edt","10":"pa_brand-zadig-voltaire","11":"pa_variant-50ml","12":"berocket_brand-zadig-voltaire","14":"first","15":"instock","16":"sale","17":"taxable","18":"shipping-taxable","19":"purchasable","20":"product-type-simple"},"_links":{"self":[{"href":"https:\/\/stylingagenten.com\/da\/wp-json\/wp\/v2\/product\/140137","targetHints":{"allow":["GET"]}}],"collection":[{"href":"https:\/\/stylingagenten.com\/da\/wp-json\/wp\/v2\/product"}],"about":[{"href":"https:\/\/stylingagenten.com\/da\/wp-json\/wp\/v2\/types\/product"}],"replies":[{"embeddable":true,"href":"https:\/\/stylingagenten.com\/da\/wp-json\/wp\/v2\/comments?post=140137"}],"version-history":[{"count":0,"href":"https:\/\/stylingagenten.com\/da\/wp-json\/wp\/v2\/product\/140137\/revisions"}],"wp:featuredmedia":[{"embeddable":true,"href":"https:\/\/stylingagenten.com\/da\/wp-json\/wp\/v2\/media\/140136"}],"wp:attachment":[{"href":"https:\/\/stylingagenten.com\/da\/wp-json\/wp\/v2\/media?parent=140137"}],"wp:term":[{"taxonomy":"product_brand","embeddable":true,"href":"https:\/\/stylingagenten.com\/da\/wp-json\/wp\/v2\/product_brand?post=140137"},{"taxonomy":"product_cat","embeddable":true,"href":"https:\/\/stylingagenten.com\/da\/wp-json\/wp\/v2\/product_cat?post=140137"},{"taxonomy":"product_tag","embeddable":true,"href":"https:\/\/stylingagenten.com\/da\/wp-json\/wp\/v2\/product_tag?post=140137"},{"taxonomy":"berocket_brand","embeddable":true,"href":"https:\/\/stylingagenten.com\/da\/wp-json\/wp\/v2\/berocket_brand?post=140137"}],"curies":[{"name":"wp","href":"https:\/\/api.w.org\/{rel}","templated":true}]}}