{"id":140107,"date":"2025-05-18T23:02:24","date_gmt":"2025-05-18T23:02:24","guid":{"rendered":"https:\/\/staging2.stylingagenten.com\/da\/produkt\/hugo-boss-boss-bottled-edt-50ml\/"},"modified":"2026-04-14T19:28:38","modified_gmt":"2026-04-14T19:28:38","slug":"hugo-boss-boss-bottled-edt-50ml","status":"publish","type":"product","link":"https:\/\/stylingagenten.com\/da\/produkt\/hugo-boss-boss-bottled-edt-50ml\/","title":{"rendered":"Hugo Boss Boss Bottled Edt 50ml"},"content":{"rendered":"<h1>Hugo Boss Bottled Edt er en frisk duft med en blanding af \u00e6ble, krydderier og sensuelle tr\u00e6noter. <br \/>En sand klassiker for den moderne mand.<\/h1>\n<p data-empty=\"true\"><\/p>\n<h2><strong>Duftnoter:<\/strong> bergamot, &auml; \u00e6ble , kanel, tagetes, nelliker, cedertr\u00e6, sandeltr\u00e6, patchouli, rav, vetiver &amp; oliventr\u00e6&auml;.<\/h2>\n<p><\/p>\n","protected":false},"excerpt":{"rendered":"<p>Hugo Boss Bottled Edt er en frisk duft med en blanding af \u00e6ble, krydderier og sensuelle tr\u00e6noter. En sand klassiker for den moderne mand. Duftnoter: bergamot, &auml; \u00e6ble , kanel, tagetes, nelliker, cedertr\u00e6, sandeltr\u00e6, patchouli, rav, vetiver &amp; oliventr\u00e6&auml;.<\/p>\n","protected":false},"featured_media":140100,"comment_status":"open","ping_status":"closed","template":"","meta":{"_trash_the_other_posts":false},"product_brand":[],"product_cat":[1003,709,735,1000,535],"product_tag":[2972],"berocket_brand":[1339],"class_list":{"0":"post-140107","1":"product","2":"type-product","3":"status-publish","4":"has-post-thumbnail","6":"product_cat-bestsellere","7":"product_cat-eau-de-toilette-mr","8":"product_cat-kampagne","9":"product_cat-kampagnetilbud-til-ham","10":"product_cat-parfumeherren","11":"product_tag-hugo-boss-boss-bottled-edt","12":"pa_brand-hugo-boss","13":"pa_variant-50ml","14":"berocket_brand-hugo-boss","16":"first","17":"instock","18":"sale","19":"taxable","20":"shipping-taxable","21":"purchasable","22":"product-type-simple"},"_links":{"self":[{"href":"https:\/\/stylingagenten.com\/da\/wp-json\/wp\/v2\/product\/140107","targetHints":{"allow":["GET"]}}],"collection":[{"href":"https:\/\/stylingagenten.com\/da\/wp-json\/wp\/v2\/product"}],"about":[{"href":"https:\/\/stylingagenten.com\/da\/wp-json\/wp\/v2\/types\/product"}],"replies":[{"embeddable":true,"href":"https:\/\/stylingagenten.com\/da\/wp-json\/wp\/v2\/comments?post=140107"}],"version-history":[{"count":1,"href":"https:\/\/stylingagenten.com\/da\/wp-json\/wp\/v2\/product\/140107\/revisions"}],"predecessor-version":[{"id":2000651,"href":"https:\/\/stylingagenten.com\/da\/wp-json\/wp\/v2\/product\/140107\/revisions\/2000651"}],"wp:featuredmedia":[{"embeddable":true,"href":"https:\/\/stylingagenten.com\/da\/wp-json\/wp\/v2\/media\/140100"}],"wp:attachment":[{"href":"https:\/\/stylingagenten.com\/da\/wp-json\/wp\/v2\/media?parent=140107"}],"wp:term":[{"taxonomy":"product_brand","embeddable":true,"href":"https:\/\/stylingagenten.com\/da\/wp-json\/wp\/v2\/product_brand?post=140107"},{"taxonomy":"product_cat","embeddable":true,"href":"https:\/\/stylingagenten.com\/da\/wp-json\/wp\/v2\/product_cat?post=140107"},{"taxonomy":"product_tag","embeddable":true,"href":"https:\/\/stylingagenten.com\/da\/wp-json\/wp\/v2\/product_tag?post=140107"},{"taxonomy":"berocket_brand","embeddable":true,"href":"https:\/\/stylingagenten.com\/da\/wp-json\/wp\/v2\/berocket_brand?post=140107"}],"curies":[{"name":"wp","href":"https:\/\/api.w.org\/{rel}","templated":true}]}}