{"id":140033,"date":"2025-05-18T23:02:05","date_gmt":"2025-05-18T23:02:05","guid":{"rendered":"https:\/\/staging2.stylingagenten.com\/da\/produkt\/david-beckham-intimately-for-him-edt-75ml\/"},"modified":"2026-04-13T18:18:41","modified_gmt":"2026-04-13T18:18:41","slug":"david-beckham-intimately-for-him-edt-75ml","status":"publish","type":"product","link":"https:\/\/stylingagenten.com\/da\/produkt\/david-beckham-intimately-for-him-edt-75ml\/","title":{"rendered":"David Beckham Intimately For Him Edt 75ml"},"content":{"rendered":"<h1>David Beckham Intimately for Him er en moderne parfume med tr\u00e6agtig &amp; krydret duft, der udstr\u00e5ler varme og sensualitet.<\/h1>\n<p data-empty=\"true\"><\/p>\n<h2><strong>Duftnoter:<\/strong> bergamot, grapefrugt, kardemomme, viol, muskatn\u00f8d, stjerneanis, sandeltr\u00e6, patchouli &amp; rav<\/h2>\n<p><\/p>\n","protected":false},"excerpt":{"rendered":"<p>David Beckham Intimately for Him er en moderne parfume med tr\u00e6agtig &amp; krydret duft, der udstr\u00e5ler varme og sensualitet. Duftnoter: bergamot, grapefrugt, kardemomme, viol, muskatn\u00f8d, stjerneanis, sandeltr\u00e6, patchouli &amp; rav<\/p>\n","protected":false},"featured_media":140019,"comment_status":"open","ping_status":"closed","template":"","meta":{"_trash_the_other_posts":false},"product_brand":[],"product_cat":[1003,709],"product_tag":[2774],"berocket_brand":[1281],"class_list":{"0":"post-140033","1":"product","2":"type-product","3":"status-publish","4":"has-post-thumbnail","6":"product_cat-bestsellere","7":"product_cat-eau-de-toilette-mr","8":"product_tag-david-beckham-intimately-for-him-edt","9":"pa_brand-david-beckham","10":"pa_variant-75ml","11":"berocket_brand-david-beckham","13":"first","14":"instock","15":"sale","16":"taxable","17":"shipping-taxable","18":"purchasable","19":"product-type-simple"},"_links":{"self":[{"href":"https:\/\/stylingagenten.com\/da\/wp-json\/wp\/v2\/product\/140033","targetHints":{"allow":["GET"]}}],"collection":[{"href":"https:\/\/stylingagenten.com\/da\/wp-json\/wp\/v2\/product"}],"about":[{"href":"https:\/\/stylingagenten.com\/da\/wp-json\/wp\/v2\/types\/product"}],"replies":[{"embeddable":true,"href":"https:\/\/stylingagenten.com\/da\/wp-json\/wp\/v2\/comments?post=140033"}],"version-history":[{"count":0,"href":"https:\/\/stylingagenten.com\/da\/wp-json\/wp\/v2\/product\/140033\/revisions"}],"wp:featuredmedia":[{"embeddable":true,"href":"https:\/\/stylingagenten.com\/da\/wp-json\/wp\/v2\/media\/140019"}],"wp:attachment":[{"href":"https:\/\/stylingagenten.com\/da\/wp-json\/wp\/v2\/media?parent=140033"}],"wp:term":[{"taxonomy":"product_brand","embeddable":true,"href":"https:\/\/stylingagenten.com\/da\/wp-json\/wp\/v2\/product_brand?post=140033"},{"taxonomy":"product_cat","embeddable":true,"href":"https:\/\/stylingagenten.com\/da\/wp-json\/wp\/v2\/product_cat?post=140033"},{"taxonomy":"product_tag","embeddable":true,"href":"https:\/\/stylingagenten.com\/da\/wp-json\/wp\/v2\/product_tag?post=140033"},{"taxonomy":"berocket_brand","embeddable":true,"href":"https:\/\/stylingagenten.com\/da\/wp-json\/wp\/v2\/berocket_brand?post=140033"}],"curies":[{"name":"wp","href":"https:\/\/api.w.org\/{rel}","templated":true}]}}