{"id":140026,"date":"2025-05-18T23:02:03","date_gmt":"2025-05-18T23:02:03","guid":{"rendered":"https:\/\/staging2.stylingagenten.com\/da\/produkt\/calvin-klein-ck-be-edt-100ml\/"},"modified":"2026-04-13T21:37:29","modified_gmt":"2026-04-13T21:37:29","slug":"calvin-klein-ck-be-edt-100ml","status":"publish","type":"product","link":"https:\/\/stylingagenten.com\/da\/produkt\/calvin-klein-ck-be-edt-100ml\/","title":{"rendered":"Calvin Klein CK Be Edt 100ml"},"content":{"rendered":"<p>Calvin Klein CK Be er en klassisk unisex duft, der er noget fyldigere og mere orientalsk end CK One. Den dufter godt af bergamot, sandeltr\u00e6&auml; og rav.<\/p>\n<p><strong>Duftnoter:<\/strong> bergamot, mandarin, eneb\u00e6r, mynte, magnolia, fersken, krydderier, rav, sandeltr\u00e6; og tonkab&ouml;na.<\/p>\n","protected":false},"excerpt":{"rendered":"<p>Calvin Klein CK Be er en klassisk unisex duft, der er noget fyldigere og mere orientalsk end CK One. Den dufter godt af bergamot, sandeltr\u00e6&auml; og rav. Duftnoter: bergamot, mandarin, eneb\u00e6r, mynte, magnolia, fersken, krydderier, rav, sandeltr\u00e6; og tonkab&ouml;na.<\/p>\n","protected":false},"featured_media":140021,"comment_status":"open","ping_status":"closed","template":"","meta":{"_trash_the_other_posts":false},"product_brand":[],"product_cat":[1003,748,709,1006,713],"product_tag":[2633],"berocket_brand":[1014],"class_list":{"0":"post-140026","1":"product","2":"type-product","3":"status-publish","4":"has-post-thumbnail","6":"product_cat-bestsellere","7":"product_cat-calvin-klein-ck-be","8":"product_cat-eau-de-toilette-mr","9":"product_cat-kampagnepris","10":"product_cat-parfume-unisex","11":"product_tag-calvin-klein-ck-be-edt","12":"pa_brand-calvin-klein","13":"pa_variant-100ml","14":"berocket_brand-calvin-klein","16":"first","17":"instock","18":"sale","19":"taxable","20":"shipping-taxable","21":"purchasable","22":"product-type-simple"},"_links":{"self":[{"href":"https:\/\/stylingagenten.com\/da\/wp-json\/wp\/v2\/product\/140026","targetHints":{"allow":["GET"]}}],"collection":[{"href":"https:\/\/stylingagenten.com\/da\/wp-json\/wp\/v2\/product"}],"about":[{"href":"https:\/\/stylingagenten.com\/da\/wp-json\/wp\/v2\/types\/product"}],"replies":[{"embeddable":true,"href":"https:\/\/stylingagenten.com\/da\/wp-json\/wp\/v2\/comments?post=140026"}],"version-history":[{"count":0,"href":"https:\/\/stylingagenten.com\/da\/wp-json\/wp\/v2\/product\/140026\/revisions"}],"wp:featuredmedia":[{"embeddable":true,"href":"https:\/\/stylingagenten.com\/da\/wp-json\/wp\/v2\/media\/140021"}],"wp:attachment":[{"href":"https:\/\/stylingagenten.com\/da\/wp-json\/wp\/v2\/media?parent=140026"}],"wp:term":[{"taxonomy":"product_brand","embeddable":true,"href":"https:\/\/stylingagenten.com\/da\/wp-json\/wp\/v2\/product_brand?post=140026"},{"taxonomy":"product_cat","embeddable":true,"href":"https:\/\/stylingagenten.com\/da\/wp-json\/wp\/v2\/product_cat?post=140026"},{"taxonomy":"product_tag","embeddable":true,"href":"https:\/\/stylingagenten.com\/da\/wp-json\/wp\/v2\/product_tag?post=140026"},{"taxonomy":"berocket_brand","embeddable":true,"href":"https:\/\/stylingagenten.com\/da\/wp-json\/wp\/v2\/berocket_brand?post=140026"}],"curies":[{"name":"wp","href":"https:\/\/api.w.org\/{rel}","templated":true}]}}