{"id":140009,"date":"2025-05-18T23:01:59","date_gmt":"2025-05-18T23:01:59","guid":{"rendered":"https:\/\/staging2.stylingagenten.com\/da\/produkt\/hugo-boss-orange-man-edt-60ml\/"},"modified":"2025-11-19T10:36:40","modified_gmt":"2025-11-19T10:36:40","slug":"hugo-boss-orange-man-edt-60ml","status":"publish","type":"product","link":"https:\/\/stylingagenten.com\/da\/produkt\/hugo-boss-orange-man-edt-60ml\/","title":{"rendered":"Hugo Boss Orange Man Edt 60ml"},"content":{"rendered":"<p>Hugo Boss Man er en kraftfuld og passioneret duft, der passer til manden med en legende, spontan og afslappet attitude. Duften er intens med en blanding af vanilje, \u00e6ble og essenser fra det eksotiske afrikanske Bubinga-tr\u00e6. ;, kardemomme, salvie, Szechwan peber, r\u00f8gelse, vanilje, cedertr\u00e6&auml; &amp; patchouli.<\/p>\n<p>Hugo Boss Man (tidligere Hugo Boss Orange) i en ny opdateret emballage.&nbsp;<\/p>\n<p><\/p>\n","protected":false},"excerpt":{"rendered":"<p>Hugo Boss Man er en kraftfuld og passioneret duft, der passer til manden med en legende, spontan og afslappet attitude. Duften er intens med en blanding af vanilje, \u00e6ble og essenser fra det eksotiske afrikanske Bubinga-tr\u00e6. ;, kardemomme, salvie, Szechwan peber, r\u00f8gelse, vanilje, cedertr\u00e6&auml; &amp; patchouli. Hugo Boss Man (tidligere Hugo Boss Orange) i en [&hellip;]<\/p>\n","protected":false},"featured_media":140006,"comment_status":"open","ping_status":"closed","template":"","meta":{"_trash_the_other_posts":false},"product_brand":[],"product_cat":[709],"product_tag":[2998],"berocket_brand":[1339],"class_list":{"0":"post-140009","1":"product","2":"type-product","3":"status-publish","4":"has-post-thumbnail","6":"product_cat-eau-de-toilette-mr","7":"product_tag-hugo-boss-orange-man-edt","8":"pa_brand-hugo-boss","9":"pa_variant-60ml","10":"berocket_brand-hugo-boss","12":"first","13":"outofstock","14":"sale","15":"taxable","16":"shipping-taxable","17":"purchasable","18":"product-type-simple"},"_links":{"self":[{"href":"https:\/\/stylingagenten.com\/da\/wp-json\/wp\/v2\/product\/140009","targetHints":{"allow":["GET"]}}],"collection":[{"href":"https:\/\/stylingagenten.com\/da\/wp-json\/wp\/v2\/product"}],"about":[{"href":"https:\/\/stylingagenten.com\/da\/wp-json\/wp\/v2\/types\/product"}],"replies":[{"embeddable":true,"href":"https:\/\/stylingagenten.com\/da\/wp-json\/wp\/v2\/comments?post=140009"}],"version-history":[{"count":0,"href":"https:\/\/stylingagenten.com\/da\/wp-json\/wp\/v2\/product\/140009\/revisions"}],"wp:featuredmedia":[{"embeddable":true,"href":"https:\/\/stylingagenten.com\/da\/wp-json\/wp\/v2\/media\/140006"}],"wp:attachment":[{"href":"https:\/\/stylingagenten.com\/da\/wp-json\/wp\/v2\/media?parent=140009"}],"wp:term":[{"taxonomy":"product_brand","embeddable":true,"href":"https:\/\/stylingagenten.com\/da\/wp-json\/wp\/v2\/product_brand?post=140009"},{"taxonomy":"product_cat","embeddable":true,"href":"https:\/\/stylingagenten.com\/da\/wp-json\/wp\/v2\/product_cat?post=140009"},{"taxonomy":"product_tag","embeddable":true,"href":"https:\/\/stylingagenten.com\/da\/wp-json\/wp\/v2\/product_tag?post=140009"},{"taxonomy":"berocket_brand","embeddable":true,"href":"https:\/\/stylingagenten.com\/da\/wp-json\/wp\/v2\/berocket_brand?post=140009"}],"curies":[{"name":"wp","href":"https:\/\/api.w.org\/{rel}","templated":true}]}}