{"id":139988,"date":"2025-05-18T23:01:52","date_gmt":"2025-05-18T23:01:52","guid":{"rendered":"https:\/\/staging2.stylingagenten.com\/da\/produkt\/hugo-boss-boss-bottled-edt-30ml\/"},"modified":"2026-04-15T08:28:36","modified_gmt":"2026-04-15T08:28:36","slug":"hugo-boss-boss-bottled-edt-30ml","status":"publish","type":"product","link":"https:\/\/stylingagenten.com\/da\/produkt\/hugo-boss-boss-bottled-edt-30ml\/","title":{"rendered":"Hugo Boss Boss Bottled Edt 30ml"},"content":{"rendered":"<h1>Hugo Boss Bottled Edt er en frisk duft med en blanding af \u00e6ble, krydderier og sensuelle tr\u00e6noter.<br \/>En rigtig klassiker for den moderne mand.<\/h1>\n<p data-empty=\"true\"><\/p>\n<h2><strong>Duftnoter:<\/strong> bergamot, \u00e6ble, kanel, tagetes, nelliker, cedertr\u00e6, sandeltr\u00e6, patchouli, rav, vetiver &amp; oliventr\u00e6.<\/h2>\n","protected":false},"excerpt":{"rendered":"<p>Hugo Boss Bottled Edt er en frisk duft med en blanding af \u00e6ble, krydderier og sensuelle tr\u00e6noter.En rigtig klassiker for den moderne mand. Duftnoter: bergamot, \u00e6ble, kanel, tagetes, nelliker, cedertr\u00e6, sandeltr\u00e6, patchouli, rav, vetiver &amp; oliventr\u00e6.<\/p>\n","protected":false},"featured_media":139978,"comment_status":"open","ping_status":"closed","template":"","meta":{"_trash_the_other_posts":false},"product_brand":[],"product_cat":[709,1006],"product_tag":[2972],"berocket_brand":[1339],"class_list":{"0":"post-139988","1":"product","2":"type-product","3":"status-publish","4":"has-post-thumbnail","6":"product_cat-eau-de-toilette-mr","7":"product_cat-kampagnepris","8":"product_tag-hugo-boss-boss-bottled-edt","9":"pa_brand-hugo-boss","10":"pa_variant-30ml","11":"berocket_brand-hugo-boss","13":"first","14":"instock","15":"sale","16":"taxable","17":"shipping-taxable","18":"purchasable","19":"product-type-simple"},"_links":{"self":[{"href":"https:\/\/stylingagenten.com\/da\/wp-json\/wp\/v2\/product\/139988","targetHints":{"allow":["GET"]}}],"collection":[{"href":"https:\/\/stylingagenten.com\/da\/wp-json\/wp\/v2\/product"}],"about":[{"href":"https:\/\/stylingagenten.com\/da\/wp-json\/wp\/v2\/types\/product"}],"replies":[{"embeddable":true,"href":"https:\/\/stylingagenten.com\/da\/wp-json\/wp\/v2\/comments?post=139988"}],"version-history":[{"count":1,"href":"https:\/\/stylingagenten.com\/da\/wp-json\/wp\/v2\/product\/139988\/revisions"}],"predecessor-version":[{"id":2000684,"href":"https:\/\/stylingagenten.com\/da\/wp-json\/wp\/v2\/product\/139988\/revisions\/2000684"}],"wp:featuredmedia":[{"embeddable":true,"href":"https:\/\/stylingagenten.com\/da\/wp-json\/wp\/v2\/media\/139978"}],"wp:attachment":[{"href":"https:\/\/stylingagenten.com\/da\/wp-json\/wp\/v2\/media?parent=139988"}],"wp:term":[{"taxonomy":"product_brand","embeddable":true,"href":"https:\/\/stylingagenten.com\/da\/wp-json\/wp\/v2\/product_brand?post=139988"},{"taxonomy":"product_cat","embeddable":true,"href":"https:\/\/stylingagenten.com\/da\/wp-json\/wp\/v2\/product_cat?post=139988"},{"taxonomy":"product_tag","embeddable":true,"href":"https:\/\/stylingagenten.com\/da\/wp-json\/wp\/v2\/product_tag?post=139988"},{"taxonomy":"berocket_brand","embeddable":true,"href":"https:\/\/stylingagenten.com\/da\/wp-json\/wp\/v2\/berocket_brand?post=139988"}],"curies":[{"name":"wp","href":"https:\/\/api.w.org\/{rel}","templated":true}]}}