{"id":139985,"date":"2025-05-18T23:01:51","date_gmt":"2025-05-18T23:01:51","guid":{"rendered":"https:\/\/staging2.stylingagenten.com\/da\/produkt\/calvin-klein-ck-in2u-him-edt-50ml\/"},"modified":"2026-04-14T09:51:39","modified_gmt":"2026-04-14T09:51:39","slug":"calvin-klein-ck-in2u-him-edt-50ml","status":"publish","type":"product","link":"https:\/\/stylingagenten.com\/da\/produkt\/calvin-klein-ck-in2u-him-edt-50ml\/","title":{"rendered":"Calvin Klein CK IN2U Him Edt 50ml"},"content":{"rendered":"<p>Calvin Klein CK IN2U Him er en frisk, orientalsk og tr\u00e6agtig duft til dem, der lever i nuet.<\/p>\n<p><strong>Duftnoter:<\/strong> grapefrugtblad, lime, gin-fizz, frostet tangelo , kakaob\u00f8nne, pimento, gr\u00f8n mynte, moskus, vetiver og hvid ceder.<\/p>\n","protected":false},"excerpt":{"rendered":"<p>Calvin Klein CK IN2U Him er en frisk, orientalsk og tr\u00e6agtig duft til dem, der lever i nuet. Duftnoter: grapefrugtblad, lime, gin-fizz, frostet tangelo , kakaob\u00f8nne, pimento, gr\u00f8n mynte, moskus, vetiver og hvid ceder.<\/p>\n","protected":false},"featured_media":139977,"comment_status":"open","ping_status":"closed","template":"","meta":{"_trash_the_other_posts":false},"product_brand":[],"product_cat":[1003,746,709,735,1006,1000],"product_tag":[2637],"berocket_brand":[1014],"class_list":{"0":"post-139985","1":"product","2":"type-product","3":"status-publish","4":"has-post-thumbnail","6":"product_cat-bestsellere","7":"product_cat-calvin-klein-ck-in2u","8":"product_cat-eau-de-toilette-mr","9":"product_cat-kampagne","10":"product_cat-kampagnepris","11":"product_cat-kampagnetilbud-til-ham","12":"product_tag-calvin-klein-ck-in2u-him-edt","13":"pa_brand-calvin-klein","14":"pa_variant-50ml","15":"berocket_brand-calvin-klein","17":"first","18":"instock","19":"sale","20":"taxable","21":"shipping-taxable","22":"purchasable","23":"product-type-simple"},"_links":{"self":[{"href":"https:\/\/stylingagenten.com\/da\/wp-json\/wp\/v2\/product\/139985","targetHints":{"allow":["GET"]}}],"collection":[{"href":"https:\/\/stylingagenten.com\/da\/wp-json\/wp\/v2\/product"}],"about":[{"href":"https:\/\/stylingagenten.com\/da\/wp-json\/wp\/v2\/types\/product"}],"replies":[{"embeddable":true,"href":"https:\/\/stylingagenten.com\/da\/wp-json\/wp\/v2\/comments?post=139985"}],"version-history":[{"count":0,"href":"https:\/\/stylingagenten.com\/da\/wp-json\/wp\/v2\/product\/139985\/revisions"}],"wp:featuredmedia":[{"embeddable":true,"href":"https:\/\/stylingagenten.com\/da\/wp-json\/wp\/v2\/media\/139977"}],"wp:attachment":[{"href":"https:\/\/stylingagenten.com\/da\/wp-json\/wp\/v2\/media?parent=139985"}],"wp:term":[{"taxonomy":"product_brand","embeddable":true,"href":"https:\/\/stylingagenten.com\/da\/wp-json\/wp\/v2\/product_brand?post=139985"},{"taxonomy":"product_cat","embeddable":true,"href":"https:\/\/stylingagenten.com\/da\/wp-json\/wp\/v2\/product_cat?post=139985"},{"taxonomy":"product_tag","embeddable":true,"href":"https:\/\/stylingagenten.com\/da\/wp-json\/wp\/v2\/product_tag?post=139985"},{"taxonomy":"berocket_brand","embeddable":true,"href":"https:\/\/stylingagenten.com\/da\/wp-json\/wp\/v2\/berocket_brand?post=139985"}],"curies":[{"name":"wp","href":"https:\/\/api.w.org\/{rel}","templated":true}]}}