{"id":139974,"date":"2025-05-18T23:01:48","date_gmt":"2025-05-18T23:01:48","guid":{"rendered":"https:\/\/staging2.stylingagenten.com\/da\/produkt\/dior-fahrenheit-edt-50ml\/"},"modified":"2025-11-19T10:37:06","modified_gmt":"2025-11-19T10:37:06","slug":"dior-fahrenheit-edt-50ml","status":"publish","type":"product","link":"https:\/\/stylingagenten.com\/da\/produkt\/dior-fahrenheit-edt-50ml\/","title":{"rendered":"Dior Fahrenheit Edt 50ml"},"content":{"rendered":"<p>Dior Fahrenheit blev lanceret i 1988 og er en klassisk parfume fra Dior. Det er en maskulin og varm duft med en fed blanding af blomster, tr\u00e6 og tr\u00e6. og citrus.<\/p>\n<p><strong>Duftnoter:<\/strong> citron, havtorn, kaprifolier, viol, lavendel, l\u00e6der, sandeltr\u00e6, cedertr\u00e6; &amp; patchouli.<\/p>\n","protected":false},"excerpt":{"rendered":"<p>Dior Fahrenheit blev lanceret i 1988 og er en klassisk parfume fra Dior. Det er en maskulin og varm duft med en fed blanding af blomster, tr\u00e6 og tr\u00e6. og citrus. Duftnoter: citron, havtorn, kaprifolier, viol, lavendel, l\u00e6der, sandeltr\u00e6, cedertr\u00e6; &amp; patchouli.<\/p>\n","protected":false},"featured_media":139973,"comment_status":"open","ping_status":"closed","template":"","meta":{"_trash_the_other_posts":false},"product_brand":[],"product_cat":[709],"product_tag":[2812],"berocket_brand":[1289],"class_list":{"0":"post-139974","1":"product","2":"type-product","3":"status-publish","4":"has-post-thumbnail","6":"product_cat-eau-de-toilette-mr","7":"product_tag-dior-fahrenheit-edt","8":"pa_brand-dior","9":"pa_variant-50ml","10":"berocket_brand-dior","12":"first","13":"outofstock","14":"sale","15":"taxable","16":"shipping-taxable","17":"purchasable","18":"product-type-simple"},"_links":{"self":[{"href":"https:\/\/stylingagenten.com\/da\/wp-json\/wp\/v2\/product\/139974","targetHints":{"allow":["GET"]}}],"collection":[{"href":"https:\/\/stylingagenten.com\/da\/wp-json\/wp\/v2\/product"}],"about":[{"href":"https:\/\/stylingagenten.com\/da\/wp-json\/wp\/v2\/types\/product"}],"replies":[{"embeddable":true,"href":"https:\/\/stylingagenten.com\/da\/wp-json\/wp\/v2\/comments?post=139974"}],"version-history":[{"count":0,"href":"https:\/\/stylingagenten.com\/da\/wp-json\/wp\/v2\/product\/139974\/revisions"}],"wp:featuredmedia":[{"embeddable":true,"href":"https:\/\/stylingagenten.com\/da\/wp-json\/wp\/v2\/media\/139973"}],"wp:attachment":[{"href":"https:\/\/stylingagenten.com\/da\/wp-json\/wp\/v2\/media?parent=139974"}],"wp:term":[{"taxonomy":"product_brand","embeddable":true,"href":"https:\/\/stylingagenten.com\/da\/wp-json\/wp\/v2\/product_brand?post=139974"},{"taxonomy":"product_cat","embeddable":true,"href":"https:\/\/stylingagenten.com\/da\/wp-json\/wp\/v2\/product_cat?post=139974"},{"taxonomy":"product_tag","embeddable":true,"href":"https:\/\/stylingagenten.com\/da\/wp-json\/wp\/v2\/product_tag?post=139974"},{"taxonomy":"berocket_brand","embeddable":true,"href":"https:\/\/stylingagenten.com\/da\/wp-json\/wp\/v2\/berocket_brand?post=139974"}],"curies":[{"name":"wp","href":"https:\/\/api.w.org\/{rel}","templated":true}]}}