{"id":139972,"date":"2025-05-18T23:01:48","date_gmt":"2025-05-18T23:01:48","guid":{"rendered":"https:\/\/staging2.stylingagenten.com\/da\/produkt\/david-beckham-intimately-for-him-edt-30ml\/"},"modified":"2026-03-30T13:52:43","modified_gmt":"2026-03-30T13:52:43","slug":"david-beckham-intimately-for-him-edt-30ml","status":"publish","type":"product","link":"https:\/\/stylingagenten.com\/da\/produkt\/david-beckham-intimately-for-him-edt-30ml\/","title":{"rendered":"David Beckham Intimately For Him Edt 30ml"},"content":{"rendered":"<p>David Beckham er en moderne parfume med tr\u00e6agtige &amp; krydret duft, der udstr\u00e5ler varme og sensualitet.<\/p>\n<p><strong>Duftnoter:<\/strong> bergamot, grapefrugt, kardemomme, viol, muskatn\u00f8d, stjerneanis, sandeltr\u00e6, patchouli &amp; rav.<\/p>\n","protected":false},"excerpt":{"rendered":"<p>David Beckham er en moderne parfume med tr\u00e6agtige &amp; krydret duft, der udstr\u00e5ler varme og sensualitet. Duftnoter: bergamot, grapefrugt, kardemomme, viol, muskatn\u00f8d, stjerneanis, sandeltr\u00e6, patchouli &amp; rav.<\/p>\n","protected":false},"featured_media":139960,"comment_status":"open","ping_status":"closed","template":"","meta":{"_trash_the_other_posts":false},"product_brand":[],"product_cat":[752,709],"product_tag":[2774],"berocket_brand":[1281],"class_list":{"0":"post-139972","1":"product","2":"type-product","3":"status-publish","4":"has-post-thumbnail","6":"product_cat-david-beckham-intimately","7":"product_cat-eau-de-toilette-mr","8":"product_tag-david-beckham-intimately-for-him-edt","9":"pa_brand-david-beckham","10":"pa_variant-30ml","11":"berocket_brand-david-beckham","13":"first","14":"outofstock","15":"sale","16":"taxable","17":"shipping-taxable","18":"purchasable","19":"product-type-simple"},"_links":{"self":[{"href":"https:\/\/stylingagenten.com\/da\/wp-json\/wp\/v2\/product\/139972","targetHints":{"allow":["GET"]}}],"collection":[{"href":"https:\/\/stylingagenten.com\/da\/wp-json\/wp\/v2\/product"}],"about":[{"href":"https:\/\/stylingagenten.com\/da\/wp-json\/wp\/v2\/types\/product"}],"replies":[{"embeddable":true,"href":"https:\/\/stylingagenten.com\/da\/wp-json\/wp\/v2\/comments?post=139972"}],"version-history":[{"count":0,"href":"https:\/\/stylingagenten.com\/da\/wp-json\/wp\/v2\/product\/139972\/revisions"}],"wp:featuredmedia":[{"embeddable":true,"href":"https:\/\/stylingagenten.com\/da\/wp-json\/wp\/v2\/media\/139960"}],"wp:attachment":[{"href":"https:\/\/stylingagenten.com\/da\/wp-json\/wp\/v2\/media?parent=139972"}],"wp:term":[{"taxonomy":"product_brand","embeddable":true,"href":"https:\/\/stylingagenten.com\/da\/wp-json\/wp\/v2\/product_brand?post=139972"},{"taxonomy":"product_cat","embeddable":true,"href":"https:\/\/stylingagenten.com\/da\/wp-json\/wp\/v2\/product_cat?post=139972"},{"taxonomy":"product_tag","embeddable":true,"href":"https:\/\/stylingagenten.com\/da\/wp-json\/wp\/v2\/product_tag?post=139972"},{"taxonomy":"berocket_brand","embeddable":true,"href":"https:\/\/stylingagenten.com\/da\/wp-json\/wp\/v2\/berocket_brand?post=139972"}],"curies":[{"name":"wp","href":"https:\/\/api.w.org\/{rel}","templated":true}]}}