{"id":139970,"date":"2025-05-18T23:01:47","date_gmt":"2025-05-18T23:01:47","guid":{"rendered":"https:\/\/staging2.stylingagenten.com\/da\/produkt\/hugo-boss-hugo-xy-edt-100ml\/"},"modified":"2026-03-25T19:58:43","modified_gmt":"2026-03-25T19:58:43","slug":"hugo-boss-hugo-xy-edt-100ml","status":"publish","type":"product","link":"https:\/\/stylingagenten.com\/da\/produkt\/hugo-boss-hugo-xy-edt-100ml\/","title":{"rendered":"Hugo Boss Hugo XY Edt 100ml"},"content":{"rendered":"<p>Hugo Boss Hugo XY blev lanceret i 2007 og er en mere moden side af Hugo. Den har en fascinerende gr\u00f8n duft med noter af basilikum, p\u00e6reblad og bergamot.<\/p>\n<p><strong>Duftnoter:<\/strong> bergamot, p\u00e6reblad, t\u00f8rret citron, mynte, basilikum, knust is, patchouli, Libanesisk cedertr\u00e6 &auml; &amp; moskus.<\/p>\n","protected":false},"excerpt":{"rendered":"<p>Hugo Boss Hugo XY blev lanceret i 2007 og er en mere moden side af Hugo. Den har en fascinerende gr\u00f8n duft med noter af basilikum, p\u00e6reblad og bergamot. Duftnoter: bergamot, p\u00e6reblad, t\u00f8rret citron, mynte, basilikum, knust is, patchouli, Libanesisk cedertr\u00e6 &auml; &amp; moskus.<\/p>\n","protected":false},"featured_media":139965,"comment_status":"open","ping_status":"closed","template":"","meta":{"_trash_the_other_posts":false},"product_brand":[],"product_cat":[1003,709,735,1000],"product_tag":[2993],"berocket_brand":[1339],"class_list":{"0":"post-139970","1":"product","2":"type-product","3":"status-publish","4":"has-post-thumbnail","6":"product_cat-bestsellere","7":"product_cat-eau-de-toilette-mr","8":"product_cat-kampagne","9":"product_cat-kampagnetilbud-til-ham","10":"product_tag-hugo-boss-hugo-xy-edt","11":"pa_brand-hugo-boss","12":"pa_variant-100ml","13":"berocket_brand-hugo-boss","15":"first","16":"outofstock","17":"sale","18":"taxable","19":"shipping-taxable","20":"purchasable","21":"product-type-simple"},"_links":{"self":[{"href":"https:\/\/stylingagenten.com\/da\/wp-json\/wp\/v2\/product\/139970","targetHints":{"allow":["GET"]}}],"collection":[{"href":"https:\/\/stylingagenten.com\/da\/wp-json\/wp\/v2\/product"}],"about":[{"href":"https:\/\/stylingagenten.com\/da\/wp-json\/wp\/v2\/types\/product"}],"replies":[{"embeddable":true,"href":"https:\/\/stylingagenten.com\/da\/wp-json\/wp\/v2\/comments?post=139970"}],"version-history":[{"count":0,"href":"https:\/\/stylingagenten.com\/da\/wp-json\/wp\/v2\/product\/139970\/revisions"}],"wp:featuredmedia":[{"embeddable":true,"href":"https:\/\/stylingagenten.com\/da\/wp-json\/wp\/v2\/media\/139965"}],"wp:attachment":[{"href":"https:\/\/stylingagenten.com\/da\/wp-json\/wp\/v2\/media?parent=139970"}],"wp:term":[{"taxonomy":"product_brand","embeddable":true,"href":"https:\/\/stylingagenten.com\/da\/wp-json\/wp\/v2\/product_brand?post=139970"},{"taxonomy":"product_cat","embeddable":true,"href":"https:\/\/stylingagenten.com\/da\/wp-json\/wp\/v2\/product_cat?post=139970"},{"taxonomy":"product_tag","embeddable":true,"href":"https:\/\/stylingagenten.com\/da\/wp-json\/wp\/v2\/product_tag?post=139970"},{"taxonomy":"berocket_brand","embeddable":true,"href":"https:\/\/stylingagenten.com\/da\/wp-json\/wp\/v2\/berocket_brand?post=139970"}],"curies":[{"name":"wp","href":"https:\/\/api.w.org\/{rel}","templated":true}]}}