{"id":139842,"date":"2025-05-18T23:01:11","date_gmt":"2025-05-18T23:01:11","guid":{"rendered":"https:\/\/staging2.stylingagenten.com\/da\/produkt\/mont-blanc-emblem-absolu-edt-100ml\/"},"modified":"2026-01-15T23:26:33","modified_gmt":"2026-01-15T23:26:33","slug":"mont-blanc-emblem-absolu-edt-100ml","status":"publish","type":"product","link":"https:\/\/stylingagenten.com\/da\/produkt\/mont-blanc-emblem-absolu-edt-100ml\/","title":{"rendered":"Mont Blanc Emblem Absolu Edt 100ml"},"content":{"rendered":"<p>EMBLEM ABSOLU &auml; er kontrasternes spil mellem varmt karismatisk tr\u00e6&auml; og livlige k\u00f8lige krydderier. <br \/>De tr\u00e6kkes til hinanden som magneter, der smelter sammen for at skabe den fascinerende energi, der dominerer alt og fremkalder et uimodst\u00e5eligt tr\u00e6.<\/p>\n<p>Topnoter: p\u00e6re, mandarin, kardemomme<br \/>Hovednoter: lavendel , rose&eacute;peber, frugt og honning<br \/>Basenoter: Vetiver, patchouli, krystalmos<\/p>\n","protected":false},"excerpt":{"rendered":"<p>EMBLEM ABSOLU &auml; er kontrasternes spil mellem varmt karismatisk tr\u00e6&auml; og livlige k\u00f8lige krydderier. De tr\u00e6kkes til hinanden som magneter, der smelter sammen for at skabe den fascinerende energi, der dominerer alt og fremkalder et uimodst\u00e5eligt tr\u00e6. Topnoter: p\u00e6re, mandarin, kardemommeHovednoter: lavendel , rose&eacute;peber, frugt og honningBasenoter: Vetiver, patchouli, krystalmos<\/p>\n","protected":false},"featured_media":139838,"comment_status":"open","ping_status":"closed","template":"","meta":{"_trash_the_other_posts":false},"product_brand":[],"product_cat":[709],"product_tag":[],"berocket_brand":[1079],"class_list":{"0":"post-139842","1":"product","2":"type-product","3":"status-publish","4":"has-post-thumbnail","6":"product_cat-eau-de-toilette-mr","7":"pa_brand-mont-blanc","8":"berocket_brand-mont-blanc","10":"first","11":"outofstock","12":"sale","13":"taxable","14":"shipping-taxable","15":"purchasable","16":"product-type-simple"},"_links":{"self":[{"href":"https:\/\/stylingagenten.com\/da\/wp-json\/wp\/v2\/product\/139842","targetHints":{"allow":["GET"]}}],"collection":[{"href":"https:\/\/stylingagenten.com\/da\/wp-json\/wp\/v2\/product"}],"about":[{"href":"https:\/\/stylingagenten.com\/da\/wp-json\/wp\/v2\/types\/product"}],"replies":[{"embeddable":true,"href":"https:\/\/stylingagenten.com\/da\/wp-json\/wp\/v2\/comments?post=139842"}],"version-history":[{"count":0,"href":"https:\/\/stylingagenten.com\/da\/wp-json\/wp\/v2\/product\/139842\/revisions"}],"wp:featuredmedia":[{"embeddable":true,"href":"https:\/\/stylingagenten.com\/da\/wp-json\/wp\/v2\/media\/139838"}],"wp:attachment":[{"href":"https:\/\/stylingagenten.com\/da\/wp-json\/wp\/v2\/media?parent=139842"}],"wp:term":[{"taxonomy":"product_brand","embeddable":true,"href":"https:\/\/stylingagenten.com\/da\/wp-json\/wp\/v2\/product_brand?post=139842"},{"taxonomy":"product_cat","embeddable":true,"href":"https:\/\/stylingagenten.com\/da\/wp-json\/wp\/v2\/product_cat?post=139842"},{"taxonomy":"product_tag","embeddable":true,"href":"https:\/\/stylingagenten.com\/da\/wp-json\/wp\/v2\/product_tag?post=139842"},{"taxonomy":"berocket_brand","embeddable":true,"href":"https:\/\/stylingagenten.com\/da\/wp-json\/wp\/v2\/berocket_brand?post=139842"}],"curies":[{"name":"wp","href":"https:\/\/api.w.org\/{rel}","templated":true}]}}