{"id":139819,"date":"2025-05-18T23:01:04","date_gmt":"2025-05-18T23:01:04","guid":{"rendered":"https:\/\/staging2.stylingagenten.com\/da\/produkt\/pierre-cardin-men-edc-80ml\/"},"modified":"2026-04-13T22:47:29","modified_gmt":"2026-04-13T22:47:29","slug":"pierre-cardin-men-edc-80ml","status":"publish","type":"product","link":"https:\/\/stylingagenten.com\/da\/produkt\/pierre-cardin-men-edc-80ml\/","title":{"rendered":"Pierre Cardin Men Edc 80ml"},"content":{"rendered":"<p>Pierre Cardin blev introduceret i 1972.<br \/>Duften er klassisk og maskulin og er en velafbalanceret sammens\u00e6tning mellem rav, patchouli og sandeltr\u00e6. som giver en frisk, krydret parfume.&nbsp;<\/p>\n<p>Duftnoter: rav, patchouli og sandeltr\u00e6<\/p>\n","protected":false},"excerpt":{"rendered":"<p>Pierre Cardin blev introduceret i 1972.Duften er klassisk og maskulin og er en velafbalanceret sammens\u00e6tning mellem rav, patchouli og sandeltr\u00e6. som giver en frisk, krydret parfume.&nbsp; Duftnoter: rav, patchouli og sandeltr\u00e6<\/p>\n","protected":false},"featured_media":139816,"comment_status":"open","ping_status":"closed","template":"","meta":{"_trash_the_other_posts":false},"product_brand":[],"product_cat":[710,735,1000],"product_tag":[],"berocket_brand":[1152],"class_list":{"0":"post-139819","1":"product","2":"type-product","3":"status-publish","4":"has-post-thumbnail","6":"product_cat-eau-de-cologne-mister","7":"product_cat-kampagne","8":"product_cat-kampagnetilbud-til-ham","9":"pa_brand-pierre-cardin","10":"berocket_brand-pierre-cardin","12":"first","13":"instock","14":"sale","15":"taxable","16":"shipping-taxable","17":"purchasable","18":"product-type-simple"},"_links":{"self":[{"href":"https:\/\/stylingagenten.com\/da\/wp-json\/wp\/v2\/product\/139819","targetHints":{"allow":["GET"]}}],"collection":[{"href":"https:\/\/stylingagenten.com\/da\/wp-json\/wp\/v2\/product"}],"about":[{"href":"https:\/\/stylingagenten.com\/da\/wp-json\/wp\/v2\/types\/product"}],"replies":[{"embeddable":true,"href":"https:\/\/stylingagenten.com\/da\/wp-json\/wp\/v2\/comments?post=139819"}],"version-history":[{"count":0,"href":"https:\/\/stylingagenten.com\/da\/wp-json\/wp\/v2\/product\/139819\/revisions"}],"wp:featuredmedia":[{"embeddable":true,"href":"https:\/\/stylingagenten.com\/da\/wp-json\/wp\/v2\/media\/139816"}],"wp:attachment":[{"href":"https:\/\/stylingagenten.com\/da\/wp-json\/wp\/v2\/media?parent=139819"}],"wp:term":[{"taxonomy":"product_brand","embeddable":true,"href":"https:\/\/stylingagenten.com\/da\/wp-json\/wp\/v2\/product_brand?post=139819"},{"taxonomy":"product_cat","embeddable":true,"href":"https:\/\/stylingagenten.com\/da\/wp-json\/wp\/v2\/product_cat?post=139819"},{"taxonomy":"product_tag","embeddable":true,"href":"https:\/\/stylingagenten.com\/da\/wp-json\/wp\/v2\/product_tag?post=139819"},{"taxonomy":"berocket_brand","embeddable":true,"href":"https:\/\/stylingagenten.com\/da\/wp-json\/wp\/v2\/berocket_brand?post=139819"}],"curies":[{"name":"wp","href":"https:\/\/api.w.org\/{rel}","templated":true}]}}