{"id":139814,"date":"2025-05-18T23:01:03","date_gmt":"2025-05-18T23:01:03","guid":{"rendered":"https:\/\/staging2.stylingagenten.com\/da\/produkt\/paco-rabanne-ultraviolet-man-edt-100ml\/"},"modified":"2026-03-11T22:01:29","modified_gmt":"2026-03-11T22:01:29","slug":"paco-rabanne-ultraviolet-man-edt-100ml","status":"publish","type":"product","link":"https:\/\/stylingagenten.com\/da\/produkt\/paco-rabanne-ultraviolet-man-edt-100ml\/","title":{"rendered":"Paco Rabanne Ultraviolet Man Edt 100ml"},"content":{"rendered":"<p>Ultraviolet Man fra det franske modehus Paco Rabanne er en intens og sofistikeret herreduft inspireret af nutidens og fremtidens revolutionerende teknologi. Ultraviolet man er en innovativ duftsammens\u00e6tning med skarpe noter, der stimulerer sanserne p\u00e5 en helt unik s\u00f8d.&nbsp;<\/p>\n<p>Topnoter: ambra, mynte<br \/>Hjertenoter: vetiver, sort peber, krydderier<br \/>Basenoter: mos, vanilje<\/p>\n","protected":false},"excerpt":{"rendered":"<p>Ultraviolet Man fra det franske modehus Paco Rabanne er en intens og sofistikeret herreduft inspireret af nutidens og fremtidens revolutionerende teknologi. Ultraviolet man er en innovativ duftsammens\u00e6tning med skarpe noter, der stimulerer sanserne p\u00e5 en helt unik s\u00f8d.&nbsp; Topnoter: ambra, mynteHjertenoter: vetiver, sort peber, krydderierBasenoter: mos, vanilje<\/p>\n","protected":false},"featured_media":139809,"comment_status":"open","ping_status":"closed","template":"","meta":{"_trash_the_other_posts":false},"product_brand":[],"product_cat":[1003,709,735,1000],"product_tag":[3742],"berocket_brand":[1048],"class_list":{"0":"post-139814","1":"product","2":"type-product","3":"status-publish","4":"has-post-thumbnail","6":"product_cat-bestsellere","7":"product_cat-eau-de-toilette-mr","8":"product_cat-kampagne","9":"product_cat-kampagnetilbud-til-ham","10":"product_tag-paco-rabanne-ultraviolet-man-edt","11":"pa_brand-paco-rabanne","12":"pa_variant-100ml","13":"berocket_brand-paco-rabanne","15":"first","16":"instock","17":"sale","18":"taxable","19":"shipping-taxable","20":"purchasable","21":"product-type-simple"},"_links":{"self":[{"href":"https:\/\/stylingagenten.com\/da\/wp-json\/wp\/v2\/product\/139814","targetHints":{"allow":["GET"]}}],"collection":[{"href":"https:\/\/stylingagenten.com\/da\/wp-json\/wp\/v2\/product"}],"about":[{"href":"https:\/\/stylingagenten.com\/da\/wp-json\/wp\/v2\/types\/product"}],"replies":[{"embeddable":true,"href":"https:\/\/stylingagenten.com\/da\/wp-json\/wp\/v2\/comments?post=139814"}],"version-history":[{"count":0,"href":"https:\/\/stylingagenten.com\/da\/wp-json\/wp\/v2\/product\/139814\/revisions"}],"wp:featuredmedia":[{"embeddable":true,"href":"https:\/\/stylingagenten.com\/da\/wp-json\/wp\/v2\/media\/139809"}],"wp:attachment":[{"href":"https:\/\/stylingagenten.com\/da\/wp-json\/wp\/v2\/media?parent=139814"}],"wp:term":[{"taxonomy":"product_brand","embeddable":true,"href":"https:\/\/stylingagenten.com\/da\/wp-json\/wp\/v2\/product_brand?post=139814"},{"taxonomy":"product_cat","embeddable":true,"href":"https:\/\/stylingagenten.com\/da\/wp-json\/wp\/v2\/product_cat?post=139814"},{"taxonomy":"product_tag","embeddable":true,"href":"https:\/\/stylingagenten.com\/da\/wp-json\/wp\/v2\/product_tag?post=139814"},{"taxonomy":"berocket_brand","embeddable":true,"href":"https:\/\/stylingagenten.com\/da\/wp-json\/wp\/v2\/berocket_brand?post=139814"}],"curies":[{"name":"wp","href":"https:\/\/api.w.org\/{rel}","templated":true}]}}