{"id":139784,"date":"2025-05-18T23:00:55","date_gmt":"2025-05-18T23:00:55","guid":{"rendered":"https:\/\/staging2.stylingagenten.com\/da\/produkt\/4711-original-edc-200ml\/"},"modified":"2026-03-30T13:38:30","modified_gmt":"2026-03-30T13:38:30","slug":"4711-original-edc-200ml","status":"publish","type":"product","link":"https:\/\/stylingagenten.com\/da\/produkt\/4711-original-edc-200ml\/","title":{"rendered":"4711 Original Edc 200ml"},"content":{"rendered":"<p><strong>4711 Original Eau de Cologne Echt K&ouml;lnisch Wasser 200ml<\/strong><\/p>\n<p>4711 er et af de \u00e6ldste m\u00e6rker i dag og er anerkendt over hele verden &ouml;ver. 4711 kaldes normalt &quot;mirakelvandet&quot; og siges at v\u00e6re grundlaget for alle colognes. Dens hemmelige formel er stadig meget popul\u00e6r i dag, og den betragtes som en klassiker fra fortiden. Dens topnoter best\u00e5r af bergamot, citron og appelsin med et hjerte af lavendel og rosmarin. Basen kommer fra appelsinblomstolie (neroli).<\/p>\n<p>De n\u00f8je udvalgte ingredienser i 4711 Original Eau de Cologne har en positiv effekt p\u00e5; krop, sind og sj\u00e6l.<\/p>\n<p>Topnoter: Bergamot, citron og appelsin giver en revitaliserende f\u00f8lelse.<br \/>Hjertenoter: Lavendel og rosmarin har en beroligende, afslappende effekt og styrker dine nerver.<br \/>Basis noter: Appelsinblomstolie (neroli), udvundet af appelsinblomster, er ekstremt beroligende og bidrager til en positiv indstilling.<\/p>\n","protected":false},"excerpt":{"rendered":"<p>4711 Original Eau de Cologne Echt K&ouml;lnisch Wasser 200ml 4711 er et af de \u00e6ldste m\u00e6rker i dag og er anerkendt over hele verden &ouml;ver. 4711 kaldes normalt &quot;mirakelvandet&quot; og siges at v\u00e6re grundlaget for alle colognes. Dens hemmelige formel er stadig meget popul\u00e6r i dag, og den betragtes som en klassiker fra fortiden. Dens [&hellip;]<\/p>\n","protected":false},"featured_media":139778,"comment_status":"open","ping_status":"closed","template":"","meta":{"_trash_the_other_posts":false},"product_brand":[],"product_cat":[984,710,735,1000],"product_tag":[2321],"berocket_brand":[1276],"class_list":{"0":"post-139784","1":"product","2":"type-product","3":"status-publish","4":"has-post-thumbnail","6":"product_cat-4711-original-edc","7":"product_cat-eau-de-cologne-mister","8":"product_cat-kampagne","9":"product_cat-kampagnetilbud-til-ham","10":"product_tag-4711-original-edc","11":"pa_brand-1793","12":"pa_variant-200ml","13":"berocket_brand-1276","15":"first","16":"instock","17":"sale","18":"taxable","19":"shipping-taxable","20":"purchasable","21":"product-type-simple"},"_links":{"self":[{"href":"https:\/\/stylingagenten.com\/da\/wp-json\/wp\/v2\/product\/139784","targetHints":{"allow":["GET"]}}],"collection":[{"href":"https:\/\/stylingagenten.com\/da\/wp-json\/wp\/v2\/product"}],"about":[{"href":"https:\/\/stylingagenten.com\/da\/wp-json\/wp\/v2\/types\/product"}],"replies":[{"embeddable":true,"href":"https:\/\/stylingagenten.com\/da\/wp-json\/wp\/v2\/comments?post=139784"}],"version-history":[{"count":0,"href":"https:\/\/stylingagenten.com\/da\/wp-json\/wp\/v2\/product\/139784\/revisions"}],"wp:featuredmedia":[{"embeddable":true,"href":"https:\/\/stylingagenten.com\/da\/wp-json\/wp\/v2\/media\/139778"}],"wp:attachment":[{"href":"https:\/\/stylingagenten.com\/da\/wp-json\/wp\/v2\/media?parent=139784"}],"wp:term":[{"taxonomy":"product_brand","embeddable":true,"href":"https:\/\/stylingagenten.com\/da\/wp-json\/wp\/v2\/product_brand?post=139784"},{"taxonomy":"product_cat","embeddable":true,"href":"https:\/\/stylingagenten.com\/da\/wp-json\/wp\/v2\/product_cat?post=139784"},{"taxonomy":"product_tag","embeddable":true,"href":"https:\/\/stylingagenten.com\/da\/wp-json\/wp\/v2\/product_tag?post=139784"},{"taxonomy":"berocket_brand","embeddable":true,"href":"https:\/\/stylingagenten.com\/da\/wp-json\/wp\/v2\/berocket_brand?post=139784"}],"curies":[{"name":"wp","href":"https:\/\/api.w.org\/{rel}","templated":true}]}}