{"id":139783,"date":"2025-05-18T23:00:55","date_gmt":"2025-05-18T23:00:55","guid":{"rendered":"https:\/\/staging2.stylingagenten.com\/da\/produkt\/hermes-un-jardin-sur-le-toit-edt-50-ml\/"},"modified":"2026-03-25T14:28:06","modified_gmt":"2026-03-25T14:28:06","slug":"hermes-un-jardin-sur-le-toit-edt-50-ml","status":"publish","type":"product","link":"https:\/\/stylingagenten.com\/da\/produkt\/hermes-un-jardin-sur-le-toit-edt-50-ml\/","title":{"rendered":"Hermes Un Jardin Sur Le Toit Edt 50 ml"},"content":{"rendered":"<p>Un Jardin sur le Toit Eau de Toilette er en livlig unsiex-duft fra Herm&eacute;s. Denne parfume beskriver et hemmeligt tr\u00e6hus i hjertet af byen Paris. En h\u00e6ngende tr\u00e6v\u00e6g, som er placeret p\u00e5 taget af huset Herm&egrave;s p\u00e5 24, faubourg Saint-Honor&eacute;. Et \u00e6bletr\u00e6, et p\u00e6retr\u00e6, duften af \u200b\u200bvildt gr\u00e6s og et strejf af magnolia i den parisiske luft skaber denne duft af lys og gl\u00e6de, dragende og fuld af latter. Den har en gr\u00f8n duft med noter af roser, p\u00e6re, \u00e6ble og gr\u00f8nt vildt gr\u00e6s.<\/p>\n","protected":false},"excerpt":{"rendered":"<p>Un Jardin sur le Toit Eau de Toilette er en livlig unsiex-duft fra Herm&eacute;s. Denne parfume beskriver et hemmeligt tr\u00e6hus i hjertet af byen Paris. En h\u00e6ngende tr\u00e6v\u00e6g, som er placeret p\u00e5 taget af huset Herm&egrave;s p\u00e5 24, faubourg Saint-Honor&eacute;. Et \u00e6bletr\u00e6, et p\u00e6retr\u00e6, duften af \u200b\u200bvildt gr\u00e6s og et strejf af magnolia i den [&hellip;]<\/p>\n","protected":false},"featured_media":139779,"comment_status":"open","ping_status":"closed","template":"","meta":{"_trash_the_other_posts":false},"product_brand":[],"product_cat":[709,735,1000],"product_tag":[],"berocket_brand":[1337],"class_list":{"0":"post-139783","1":"product","2":"type-product","3":"status-publish","4":"has-post-thumbnail","6":"product_cat-eau-de-toilette-mr","7":"product_cat-kampagne","8":"product_cat-kampagnetilbud-til-ham","9":"pa_brand-hermes","10":"berocket_brand-hermes","12":"first","13":"instock","14":"sale","15":"taxable","16":"shipping-taxable","17":"purchasable","18":"product-type-simple"},"_links":{"self":[{"href":"https:\/\/stylingagenten.com\/da\/wp-json\/wp\/v2\/product\/139783","targetHints":{"allow":["GET"]}}],"collection":[{"href":"https:\/\/stylingagenten.com\/da\/wp-json\/wp\/v2\/product"}],"about":[{"href":"https:\/\/stylingagenten.com\/da\/wp-json\/wp\/v2\/types\/product"}],"replies":[{"embeddable":true,"href":"https:\/\/stylingagenten.com\/da\/wp-json\/wp\/v2\/comments?post=139783"}],"version-history":[{"count":0,"href":"https:\/\/stylingagenten.com\/da\/wp-json\/wp\/v2\/product\/139783\/revisions"}],"wp:featuredmedia":[{"embeddable":true,"href":"https:\/\/stylingagenten.com\/da\/wp-json\/wp\/v2\/media\/139779"}],"wp:attachment":[{"href":"https:\/\/stylingagenten.com\/da\/wp-json\/wp\/v2\/media?parent=139783"}],"wp:term":[{"taxonomy":"product_brand","embeddable":true,"href":"https:\/\/stylingagenten.com\/da\/wp-json\/wp\/v2\/product_brand?post=139783"},{"taxonomy":"product_cat","embeddable":true,"href":"https:\/\/stylingagenten.com\/da\/wp-json\/wp\/v2\/product_cat?post=139783"},{"taxonomy":"product_tag","embeddable":true,"href":"https:\/\/stylingagenten.com\/da\/wp-json\/wp\/v2\/product_tag?post=139783"},{"taxonomy":"berocket_brand","embeddable":true,"href":"https:\/\/stylingagenten.com\/da\/wp-json\/wp\/v2\/berocket_brand?post=139783"}],"curies":[{"name":"wp","href":"https:\/\/api.w.org\/{rel}","templated":true}]}}