{"id":139711,"date":"2025-05-18T23:00:33","date_gmt":"2025-05-18T23:00:33","guid":{"rendered":"https:\/\/staging2.stylingagenten.com\/da\/produkt\/guerlain-habit-rouge-edp-100ml\/"},"modified":"2026-03-26T18:22:59","modified_gmt":"2026-03-26T18:22:59","slug":"guerlain-habit-rouge-edp-100ml","status":"publish","type":"product","link":"https:\/\/stylingagenten.com\/da\/produkt\/guerlain-habit-rouge-edp-100ml\/","title":{"rendered":"Guerlain Habit Rouge Edp 100ml"},"content":{"rendered":"<p>Guerlain Habit Rouge tilbyder en sofistikeret og velafbalanceret duftkompot, der fungerer godt i l\u00f8bet af dagen og er s\u00e6rligt velegnet til den aktive mand midt i livet.<br \/>Topnoter: Bergamot, appelsin, basilikum, lime og brasiliansk palisander. <br \/>Hjertenoter: Jasmin, rose, cedertr\u00e6, patchouli, sandeltr\u00e6, kanel og nelliker<br \/>Basenoter: Vanilje, rav, egemos, benzoin, labdanum og l\u00e6der<\/p>\n","protected":false},"excerpt":{"rendered":"<p>Guerlain Habit Rouge tilbyder en sofistikeret og velafbalanceret duftkompot, der fungerer godt i l\u00f8bet af dagen og er s\u00e6rligt velegnet til den aktive mand midt i livet.Topnoter: Bergamot, appelsin, basilikum, lime og brasiliansk palisander. Hjertenoter: Jasmin, rose, cedertr\u00e6, patchouli, sandeltr\u00e6, kanel og nellikerBasenoter: Vanilje, rav, egemos, benzoin, labdanum og l\u00e6der<\/p>\n","protected":false},"featured_media":139708,"comment_status":"open","ping_status":"closed","template":"","meta":{"_trash_the_other_posts":false},"product_brand":[],"product_cat":[709,735,1000],"product_tag":[],"berocket_brand":[1330],"class_list":{"0":"post-139711","1":"product","2":"type-product","3":"status-publish","4":"has-post-thumbnail","6":"product_cat-eau-de-toilette-mr","7":"product_cat-kampagne","8":"product_cat-kampagnetilbud-til-ham","9":"pa_brand-guerlain","10":"berocket_brand-guerlain","12":"first","13":"instock","14":"sale","15":"taxable","16":"shipping-taxable","17":"purchasable","18":"product-type-simple"},"_links":{"self":[{"href":"https:\/\/stylingagenten.com\/da\/wp-json\/wp\/v2\/product\/139711","targetHints":{"allow":["GET"]}}],"collection":[{"href":"https:\/\/stylingagenten.com\/da\/wp-json\/wp\/v2\/product"}],"about":[{"href":"https:\/\/stylingagenten.com\/da\/wp-json\/wp\/v2\/types\/product"}],"replies":[{"embeddable":true,"href":"https:\/\/stylingagenten.com\/da\/wp-json\/wp\/v2\/comments?post=139711"}],"version-history":[{"count":0,"href":"https:\/\/stylingagenten.com\/da\/wp-json\/wp\/v2\/product\/139711\/revisions"}],"wp:featuredmedia":[{"embeddable":true,"href":"https:\/\/stylingagenten.com\/da\/wp-json\/wp\/v2\/media\/139708"}],"wp:attachment":[{"href":"https:\/\/stylingagenten.com\/da\/wp-json\/wp\/v2\/media?parent=139711"}],"wp:term":[{"taxonomy":"product_brand","embeddable":true,"href":"https:\/\/stylingagenten.com\/da\/wp-json\/wp\/v2\/product_brand?post=139711"},{"taxonomy":"product_cat","embeddable":true,"href":"https:\/\/stylingagenten.com\/da\/wp-json\/wp\/v2\/product_cat?post=139711"},{"taxonomy":"product_tag","embeddable":true,"href":"https:\/\/stylingagenten.com\/da\/wp-json\/wp\/v2\/product_tag?post=139711"},{"taxonomy":"berocket_brand","embeddable":true,"href":"https:\/\/stylingagenten.com\/da\/wp-json\/wp\/v2\/berocket_brand?post=139711"}],"curies":[{"name":"wp","href":"https:\/\/api.w.org\/{rel}","templated":true}]}}