{"id":139667,"date":"2025-05-18T23:00:20","date_gmt":"2025-05-18T23:00:20","guid":{"rendered":"https:\/\/staging2.stylingagenten.com\/da\/produkt\/prada-luna-rossa-edt-50ml\/"},"modified":"2026-03-26T18:22:50","modified_gmt":"2026-03-26T18:22:50","slug":"prada-luna-rossa-edt-50ml","status":"publish","type":"product","link":"https:\/\/stylingagenten.com\/da\/produkt\/prada-luna-rossa-edt-50ml\/","title":{"rendered":"Prada Luna Rossa Edt 50ml"},"content":{"rendered":"<p>Prada Luna Rossa Edt er en maskulin duft, der fortolker de klassiske ingredienser. Styrke og dynamisk energi kombineres i en b\u00f8lge af aromaer, mens signaturen er subtil og sensuel. I duftens rygrad finder vi lavendel, en naturlig og genkendelig duft, der n\u00e5r sin gr\u00e6nse i en moderne, unik fortolkning. I hjertet finder vi salvie og uds\u00f8gt gr\u00f8n mynte, der ender i tr\u00e6agtige aromaer af rav og moskus.<\/p>\n<p>Topnoter: appelsin og lavendel<br \/>Hjertenoter: salvie, gr\u00f8n ;nminta<br \/>Basenoter: rav , moskus<\/p>\n","protected":false},"excerpt":{"rendered":"<p>Prada Luna Rossa Edt er en maskulin duft, der fortolker de klassiske ingredienser. Styrke og dynamisk energi kombineres i en b\u00f8lge af aromaer, mens signaturen er subtil og sensuel. I duftens rygrad finder vi lavendel, en naturlig og genkendelig duft, der n\u00e5r sin gr\u00e6nse i en moderne, unik fortolkning. I hjertet finder vi salvie og [&hellip;]<\/p>\n","protected":false},"featured_media":139663,"comment_status":"open","ping_status":"closed","template":"","meta":{"_trash_the_other_posts":false},"product_brand":[],"product_cat":[709,735,1000],"product_tag":[3844],"berocket_brand":[1168],"class_list":{"0":"post-139667","1":"product","2":"type-product","3":"status-publish","4":"has-post-thumbnail","6":"product_cat-eau-de-toilette-mr","7":"product_cat-kampagne","8":"product_cat-kampagnetilbud-til-ham","9":"product_tag-prada-luna-rossa-edt","10":"pa_brand-prada","11":"pa_variant-50ml","12":"berocket_brand-prada","14":"first","15":"instock","16":"sale","17":"taxable","18":"shipping-taxable","19":"purchasable","20":"product-type-simple"},"_links":{"self":[{"href":"https:\/\/stylingagenten.com\/da\/wp-json\/wp\/v2\/product\/139667","targetHints":{"allow":["GET"]}}],"collection":[{"href":"https:\/\/stylingagenten.com\/da\/wp-json\/wp\/v2\/product"}],"about":[{"href":"https:\/\/stylingagenten.com\/da\/wp-json\/wp\/v2\/types\/product"}],"replies":[{"embeddable":true,"href":"https:\/\/stylingagenten.com\/da\/wp-json\/wp\/v2\/comments?post=139667"}],"version-history":[{"count":0,"href":"https:\/\/stylingagenten.com\/da\/wp-json\/wp\/v2\/product\/139667\/revisions"}],"wp:featuredmedia":[{"embeddable":true,"href":"https:\/\/stylingagenten.com\/da\/wp-json\/wp\/v2\/media\/139663"}],"wp:attachment":[{"href":"https:\/\/stylingagenten.com\/da\/wp-json\/wp\/v2\/media?parent=139667"}],"wp:term":[{"taxonomy":"product_brand","embeddable":true,"href":"https:\/\/stylingagenten.com\/da\/wp-json\/wp\/v2\/product_brand?post=139667"},{"taxonomy":"product_cat","embeddable":true,"href":"https:\/\/stylingagenten.com\/da\/wp-json\/wp\/v2\/product_cat?post=139667"},{"taxonomy":"product_tag","embeddable":true,"href":"https:\/\/stylingagenten.com\/da\/wp-json\/wp\/v2\/product_tag?post=139667"},{"taxonomy":"berocket_brand","embeddable":true,"href":"https:\/\/stylingagenten.com\/da\/wp-json\/wp\/v2\/berocket_brand?post=139667"}],"curies":[{"name":"wp","href":"https:\/\/api.w.org\/{rel}","templated":true}]}}