{"id":139505,"date":"2025-05-18T22:59:15","date_gmt":"2025-05-18T22:59:15","guid":{"rendered":"https:\/\/staging2.stylingagenten.com\/da\/produkt\/abercrombie-fitch-authentic-man-edt-100ml\/"},"modified":"2026-04-14T14:28:32","modified_gmt":"2026-04-14T14:28:32","slug":"abercrombie-fitch-authentic-man-edt-100ml","status":"publish","type":"product","link":"https:\/\/stylingagenten.com\/da\/produkt\/abercrombie-fitch-authentic-man-edt-100ml\/","title":{"rendered":"Abercrombie &amp; Fitch Authentic Man Edt 100ml"},"content":{"rendered":"<p>Abercrombie &amp; Fitch Authentic Man Edt er en forfriskende duft med grapefrugt og dr\u00e5ber af naturlig ingef\u00e6rolie, der opvarmes af en levende finish af Clearwood. Denne citrusaromatiske og tr\u00e6agtige duft afspejler den unge mands afslappede f\u00f8lelse af god indstilling til livet.<\/p>\n<p>Topnoter: Forfriskende grapefrugt, bergamot, sort peber.<br \/>Hjertenoter: Naturlig ingef\u00e6rolie, salvie, Lavendel.<br \/>Basenoter: Vibrant Clearwood, Ambrox, Ruskind.<\/p>\n","protected":false},"excerpt":{"rendered":"<p>Abercrombie &amp; Fitch Authentic Man Edt er en forfriskende duft med grapefrugt og dr\u00e5ber af naturlig ingef\u00e6rolie, der opvarmes af en levende finish af Clearwood. Denne citrusaromatiske og tr\u00e6agtige duft afspejler den unge mands afslappede f\u00f8lelse af god indstilling til livet. Topnoter: Forfriskende grapefrugt, bergamot, sort peber.Hjertenoter: Naturlig ingef\u00e6rolie, salvie, Lavendel.Basenoter: Vibrant Clearwood, Ambrox, Ruskind.<\/p>\n","protected":false},"featured_media":139503,"comment_status":"open","ping_status":"closed","template":"","meta":{"_trash_the_other_posts":false},"product_brand":[],"product_cat":[1003,709,735,1000],"product_tag":[2322],"berocket_brand":[1278],"class_list":{"0":"post-139505","1":"product","2":"type-product","3":"status-publish","4":"has-post-thumbnail","6":"product_cat-bestsellere","7":"product_cat-eau-de-toilette-mr","8":"product_cat-kampagne","9":"product_cat-kampagnetilbud-til-ham","10":"product_tag-abercrombie-fitch-authentic-man-edt","11":"pa_brand-abercrombie-fitch","12":"pa_variant-100ml","13":"berocket_brand-abercrombie-fitch","15":"first","16":"instock","17":"sale","18":"taxable","19":"shipping-taxable","20":"purchasable","21":"product-type-simple"},"_links":{"self":[{"href":"https:\/\/stylingagenten.com\/da\/wp-json\/wp\/v2\/product\/139505","targetHints":{"allow":["GET"]}}],"collection":[{"href":"https:\/\/stylingagenten.com\/da\/wp-json\/wp\/v2\/product"}],"about":[{"href":"https:\/\/stylingagenten.com\/da\/wp-json\/wp\/v2\/types\/product"}],"replies":[{"embeddable":true,"href":"https:\/\/stylingagenten.com\/da\/wp-json\/wp\/v2\/comments?post=139505"}],"version-history":[{"count":0,"href":"https:\/\/stylingagenten.com\/da\/wp-json\/wp\/v2\/product\/139505\/revisions"}],"wp:featuredmedia":[{"embeddable":true,"href":"https:\/\/stylingagenten.com\/da\/wp-json\/wp\/v2\/media\/139503"}],"wp:attachment":[{"href":"https:\/\/stylingagenten.com\/da\/wp-json\/wp\/v2\/media?parent=139505"}],"wp:term":[{"taxonomy":"product_brand","embeddable":true,"href":"https:\/\/stylingagenten.com\/da\/wp-json\/wp\/v2\/product_brand?post=139505"},{"taxonomy":"product_cat","embeddable":true,"href":"https:\/\/stylingagenten.com\/da\/wp-json\/wp\/v2\/product_cat?post=139505"},{"taxonomy":"product_tag","embeddable":true,"href":"https:\/\/stylingagenten.com\/da\/wp-json\/wp\/v2\/product_tag?post=139505"},{"taxonomy":"berocket_brand","embeddable":true,"href":"https:\/\/stylingagenten.com\/da\/wp-json\/wp\/v2\/berocket_brand?post=139505"}],"curies":[{"name":"wp","href":"https:\/\/api.w.org\/{rel}","templated":true}]}}