{"id":139477,"date":"2025-05-18T22:59:06","date_gmt":"2025-05-18T22:59:06","guid":{"rendered":"https:\/\/staging2.stylingagenten.com\/da\/produkt\/burberry-brit-for-him-edt-75ml\/"},"modified":"2025-11-19T11:32:31","modified_gmt":"2025-11-19T11:32:31","slug":"burberry-brit-for-him-edt-75ml","status":"publish","type":"product","link":"https:\/\/stylingagenten.com\/da\/produkt\/burberry-brit-for-him-edt-75ml\/","title":{"rendered":"Burberry Brit For Him Edt 7,5ml"},"content":{"rendered":"<p>Burberry Brit for Him er en frisk orientalsk duft, der fanger den moderne britiske mands afslappede elegance og sans for stil.<\/p>\n<p><strong>Duftnoter:<\/strong> bergamot, gr\u00f8n mandarin, ingef\u00e6r, kardemomme, muskatn\u00f8d, cedertr\u00e6, tonkab\u00f8nner og moskus.<br \/>&nbsp;<\/p>\n","protected":false},"excerpt":{"rendered":"<p>Burberry Brit for Him er en frisk orientalsk duft, der fanger den moderne britiske mands afslappede elegance og sans for stil. Duftnoter: bergamot, gr\u00f8n mandarin, ingef\u00e6r, kardemomme, muskatn\u00f8d, cedertr\u00e6, tonkab\u00f8nner og moskus.&nbsp;<\/p>\n","protected":false},"featured_media":139475,"comment_status":"open","ping_status":"closed","template":"","meta":{"_trash_the_other_posts":false},"product_brand":[],"product_cat":[773,709],"product_tag":[2600],"berocket_brand":[1017],"class_list":{"0":"post-139477","1":"product","2":"type-product","3":"status-publish","4":"has-post-thumbnail","6":"product_cat-burberry-brit-man","7":"product_cat-eau-de-toilette-mr","8":"product_tag-burberry-brit-for-him-edt","9":"pa_brand-burberry","10":"pa_variant-7-5ml","11":"berocket_brand-burberry","13":"first","14":"outofstock","15":"sale","16":"taxable","17":"shipping-taxable","18":"purchasable","19":"product-type-simple"},"_links":{"self":[{"href":"https:\/\/stylingagenten.com\/da\/wp-json\/wp\/v2\/product\/139477","targetHints":{"allow":["GET"]}}],"collection":[{"href":"https:\/\/stylingagenten.com\/da\/wp-json\/wp\/v2\/product"}],"about":[{"href":"https:\/\/stylingagenten.com\/da\/wp-json\/wp\/v2\/types\/product"}],"replies":[{"embeddable":true,"href":"https:\/\/stylingagenten.com\/da\/wp-json\/wp\/v2\/comments?post=139477"}],"version-history":[{"count":0,"href":"https:\/\/stylingagenten.com\/da\/wp-json\/wp\/v2\/product\/139477\/revisions"}],"wp:featuredmedia":[{"embeddable":true,"href":"https:\/\/stylingagenten.com\/da\/wp-json\/wp\/v2\/media\/139475"}],"wp:attachment":[{"href":"https:\/\/stylingagenten.com\/da\/wp-json\/wp\/v2\/media?parent=139477"}],"wp:term":[{"taxonomy":"product_brand","embeddable":true,"href":"https:\/\/stylingagenten.com\/da\/wp-json\/wp\/v2\/product_brand?post=139477"},{"taxonomy":"product_cat","embeddable":true,"href":"https:\/\/stylingagenten.com\/da\/wp-json\/wp\/v2\/product_cat?post=139477"},{"taxonomy":"product_tag","embeddable":true,"href":"https:\/\/stylingagenten.com\/da\/wp-json\/wp\/v2\/product_tag?post=139477"},{"taxonomy":"berocket_brand","embeddable":true,"href":"https:\/\/stylingagenten.com\/da\/wp-json\/wp\/v2\/berocket_brand?post=139477"}],"curies":[{"name":"wp","href":"https:\/\/api.w.org\/{rel}","templated":true}]}}