{"id":139469,"date":"2025-05-18T22:59:04","date_gmt":"2025-05-18T22:59:04","guid":{"rendered":"https:\/\/staging2.stylingagenten.com\/da\/produkt\/dior-homme-edt-50ml\/"},"modified":"2026-03-11T22:06:28","modified_gmt":"2026-03-11T22:06:28","slug":"dior-homme-edt-50ml","status":"publish","type":"product","link":"https:\/\/stylingagenten.com\/da\/produkt\/dior-homme-edt-50ml\/","title":{"rendered":"Dior Homme Edt 50ml"},"content":{"rendered":"<p>Dior Homme blev introduceret i 2005 og har et strejf af luksus. Denne duft er b\u00e5de maskulin og tr\u00e6agtig.<\/p>\n<p><strong>Duftnoter:<\/strong> lavendel, kardemomme, salvie, iris, kakao, rav, vetiver, l\u00e6der &amp; patchouli.<\/p>\n","protected":false},"excerpt":{"rendered":"<p>Dior Homme blev introduceret i 2005 og har et strejf af luksus. Denne duft er b\u00e5de maskulin og tr\u00e6agtig. Duftnoter: lavendel, kardemomme, salvie, iris, kakao, rav, vetiver, l\u00e6der &amp; patchouli.<\/p>\n","protected":false},"featured_media":139468,"comment_status":"open","ping_status":"closed","template":"","meta":{"_trash_the_other_posts":false},"product_brand":[],"product_cat":[709,735,1000],"product_tag":[2813],"berocket_brand":[1289],"class_list":{"0":"post-139469","1":"product","2":"type-product","3":"status-publish","4":"has-post-thumbnail","6":"product_cat-eau-de-toilette-mr","7":"product_cat-kampagne","8":"product_cat-kampagnetilbud-til-ham","9":"product_tag-dior-homme-edt","10":"pa_brand-dior","11":"pa_variant-50ml","12":"berocket_brand-dior","14":"first","15":"instock","16":"sale","17":"taxable","18":"shipping-taxable","19":"purchasable","20":"product-type-simple"},"_links":{"self":[{"href":"https:\/\/stylingagenten.com\/da\/wp-json\/wp\/v2\/product\/139469","targetHints":{"allow":["GET"]}}],"collection":[{"href":"https:\/\/stylingagenten.com\/da\/wp-json\/wp\/v2\/product"}],"about":[{"href":"https:\/\/stylingagenten.com\/da\/wp-json\/wp\/v2\/types\/product"}],"replies":[{"embeddable":true,"href":"https:\/\/stylingagenten.com\/da\/wp-json\/wp\/v2\/comments?post=139469"}],"version-history":[{"count":0,"href":"https:\/\/stylingagenten.com\/da\/wp-json\/wp\/v2\/product\/139469\/revisions"}],"wp:featuredmedia":[{"embeddable":true,"href":"https:\/\/stylingagenten.com\/da\/wp-json\/wp\/v2\/media\/139468"}],"wp:attachment":[{"href":"https:\/\/stylingagenten.com\/da\/wp-json\/wp\/v2\/media?parent=139469"}],"wp:term":[{"taxonomy":"product_brand","embeddable":true,"href":"https:\/\/stylingagenten.com\/da\/wp-json\/wp\/v2\/product_brand?post=139469"},{"taxonomy":"product_cat","embeddable":true,"href":"https:\/\/stylingagenten.com\/da\/wp-json\/wp\/v2\/product_cat?post=139469"},{"taxonomy":"product_tag","embeddable":true,"href":"https:\/\/stylingagenten.com\/da\/wp-json\/wp\/v2\/product_tag?post=139469"},{"taxonomy":"berocket_brand","embeddable":true,"href":"https:\/\/stylingagenten.com\/da\/wp-json\/wp\/v2\/berocket_brand?post=139469"}],"curies":[{"name":"wp","href":"https:\/\/api.w.org\/{rel}","templated":true}]}}