{"id":139426,"date":"2025-05-18T22:58:51","date_gmt":"2025-05-18T22:58:51","guid":{"rendered":"https:\/\/staging2.stylingagenten.com\/da\/produkt\/calvin-klein-obsessed-for-men-edt-75ml\/"},"modified":"2025-11-19T11:33:31","modified_gmt":"2025-11-19T11:33:31","slug":"calvin-klein-obsessed-for-men-edt-75ml","status":"publish","type":"product","link":"https:\/\/stylingagenten.com\/da\/produkt\/calvin-klein-obsessed-for-men-edt-75ml\/","title":{"rendered":"Calvin Klein Obsessed for Men Edt 75ml"},"content":{"rendered":"<p>I hjertet af <strong>OBSESSED<\/strong> af Calvin Klein er mindet om en tidligere k\u00e6rlighed, udl\u00f8st af duften af \u200b\u200ben anden person; huden. Her er koen lagdelt, med de traditionelle dufte af den maskuline Foug\u00e8re med en m\u00f8rk vanilje. Denne sp\u00e6ndende duft afspejler den originale OBSESSION, men sl\u00f8rer og redefinerer mandlig duft.<\/p>\n<p>Topnoter: Oro Blanco grapefrugt, Sichuan peber, sort kardemomme.<br \/>&nbsp;Hjertenoter: Cederblad, Labdanum, Firnat, Blondt l\u00e6der.<br \/>&nbsp;Basenoter: Patchouli C&oelig;ur, sort vaniljeinfusion, Ambrox Super.<\/p>\n","protected":false},"excerpt":{"rendered":"<p>I hjertet af OBSESSED af Calvin Klein er mindet om en tidligere k\u00e6rlighed, udl\u00f8st af duften af \u200b\u200ben anden person; huden. Her er koen lagdelt, med de traditionelle dufte af den maskuline Foug\u00e8re med en m\u00f8rk vanilje. Denne sp\u00e6ndende duft afspejler den originale OBSESSION, men sl\u00f8rer og redefinerer mandlig duft. Topnoter: Oro Blanco grapefrugt, Sichuan [&hellip;]<\/p>\n","protected":false},"featured_media":139422,"comment_status":"open","ping_status":"closed","template":"","meta":{"_trash_the_other_posts":false},"product_brand":[],"product_cat":[745,709],"product_tag":[2659],"berocket_brand":[1014],"class_list":{"0":"post-139426","1":"product","2":"type-product","3":"status-publish","4":"has-post-thumbnail","6":"product_cat-calvin-klein-obsessed","7":"product_cat-eau-de-toilette-mr","8":"product_tag-calvin-klein-obsessed-for-men-edt","9":"pa_brand-calvin-klein","10":"pa_variant-75ml","11":"berocket_brand-calvin-klein","13":"first","14":"outofstock","15":"sale","16":"taxable","17":"shipping-taxable","18":"purchasable","19":"product-type-simple"},"_links":{"self":[{"href":"https:\/\/stylingagenten.com\/da\/wp-json\/wp\/v2\/product\/139426","targetHints":{"allow":["GET"]}}],"collection":[{"href":"https:\/\/stylingagenten.com\/da\/wp-json\/wp\/v2\/product"}],"about":[{"href":"https:\/\/stylingagenten.com\/da\/wp-json\/wp\/v2\/types\/product"}],"replies":[{"embeddable":true,"href":"https:\/\/stylingagenten.com\/da\/wp-json\/wp\/v2\/comments?post=139426"}],"version-history":[{"count":0,"href":"https:\/\/stylingagenten.com\/da\/wp-json\/wp\/v2\/product\/139426\/revisions"}],"wp:featuredmedia":[{"embeddable":true,"href":"https:\/\/stylingagenten.com\/da\/wp-json\/wp\/v2\/media\/139422"}],"wp:attachment":[{"href":"https:\/\/stylingagenten.com\/da\/wp-json\/wp\/v2\/media?parent=139426"}],"wp:term":[{"taxonomy":"product_brand","embeddable":true,"href":"https:\/\/stylingagenten.com\/da\/wp-json\/wp\/v2\/product_brand?post=139426"},{"taxonomy":"product_cat","embeddable":true,"href":"https:\/\/stylingagenten.com\/da\/wp-json\/wp\/v2\/product_cat?post=139426"},{"taxonomy":"product_tag","embeddable":true,"href":"https:\/\/stylingagenten.com\/da\/wp-json\/wp\/v2\/product_tag?post=139426"},{"taxonomy":"berocket_brand","embeddable":true,"href":"https:\/\/stylingagenten.com\/da\/wp-json\/wp\/v2\/berocket_brand?post=139426"}],"curies":[{"name":"wp","href":"https:\/\/api.w.org\/{rel}","templated":true}]}}