{"id":139354,"date":"2025-05-18T22:58:26","date_gmt":"2025-05-18T22:58:26","guid":{"rendered":"https:\/\/staging2.stylingagenten.com\/da\/produkt\/giorgio-armani-emporio-he-edt-100ml\/"},"modified":"2026-04-13T12:09:32","modified_gmt":"2026-04-13T12:09:32","slug":"giorgio-armani-emporio-he-edt-100ml","status":"publish","type":"product","link":"https:\/\/stylingagenten.com\/da\/produkt\/giorgio-armani-emporio-he-edt-100ml\/","title":{"rendered":"Giorgio Armani Emporio He Edt 100ml"},"content":{"rendered":"<p><strong>Emporio Armani He<\/strong> af <strong>Giorgio Armani<\/strong> er en aromatisk citrusduft til kvinder.<\/p>\n<p>Topnoter: Rosmarin, \u00e6ble, Yuzu, Bergamot, Ananas , Mandarin, Citron og Kardemomme<\/p>\n<p>Hjertenoter: Muskatn\u00f8d, Orrisrod, Cyclamen, Jasmin og Rose<\/p>\n<p>Basenoter: Sandeltr\u00e6, Egemos, Moskus, Tonkab\u00f8nne, Cedertr\u00e6 og Rav. <\/p>\n","protected":false},"excerpt":{"rendered":"<p>Emporio Armani He af Giorgio Armani er en aromatisk citrusduft til kvinder. Topnoter: Rosmarin, \u00e6ble, Yuzu, Bergamot, Ananas , Mandarin, Citron og Kardemomme Hjertenoter: Muskatn\u00f8d, Orrisrod, Cyclamen, Jasmin og Rose Basenoter: Sandeltr\u00e6, Egemos, Moskus, Tonkab\u00f8nne, Cedertr\u00e6 og Rav.<\/p>\n","protected":false},"featured_media":171231,"comment_status":"open","ping_status":"closed","template":"","meta":{"_trash_the_other_posts":false},"product_brand":[],"product_cat":[709],"product_tag":[2922],"berocket_brand":[1038],"class_list":{"0":"post-139354","1":"product","2":"type-product","3":"status-publish","4":"has-post-thumbnail","6":"product_cat-eau-de-toilette-mr","7":"product_tag-giorgio-armani-emporio-he-edt","8":"pa_brand-armani","9":"pa_variant-100ml","10":"berocket_brand-armani","12":"first","13":"instock","14":"sale","15":"taxable","16":"shipping-taxable","17":"purchasable","18":"product-type-simple"},"_links":{"self":[{"href":"https:\/\/stylingagenten.com\/da\/wp-json\/wp\/v2\/product\/139354","targetHints":{"allow":["GET"]}}],"collection":[{"href":"https:\/\/stylingagenten.com\/da\/wp-json\/wp\/v2\/product"}],"about":[{"href":"https:\/\/stylingagenten.com\/da\/wp-json\/wp\/v2\/types\/product"}],"replies":[{"embeddable":true,"href":"https:\/\/stylingagenten.com\/da\/wp-json\/wp\/v2\/comments?post=139354"}],"version-history":[{"count":0,"href":"https:\/\/stylingagenten.com\/da\/wp-json\/wp\/v2\/product\/139354\/revisions"}],"wp:featuredmedia":[{"embeddable":true,"href":"https:\/\/stylingagenten.com\/da\/wp-json\/wp\/v2\/media\/171231"}],"wp:attachment":[{"href":"https:\/\/stylingagenten.com\/da\/wp-json\/wp\/v2\/media?parent=139354"}],"wp:term":[{"taxonomy":"product_brand","embeddable":true,"href":"https:\/\/stylingagenten.com\/da\/wp-json\/wp\/v2\/product_brand?post=139354"},{"taxonomy":"product_cat","embeddable":true,"href":"https:\/\/stylingagenten.com\/da\/wp-json\/wp\/v2\/product_cat?post=139354"},{"taxonomy":"product_tag","embeddable":true,"href":"https:\/\/stylingagenten.com\/da\/wp-json\/wp\/v2\/product_tag?post=139354"},{"taxonomy":"berocket_brand","embeddable":true,"href":"https:\/\/stylingagenten.com\/da\/wp-json\/wp\/v2\/berocket_brand?post=139354"}],"curies":[{"name":"wp","href":"https:\/\/api.w.org\/{rel}","templated":true}]}}