{"id":139210,"date":"2025-05-18T22:57:53","date_gmt":"2025-05-18T22:57:53","guid":{"rendered":"https:\/\/staging2.stylingagenten.com\/da\/produkt\/dior-fahrenheit-edt-100ml\/"},"modified":"2026-04-09T10:48:37","modified_gmt":"2026-04-09T10:48:37","slug":"dior-fahrenheit-edt-100ml","status":"publish","type":"product","link":"https:\/\/stylingagenten.com\/da\/produkt\/dior-fahrenheit-edt-100ml\/","title":{"rendered":"Dior Fahrenheit Edt 100ml"},"content":{"rendered":"<p>Dior Fahrenheit blev lanceret i 1988 og er en klassisk parfume fra Dior. Det er en maskulin og varm duft med en fed blanding af blomster, tr\u00e6 og tr\u00e6. og citrus.<\/p>\n<p><strong>Duftnoter:<\/strong> citron, havtorn, kaprifolier, viol, lavendel, l\u00e6der, sandeltr\u00e6, cedertr\u00e6; &amp; patchouli.<\/p>\n","protected":false},"excerpt":{"rendered":"<p>Dior Fahrenheit blev lanceret i 1988 og er en klassisk parfume fra Dior. Det er en maskulin og varm duft med en fed blanding af blomster, tr\u00e6 og tr\u00e6. og citrus. Duftnoter: citron, havtorn, kaprifolier, viol, lavendel, l\u00e6der, sandeltr\u00e6, cedertr\u00e6; &amp; patchouli.<\/p>\n","protected":false},"featured_media":139208,"comment_status":"open","ping_status":"closed","template":"","meta":{"_trash_the_other_posts":false},"product_brand":[],"product_cat":[709,735,1000],"product_tag":[2812],"berocket_brand":[1289],"class_list":{"0":"post-139210","1":"product","2":"type-product","3":"status-publish","4":"has-post-thumbnail","6":"product_cat-eau-de-toilette-mr","7":"product_cat-kampagne","8":"product_cat-kampagnetilbud-til-ham","9":"product_tag-dior-fahrenheit-edt","10":"pa_brand-dior","11":"pa_variant-100ml","12":"berocket_brand-dior","14":"first","15":"outofstock","16":"sale","17":"taxable","18":"shipping-taxable","19":"purchasable","20":"product-type-simple"},"_links":{"self":[{"href":"https:\/\/stylingagenten.com\/da\/wp-json\/wp\/v2\/product\/139210","targetHints":{"allow":["GET"]}}],"collection":[{"href":"https:\/\/stylingagenten.com\/da\/wp-json\/wp\/v2\/product"}],"about":[{"href":"https:\/\/stylingagenten.com\/da\/wp-json\/wp\/v2\/types\/product"}],"replies":[{"embeddable":true,"href":"https:\/\/stylingagenten.com\/da\/wp-json\/wp\/v2\/comments?post=139210"}],"version-history":[{"count":0,"href":"https:\/\/stylingagenten.com\/da\/wp-json\/wp\/v2\/product\/139210\/revisions"}],"wp:featuredmedia":[{"embeddable":true,"href":"https:\/\/stylingagenten.com\/da\/wp-json\/wp\/v2\/media\/139208"}],"wp:attachment":[{"href":"https:\/\/stylingagenten.com\/da\/wp-json\/wp\/v2\/media?parent=139210"}],"wp:term":[{"taxonomy":"product_brand","embeddable":true,"href":"https:\/\/stylingagenten.com\/da\/wp-json\/wp\/v2\/product_brand?post=139210"},{"taxonomy":"product_cat","embeddable":true,"href":"https:\/\/stylingagenten.com\/da\/wp-json\/wp\/v2\/product_cat?post=139210"},{"taxonomy":"product_tag","embeddable":true,"href":"https:\/\/stylingagenten.com\/da\/wp-json\/wp\/v2\/product_tag?post=139210"},{"taxonomy":"berocket_brand","embeddable":true,"href":"https:\/\/stylingagenten.com\/da\/wp-json\/wp\/v2\/berocket_brand?post=139210"}],"curies":[{"name":"wp","href":"https:\/\/api.w.org\/{rel}","templated":true}]}}