{"id":139202,"date":"2025-05-18T22:57:52","date_gmt":"2025-05-18T22:57:52","guid":{"rendered":"https:\/\/staging2.stylingagenten.com\/da\/produkt\/dior-homme-intense-edp-150ml\/"},"modified":"2025-12-18T21:41:05","modified_gmt":"2025-12-18T21:41:05","slug":"dior-homme-intense-edp-150ml","status":"publish","type":"product","link":"https:\/\/stylingagenten.com\/da\/produkt\/dior-homme-intense-edp-150ml\/","title":{"rendered":"Dior Homme Intense Edp 150ml"},"content":{"rendered":"<p>Dior Homme Intense Edp er en meget intens, men ogs\u00e5&aring; sofistikeret og sensuel limited edition duft til aftenbrug.<\/p>\n<p data-empty=\"true\">Duftnoter: iris, moskus, hibiscus, cedertr\u00e6, vetiver og tr\u00e6.<\/p>\n","protected":false},"excerpt":{"rendered":"<p>Dior Homme Intense Edp er en meget intens, men ogs\u00e5&aring; sofistikeret og sensuel limited edition duft til aftenbrug. Duftnoter: iris, moskus, hibiscus, cedertr\u00e6, vetiver og tr\u00e6.<\/p>\n","protected":false},"featured_media":139201,"comment_status":"open","ping_status":"closed","template":"","meta":{"_trash_the_other_posts":false},"product_brand":[],"product_cat":[708],"product_tag":[2814],"berocket_brand":[1289],"class_list":{"0":"post-139202","1":"product","2":"type-product","3":"status-publish","4":"has-post-thumbnail","6":"product_cat-eau-de-parfum-gentr","7":"product_tag-dior-homme-intense-edp","8":"pa_brand-dior","9":"pa_variant-150ml","10":"berocket_brand-dior","12":"first","13":"outofstock","14":"sale","15":"taxable","16":"shipping-taxable","17":"purchasable","18":"product-type-simple"},"_links":{"self":[{"href":"https:\/\/stylingagenten.com\/da\/wp-json\/wp\/v2\/product\/139202","targetHints":{"allow":["GET"]}}],"collection":[{"href":"https:\/\/stylingagenten.com\/da\/wp-json\/wp\/v2\/product"}],"about":[{"href":"https:\/\/stylingagenten.com\/da\/wp-json\/wp\/v2\/types\/product"}],"replies":[{"embeddable":true,"href":"https:\/\/stylingagenten.com\/da\/wp-json\/wp\/v2\/comments?post=139202"}],"version-history":[{"count":0,"href":"https:\/\/stylingagenten.com\/da\/wp-json\/wp\/v2\/product\/139202\/revisions"}],"wp:featuredmedia":[{"embeddable":true,"href":"https:\/\/stylingagenten.com\/da\/wp-json\/wp\/v2\/media\/139201"}],"wp:attachment":[{"href":"https:\/\/stylingagenten.com\/da\/wp-json\/wp\/v2\/media?parent=139202"}],"wp:term":[{"taxonomy":"product_brand","embeddable":true,"href":"https:\/\/stylingagenten.com\/da\/wp-json\/wp\/v2\/product_brand?post=139202"},{"taxonomy":"product_cat","embeddable":true,"href":"https:\/\/stylingagenten.com\/da\/wp-json\/wp\/v2\/product_cat?post=139202"},{"taxonomy":"product_tag","embeddable":true,"href":"https:\/\/stylingagenten.com\/da\/wp-json\/wp\/v2\/product_tag?post=139202"},{"taxonomy":"berocket_brand","embeddable":true,"href":"https:\/\/stylingagenten.com\/da\/wp-json\/wp\/v2\/berocket_brand?post=139202"}],"curies":[{"name":"wp","href":"https:\/\/api.w.org\/{rel}","templated":true}]}}