{"id":139198,"date":"2025-05-18T22:57:51","date_gmt":"2025-05-18T22:57:51","guid":{"rendered":"https:\/\/staging2.stylingagenten.com\/da\/produkt\/dior-homme-sport-edt-75ml\/"},"modified":"2026-03-26T18:22:32","modified_gmt":"2026-03-26T18:22:32","slug":"dior-homme-sport-edt-75ml","status":"publish","type":"product","link":"https:\/\/stylingagenten.com\/da\/produkt\/dior-homme-sport-edt-75ml\/","title":{"rendered":"Dior Homme Sport Edt 75ml"},"content":{"rendered":"<p>Dior Homme Sport af Christian Dior er en duft til m\u00e6nd. Det er en eksplosiv citrusduft med en tr\u00e6agtig base og ingef\u00e6r, der er s\u00e5 genkendelig gennem de traditionelle Dior-dufte.<\/p>\n<p>Topnoter: Amalfi Citron, Grapefrugt, Bergamot, Canarium luzonicum<br \/>Hjertenoter: Ingef\u00e6r, Vetiver , Virginia Cedar<br \/>Basenoter: lavendel, sandeltr\u00e6, rosmarin<\/p>\n","protected":false},"excerpt":{"rendered":"<p>Dior Homme Sport af Christian Dior er en duft til m\u00e6nd. Det er en eksplosiv citrusduft med en tr\u00e6agtig base og ingef\u00e6r, der er s\u00e5 genkendelig gennem de traditionelle Dior-dufte. Topnoter: Amalfi Citron, Grapefrugt, Bergamot, Canarium luzonicumHjertenoter: Ingef\u00e6r, Vetiver , Virginia CedarBasenoter: lavendel, sandeltr\u00e6, rosmarin<\/p>\n","protected":false},"featured_media":139197,"comment_status":"open","ping_status":"closed","template":"","meta":{"_trash_the_other_posts":false},"product_brand":[],"product_cat":[1003,709,735,1000],"product_tag":[2815],"berocket_brand":[1289],"class_list":{"0":"post-139198","1":"product","2":"type-product","3":"status-publish","4":"has-post-thumbnail","6":"product_cat-bestsellere","7":"product_cat-eau-de-toilette-mr","8":"product_cat-kampagne","9":"product_cat-kampagnetilbud-til-ham","10":"product_tag-dior-homme-sport-edt","11":"pa_brand-dior","12":"pa_variant-75ml","13":"berocket_brand-dior","15":"first","16":"instock","17":"sale","18":"taxable","19":"shipping-taxable","20":"purchasable","21":"product-type-simple"},"_links":{"self":[{"href":"https:\/\/stylingagenten.com\/da\/wp-json\/wp\/v2\/product\/139198","targetHints":{"allow":["GET"]}}],"collection":[{"href":"https:\/\/stylingagenten.com\/da\/wp-json\/wp\/v2\/product"}],"about":[{"href":"https:\/\/stylingagenten.com\/da\/wp-json\/wp\/v2\/types\/product"}],"replies":[{"embeddable":true,"href":"https:\/\/stylingagenten.com\/da\/wp-json\/wp\/v2\/comments?post=139198"}],"version-history":[{"count":0,"href":"https:\/\/stylingagenten.com\/da\/wp-json\/wp\/v2\/product\/139198\/revisions"}],"wp:featuredmedia":[{"embeddable":true,"href":"https:\/\/stylingagenten.com\/da\/wp-json\/wp\/v2\/media\/139197"}],"wp:attachment":[{"href":"https:\/\/stylingagenten.com\/da\/wp-json\/wp\/v2\/media?parent=139198"}],"wp:term":[{"taxonomy":"product_brand","embeddable":true,"href":"https:\/\/stylingagenten.com\/da\/wp-json\/wp\/v2\/product_brand?post=139198"},{"taxonomy":"product_cat","embeddable":true,"href":"https:\/\/stylingagenten.com\/da\/wp-json\/wp\/v2\/product_cat?post=139198"},{"taxonomy":"product_tag","embeddable":true,"href":"https:\/\/stylingagenten.com\/da\/wp-json\/wp\/v2\/product_tag?post=139198"},{"taxonomy":"berocket_brand","embeddable":true,"href":"https:\/\/stylingagenten.com\/da\/wp-json\/wp\/v2\/berocket_brand?post=139198"}],"curies":[{"name":"wp","href":"https:\/\/api.w.org\/{rel}","templated":true}]}}