{"id":139157,"date":"2025-05-18T22:57:41","date_gmt":"2025-05-18T22:57:41","guid":{"rendered":"https:\/\/staging2.stylingagenten.com\/da\/produkt\/burberry-london-men-edt-50ml\/"},"modified":"2026-04-06T06:18:31","modified_gmt":"2026-04-06T06:18:31","slug":"burberry-london-men-edt-50ml","status":"publish","type":"product","link":"https:\/\/stylingagenten.com\/da\/produkt\/burberry-london-men-edt-50ml\/","title":{"rendered":"Burberry London Men Edt 50ml"},"content":{"rendered":"<p>Burberry London Men er en elegant og krydret duft til m\u00e6nd.<\/p>\n<p><strong>Duftnoter:&nbsp;<\/strong>bergamot, sort peber, lavendel, kanel&ouml;v<strong>,&amp;nbsp ;<\/strong>l\u00e6der, mimosablomst, portvin<strong>,&nbsp;<\/strong>tobakstr\u00e6, guajaktr\u00e6, egemos og opoponax<\/p>\n","protected":false},"excerpt":{"rendered":"<p>Burberry London Men er en elegant og krydret duft til m\u00e6nd. Duftnoter:&nbsp;bergamot, sort peber, lavendel, kanel&ouml;v,&amp;nbsp ;l\u00e6der, mimosablomst, portvin,&nbsp;tobakstr\u00e6, guajaktr\u00e6, egemos og opoponax<\/p>\n","protected":false},"featured_media":139144,"comment_status":"open","ping_status":"closed","template":"","meta":{"_trash_the_other_posts":false},"product_brand":[],"product_cat":[778,709,735,1000],"product_tag":[2608],"berocket_brand":[1017],"class_list":{"0":"post-139157","1":"product","2":"type-product","3":"status-publish","4":"has-post-thumbnail","6":"product_cat-burberry-london-men","7":"product_cat-eau-de-toilette-mr","8":"product_cat-kampagne","9":"product_cat-kampagnetilbud-til-ham","10":"product_tag-burberry-london-men-edt","11":"pa_brand-burberry","12":"pa_variant-50ml","13":"berocket_brand-burberry","15":"first","16":"instock","17":"sale","18":"taxable","19":"shipping-taxable","20":"purchasable","21":"product-type-simple"},"_links":{"self":[{"href":"https:\/\/stylingagenten.com\/da\/wp-json\/wp\/v2\/product\/139157","targetHints":{"allow":["GET"]}}],"collection":[{"href":"https:\/\/stylingagenten.com\/da\/wp-json\/wp\/v2\/product"}],"about":[{"href":"https:\/\/stylingagenten.com\/da\/wp-json\/wp\/v2\/types\/product"}],"replies":[{"embeddable":true,"href":"https:\/\/stylingagenten.com\/da\/wp-json\/wp\/v2\/comments?post=139157"}],"version-history":[{"count":0,"href":"https:\/\/stylingagenten.com\/da\/wp-json\/wp\/v2\/product\/139157\/revisions"}],"wp:featuredmedia":[{"embeddable":true,"href":"https:\/\/stylingagenten.com\/da\/wp-json\/wp\/v2\/media\/139144"}],"wp:attachment":[{"href":"https:\/\/stylingagenten.com\/da\/wp-json\/wp\/v2\/media?parent=139157"}],"wp:term":[{"taxonomy":"product_brand","embeddable":true,"href":"https:\/\/stylingagenten.com\/da\/wp-json\/wp\/v2\/product_brand?post=139157"},{"taxonomy":"product_cat","embeddable":true,"href":"https:\/\/stylingagenten.com\/da\/wp-json\/wp\/v2\/product_cat?post=139157"},{"taxonomy":"product_tag","embeddable":true,"href":"https:\/\/stylingagenten.com\/da\/wp-json\/wp\/v2\/product_tag?post=139157"},{"taxonomy":"berocket_brand","embeddable":true,"href":"https:\/\/stylingagenten.com\/da\/wp-json\/wp\/v2\/berocket_brand?post=139157"}],"curies":[{"name":"wp","href":"https:\/\/api.w.org\/{rel}","templated":true}]}}