{"id":139141,"date":"2025-05-18T22:57:37","date_gmt":"2025-05-18T22:57:37","guid":{"rendered":"https:\/\/staging2.stylingagenten.com\/da\/produkt\/acqua-di-parma-blu-mediterraneo-bergamotto-di-calabria-edt-30ml\/"},"modified":"2026-04-05T15:18:44","modified_gmt":"2026-04-05T15:18:44","slug":"acqua-di-parma-blu-mediterraneo-bergamotto-di-calabria-edt-30ml","status":"publish","type":"product","link":"https:\/\/stylingagenten.com\/da\/produkt\/acqua-di-parma-blu-mediterraneo-bergamotto-di-calabria-edt-30ml\/","title":{"rendered":"Acqua di Parma Blu Mediterraneo Bergamotto di Calabria Edt 30ml"},"content":{"rendered":"<p>Acqua di Parma Blu Mediterraneo Bergamotto di Calabria fra Acqua di Parma er en unisex parfume med en tydelig tr\u00e6agtig aroma. Parfumen har en opl\u00f8ftende duft, der henter inspiration fra den&nbsp;italienske bergamot med en blanding&nbsp;af citron, r\u00f8d ingef\u00e6r, cedertr\u00e6. og vetiver.<\/p>\n<p>Topnoter: Bergamot, Citron<br \/>Hjertenoter: Ingef\u00e6r, cedertr\u00e6, blomster<br \/>Basenoter: Vetiver, Moskus, Benzoin.<\/p>\n","protected":false},"excerpt":{"rendered":"<p>Acqua di Parma Blu Mediterraneo Bergamotto di Calabria fra Acqua di Parma er en unisex parfume med en tydelig tr\u00e6agtig aroma. Parfumen har en opl\u00f8ftende duft, der henter inspiration fra den&nbsp;italienske bergamot med en blanding&nbsp;af citron, r\u00f8d ingef\u00e6r, cedertr\u00e6. og vetiver. Topnoter: Bergamot, CitronHjertenoter: Ingef\u00e6r, cedertr\u00e6, blomsterBasenoter: Vetiver, Moskus, Benzoin.<\/p>\n","protected":false},"featured_media":139134,"comment_status":"open","ping_status":"closed","template":"","meta":{"_trash_the_other_posts":false},"product_brand":[],"product_cat":[1003,709,735,1000],"product_tag":[2328],"berocket_brand":[1161],"class_list":{"0":"post-139141","1":"product","2":"type-product","3":"status-publish","4":"has-post-thumbnail","6":"product_cat-bestsellere","7":"product_cat-eau-de-toilette-mr","8":"product_cat-kampagne","9":"product_cat-kampagnetilbud-til-ham","10":"product_tag-acqua-di-parma-blu-mediterraneo-bergamotto-di-calabria-edt","11":"pa_brand-acqua-di-parma","12":"pa_variant-30ml","13":"berocket_brand-acqua-di-parma","15":"first","16":"outofstock","17":"sale","18":"taxable","19":"shipping-taxable","20":"purchasable","21":"product-type-simple"},"_links":{"self":[{"href":"https:\/\/stylingagenten.com\/da\/wp-json\/wp\/v2\/product\/139141","targetHints":{"allow":["GET"]}}],"collection":[{"href":"https:\/\/stylingagenten.com\/da\/wp-json\/wp\/v2\/product"}],"about":[{"href":"https:\/\/stylingagenten.com\/da\/wp-json\/wp\/v2\/types\/product"}],"replies":[{"embeddable":true,"href":"https:\/\/stylingagenten.com\/da\/wp-json\/wp\/v2\/comments?post=139141"}],"version-history":[{"count":0,"href":"https:\/\/stylingagenten.com\/da\/wp-json\/wp\/v2\/product\/139141\/revisions"}],"wp:featuredmedia":[{"embeddable":true,"href":"https:\/\/stylingagenten.com\/da\/wp-json\/wp\/v2\/media\/139134"}],"wp:attachment":[{"href":"https:\/\/stylingagenten.com\/da\/wp-json\/wp\/v2\/media?parent=139141"}],"wp:term":[{"taxonomy":"product_brand","embeddable":true,"href":"https:\/\/stylingagenten.com\/da\/wp-json\/wp\/v2\/product_brand?post=139141"},{"taxonomy":"product_cat","embeddable":true,"href":"https:\/\/stylingagenten.com\/da\/wp-json\/wp\/v2\/product_cat?post=139141"},{"taxonomy":"product_tag","embeddable":true,"href":"https:\/\/stylingagenten.com\/da\/wp-json\/wp\/v2\/product_tag?post=139141"},{"taxonomy":"berocket_brand","embeddable":true,"href":"https:\/\/stylingagenten.com\/da\/wp-json\/wp\/v2\/berocket_brand?post=139141"}],"curies":[{"name":"wp","href":"https:\/\/api.w.org\/{rel}","templated":true}]}}