{"id":139023,"date":"2025-05-18T22:57:09","date_gmt":"2025-05-18T22:57:09","guid":{"rendered":"https:\/\/staging2.stylingagenten.com\/da\/produkt\/issey-miyake-fusion-dissey-edt-50ml\/"},"modified":"2026-04-11T18:38:35","modified_gmt":"2026-04-11T18:38:35","slug":"issey-miyake-fusion-dissey-edt-50ml","status":"publish","type":"product","link":"https:\/\/stylingagenten.com\/da\/produkt\/issey-miyake-fusion-dissey-edt-50ml\/","title":{"rendered":"Issey Miyake Fusion d&#8217;Issey Edt 50ml"},"content":{"rendered":"<p>Issey Miyake L&#039;Eau d&#039;Issey Pour Homme Sport EdT er en energigivende, frisk og elegant duft, der passer til den aktive mand. Duften \u00e5bner med en energigivende citrusblanding af grapefrugt og bergamot, der f\u00f8rer til et krydret hjerte af muskatn\u00f8d, som giver en luftig og let friskhed. Duften rundes elegant af med en tr\u00e6agtig base best\u00e5ende af cedertr\u00e6; og vetiver.<\/p>\n<p>Topnoter: Grapefrugt og bergamot<br \/>Hjertenoter: Muskatn\u00f8d og krydrede noter.<br \/>Basenoter: Cedertr\u00e6; og vetiver<\/p>\n","protected":false},"excerpt":{"rendered":"<p>Issey Miyake L&#039;Eau d&#039;Issey Pour Homme Sport EdT er en energigivende, frisk og elegant duft, der passer til den aktive mand. Duften \u00e5bner med en energigivende citrusblanding af grapefrugt og bergamot, der f\u00f8rer til et krydret hjerte af muskatn\u00f8d, som giver en luftig og let friskhed. Duften rundes elegant af med en tr\u00e6agtig base best\u00e5ende [&hellip;]<\/p>\n","protected":false},"featured_media":139022,"comment_status":"open","ping_status":"closed","template":"","meta":{"_trash_the_other_posts":false},"product_brand":[],"product_cat":[709,735,1000],"product_tag":[],"berocket_brand":[1348],"class_list":{"0":"post-139023","1":"product","2":"type-product","3":"status-publish","4":"has-post-thumbnail","6":"product_cat-eau-de-toilette-mr","7":"product_cat-kampagne","8":"product_cat-kampagnetilbud-til-ham","9":"pa_brand-issey-miyake","10":"berocket_brand-issey-miyake","12":"first","13":"instock","14":"sale","15":"taxable","16":"shipping-taxable","17":"purchasable","18":"product-type-simple"},"_links":{"self":[{"href":"https:\/\/stylingagenten.com\/da\/wp-json\/wp\/v2\/product\/139023","targetHints":{"allow":["GET"]}}],"collection":[{"href":"https:\/\/stylingagenten.com\/da\/wp-json\/wp\/v2\/product"}],"about":[{"href":"https:\/\/stylingagenten.com\/da\/wp-json\/wp\/v2\/types\/product"}],"replies":[{"embeddable":true,"href":"https:\/\/stylingagenten.com\/da\/wp-json\/wp\/v2\/comments?post=139023"}],"version-history":[{"count":0,"href":"https:\/\/stylingagenten.com\/da\/wp-json\/wp\/v2\/product\/139023\/revisions"}],"wp:featuredmedia":[{"embeddable":true,"href":"https:\/\/stylingagenten.com\/da\/wp-json\/wp\/v2\/media\/139022"}],"wp:attachment":[{"href":"https:\/\/stylingagenten.com\/da\/wp-json\/wp\/v2\/media?parent=139023"}],"wp:term":[{"taxonomy":"product_brand","embeddable":true,"href":"https:\/\/stylingagenten.com\/da\/wp-json\/wp\/v2\/product_brand?post=139023"},{"taxonomy":"product_cat","embeddable":true,"href":"https:\/\/stylingagenten.com\/da\/wp-json\/wp\/v2\/product_cat?post=139023"},{"taxonomy":"product_tag","embeddable":true,"href":"https:\/\/stylingagenten.com\/da\/wp-json\/wp\/v2\/product_tag?post=139023"},{"taxonomy":"berocket_brand","embeddable":true,"href":"https:\/\/stylingagenten.com\/da\/wp-json\/wp\/v2\/berocket_brand?post=139023"}],"curies":[{"name":"wp","href":"https:\/\/api.w.org\/{rel}","templated":true}]}}