{"id":139008,"date":"2025-05-18T22:57:05","date_gmt":"2025-05-18T22:57:05","guid":{"rendered":"https:\/\/staging2.stylingagenten.com\/da\/produkt\/creed-royal-water-edp-100ml\/"},"modified":"2026-03-26T18:21:58","modified_gmt":"2026-03-26T18:21:58","slug":"creed-royal-water-edp-100ml","status":"publish","type":"product","link":"https:\/\/stylingagenten.com\/da\/produkt\/creed-royal-water-edp-100ml\/","title":{"rendered":"Creed Royal Water Edp 100ml"},"content":{"rendered":"<p><strong>Royal Water<\/strong> fra Creed er en aromatisk citrusduft til kvinder og m\u00e6nd. Royal Water blev lanceret i 1997. Royal Water er en frisk og ren duft til den nye generation af royalty, som er elsket af b\u00e5de m\u00e6nd og kvinder.<\/p>\n<p>Topnoter: Citrus og Mynte<br \/> Hjertenoter: Eneb\u00e6r og basilikum<br \/>Basenoter: Moskus og ambra.<\/p>\n","protected":false},"excerpt":{"rendered":"<p>Royal Water fra Creed er en aromatisk citrusduft til kvinder og m\u00e6nd. Royal Water blev lanceret i 1997. Royal Water er en frisk og ren duft til den nye generation af royalty, som er elsket af b\u00e5de m\u00e6nd og kvinder. Topnoter: Citrus og Mynte Hjertenoter: Eneb\u00e6r og basilikumBasenoter: Moskus og ambra.<\/p>\n","protected":false},"featured_media":139007,"comment_status":"open","ping_status":"closed","template":"","meta":{"_trash_the_other_posts":false},"product_brand":[],"product_cat":[708,735,1000],"product_tag":[2743],"berocket_brand":[1236],"class_list":{"0":"post-139008","1":"product","2":"type-product","3":"status-publish","4":"has-post-thumbnail","6":"product_cat-eau-de-parfum-gentr","7":"product_cat-kampagne","8":"product_cat-kampagnetilbud-til-ham","9":"product_tag-creed-royal-water-edp","10":"pa_brand-creed","11":"pa_variant-100ml","12":"berocket_brand-creed","14":"first","15":"instock","16":"sale","17":"taxable","18":"shipping-taxable","19":"purchasable","20":"product-type-simple"},"_links":{"self":[{"href":"https:\/\/stylingagenten.com\/da\/wp-json\/wp\/v2\/product\/139008","targetHints":{"allow":["GET"]}}],"collection":[{"href":"https:\/\/stylingagenten.com\/da\/wp-json\/wp\/v2\/product"}],"about":[{"href":"https:\/\/stylingagenten.com\/da\/wp-json\/wp\/v2\/types\/product"}],"replies":[{"embeddable":true,"href":"https:\/\/stylingagenten.com\/da\/wp-json\/wp\/v2\/comments?post=139008"}],"version-history":[{"count":0,"href":"https:\/\/stylingagenten.com\/da\/wp-json\/wp\/v2\/product\/139008\/revisions"}],"wp:featuredmedia":[{"embeddable":true,"href":"https:\/\/stylingagenten.com\/da\/wp-json\/wp\/v2\/media\/139007"}],"wp:attachment":[{"href":"https:\/\/stylingagenten.com\/da\/wp-json\/wp\/v2\/media?parent=139008"}],"wp:term":[{"taxonomy":"product_brand","embeddable":true,"href":"https:\/\/stylingagenten.com\/da\/wp-json\/wp\/v2\/product_brand?post=139008"},{"taxonomy":"product_cat","embeddable":true,"href":"https:\/\/stylingagenten.com\/da\/wp-json\/wp\/v2\/product_cat?post=139008"},{"taxonomy":"product_tag","embeddable":true,"href":"https:\/\/stylingagenten.com\/da\/wp-json\/wp\/v2\/product_tag?post=139008"},{"taxonomy":"berocket_brand","embeddable":true,"href":"https:\/\/stylingagenten.com\/da\/wp-json\/wp\/v2\/berocket_brand?post=139008"}],"curies":[{"name":"wp","href":"https:\/\/api.w.org\/{rel}","templated":true}]}}