{"id":138992,"date":"2025-05-18T22:57:00","date_gmt":"2025-05-18T22:57:00","guid":{"rendered":"https:\/\/staging2.stylingagenten.com\/da\/produkt\/creed-virgin-island-water-edp-100ml\/"},"modified":"2026-03-25T14:28:57","modified_gmt":"2026-03-25T14:28:57","slug":"creed-virgin-island-water-edp-100ml","status":"publish","type":"product","link":"https:\/\/stylingagenten.com\/da\/produkt\/creed-virgin-island-water-edp-100ml\/","title":{"rendered":"Creed Virgin Island Water Edp 100ml"},"content":{"rendered":"<p><strong>Virgin Island Water<\/strong> fra Creed er en citrusduft til kvinder og m\u00e6nd. Virgin Island Water var inspireret af en sejltur n\u00e6r Ginger Island i Caribien. Denne unisex-parfume hylder tropisk pragt og eksotiske dufte.<\/p>\n<p>Topnoter: Kokosn\u00f8d, lime, hvid bergamot og siciliansk mandarin<br \/>Hjertenoter: Ingef\u00e6r, ylang-ylang, indisk jasmin og hibiscus<br \/> Basisnoter : Hvid rom, sukkerr\u00f8r og moskus.<\/p>\n","protected":false},"excerpt":{"rendered":"<p>Virgin Island Water fra Creed er en citrusduft til kvinder og m\u00e6nd. Virgin Island Water var inspireret af en sejltur n\u00e6r Ginger Island i Caribien. Denne unisex-parfume hylder tropisk pragt og eksotiske dufte. Topnoter: Kokosn\u00f8d, lime, hvid bergamot og siciliansk mandarinHjertenoter: Ingef\u00e6r, ylang-ylang, indisk jasmin og hibiscus Basisnoter : Hvid rom, sukkerr\u00f8r og moskus.<\/p>\n","protected":false},"featured_media":138991,"comment_status":"open","ping_status":"closed","template":"","meta":{"_trash_the_other_posts":false},"product_brand":[],"product_cat":[708,735,1000,713],"product_tag":[2747],"berocket_brand":[1236],"class_list":{"0":"post-138992","1":"product","2":"type-product","3":"status-publish","4":"has-post-thumbnail","6":"product_cat-eau-de-parfum-gentr","7":"product_cat-kampagne","8":"product_cat-kampagnetilbud-til-ham","9":"product_cat-parfume-unisex","10":"product_tag-creed-virgin-island-water-edp","11":"pa_brand-creed","12":"pa_variant-100ml","13":"berocket_brand-creed","15":"first","16":"instock","17":"sale","18":"taxable","19":"shipping-taxable","20":"purchasable","21":"product-type-simple"},"_links":{"self":[{"href":"https:\/\/stylingagenten.com\/da\/wp-json\/wp\/v2\/product\/138992","targetHints":{"allow":["GET"]}}],"collection":[{"href":"https:\/\/stylingagenten.com\/da\/wp-json\/wp\/v2\/product"}],"about":[{"href":"https:\/\/stylingagenten.com\/da\/wp-json\/wp\/v2\/types\/product"}],"replies":[{"embeddable":true,"href":"https:\/\/stylingagenten.com\/da\/wp-json\/wp\/v2\/comments?post=138992"}],"version-history":[{"count":0,"href":"https:\/\/stylingagenten.com\/da\/wp-json\/wp\/v2\/product\/138992\/revisions"}],"wp:featuredmedia":[{"embeddable":true,"href":"https:\/\/stylingagenten.com\/da\/wp-json\/wp\/v2\/media\/138991"}],"wp:attachment":[{"href":"https:\/\/stylingagenten.com\/da\/wp-json\/wp\/v2\/media?parent=138992"}],"wp:term":[{"taxonomy":"product_brand","embeddable":true,"href":"https:\/\/stylingagenten.com\/da\/wp-json\/wp\/v2\/product_brand?post=138992"},{"taxonomy":"product_cat","embeddable":true,"href":"https:\/\/stylingagenten.com\/da\/wp-json\/wp\/v2\/product_cat?post=138992"},{"taxonomy":"product_tag","embeddable":true,"href":"https:\/\/stylingagenten.com\/da\/wp-json\/wp\/v2\/product_tag?post=138992"},{"taxonomy":"berocket_brand","embeddable":true,"href":"https:\/\/stylingagenten.com\/da\/wp-json\/wp\/v2\/berocket_brand?post=138992"}],"curies":[{"name":"wp","href":"https:\/\/api.w.org\/{rel}","templated":true}]}}