{"id":138977,"date":"2025-05-18T22:56:56","date_gmt":"2025-05-18T22:56:56","guid":{"rendered":"https:\/\/staging2.stylingagenten.com\/da\/produkt\/cristiano-ronaldo-cr7-play-it-cool-edt-50ml\/"},"modified":"2026-04-13T03:48:34","modified_gmt":"2026-04-13T03:48:34","slug":"cristiano-ronaldo-cr7-play-it-cool-edt-50ml","status":"publish","type":"product","link":"https:\/\/stylingagenten.com\/da\/produkt\/cristiano-ronaldo-cr7-play-it-cool-edt-50ml\/","title":{"rendered":"Cristiano Ronaldo CR7 Play It Cool Edt 50ml"},"content":{"rendered":"<p>CR7 Play It Cool af Cristiano Ronaldo er en duft til m\u00e6nd med en afslappet, selvsikker og cool livsstil &ndash; ligesom Ronaldo selv.<\/p>\n<p>Duftnoter: mandarin, bergamot, p\u00e6re, lavendel, kardemomme, akvatisk akkord, rav, tonkab\u00f8nne, moskus<\/p>\n","protected":false},"excerpt":{"rendered":"<p>CR7 Play It Cool af Cristiano Ronaldo er en duft til m\u00e6nd med en afslappet, selvsikker og cool livsstil &ndash; ligesom Ronaldo selv. Duftnoter: mandarin, bergamot, p\u00e6re, lavendel, kardemomme, akvatisk akkord, rav, tonkab\u00f8nne, moskus<\/p>\n","protected":false},"featured_media":138973,"comment_status":"open","ping_status":"closed","template":"","meta":{"_trash_the_other_posts":false},"product_brand":[],"product_cat":[814,709,735,1000],"product_tag":[2750],"berocket_brand":[1141],"class_list":{"0":"post-138977","1":"product","2":"type-product","3":"status-publish","4":"has-post-thumbnail","6":"product_cat-cristiano-ronaldo-cr7","7":"product_cat-eau-de-toilette-mr","8":"product_cat-kampagne","9":"product_cat-kampagnetilbud-til-ham","10":"product_tag-cristiano-ronaldo-cr7-play-it-cool-edt","11":"pa_brand-cristiano-ronaldo","12":"pa_variant-50ml","13":"berocket_brand-cristiano-ronaldo","15":"first","16":"outofstock","17":"sale","18":"taxable","19":"shipping-taxable","20":"purchasable","21":"product-type-simple"},"_links":{"self":[{"href":"https:\/\/stylingagenten.com\/da\/wp-json\/wp\/v2\/product\/138977","targetHints":{"allow":["GET"]}}],"collection":[{"href":"https:\/\/stylingagenten.com\/da\/wp-json\/wp\/v2\/product"}],"about":[{"href":"https:\/\/stylingagenten.com\/da\/wp-json\/wp\/v2\/types\/product"}],"replies":[{"embeddable":true,"href":"https:\/\/stylingagenten.com\/da\/wp-json\/wp\/v2\/comments?post=138977"}],"version-history":[{"count":0,"href":"https:\/\/stylingagenten.com\/da\/wp-json\/wp\/v2\/product\/138977\/revisions"}],"wp:featuredmedia":[{"embeddable":true,"href":"https:\/\/stylingagenten.com\/da\/wp-json\/wp\/v2\/media\/138973"}],"wp:attachment":[{"href":"https:\/\/stylingagenten.com\/da\/wp-json\/wp\/v2\/media?parent=138977"}],"wp:term":[{"taxonomy":"product_brand","embeddable":true,"href":"https:\/\/stylingagenten.com\/da\/wp-json\/wp\/v2\/product_brand?post=138977"},{"taxonomy":"product_cat","embeddable":true,"href":"https:\/\/stylingagenten.com\/da\/wp-json\/wp\/v2\/product_cat?post=138977"},{"taxonomy":"product_tag","embeddable":true,"href":"https:\/\/stylingagenten.com\/da\/wp-json\/wp\/v2\/product_tag?post=138977"},{"taxonomy":"berocket_brand","embeddable":true,"href":"https:\/\/stylingagenten.com\/da\/wp-json\/wp\/v2\/berocket_brand?post=138977"}],"curies":[{"name":"wp","href":"https:\/\/api.w.org\/{rel}","templated":true}]}}