{"id":138965,"date":"2025-05-18T22:56:53","date_gmt":"2025-05-18T22:56:53","guid":{"rendered":"https:\/\/staging2.stylingagenten.com\/da\/produkt\/cristiano-ronaldo-cr7-play-it-cool-edt-30ml\/"},"modified":"2026-04-13T09:17:30","modified_gmt":"2026-04-13T09:17:30","slug":"cristiano-ronaldo-cr7-play-it-cool-edt-30ml","status":"publish","type":"product","link":"https:\/\/stylingagenten.com\/da\/produkt\/cristiano-ronaldo-cr7-play-it-cool-edt-30ml\/","title":{"rendered":"Cristiano Ronaldo CR7 Play It Cool Edt 30ml"},"content":{"rendered":"<p>CR7 Play It Cool af Cristiano Ronaldo er en duft til m\u00e6nd med en afslappet, selvsikker og cool livsstil &ndash; ligesom Ronaldo selv.<\/p>\n<p>Duftnoter: mandarin, bergamot, p\u00e6re, lavendel, kardemomme, akvatisk akkord, rav, tonkab\u00f8nne, moskus<\/p>\n","protected":false},"excerpt":{"rendered":"<p>CR7 Play It Cool af Cristiano Ronaldo er en duft til m\u00e6nd med en afslappet, selvsikker og cool livsstil &ndash; ligesom Ronaldo selv. Duftnoter: mandarin, bergamot, p\u00e6re, lavendel, kardemomme, akvatisk akkord, rav, tonkab\u00f8nne, moskus<\/p>\n","protected":false},"featured_media":138960,"comment_status":"open","ping_status":"closed","template":"","meta":{"_trash_the_other_posts":false},"product_brand":[],"product_cat":[814,709],"product_tag":[2750],"berocket_brand":[1141],"class_list":{"0":"post-138965","1":"product","2":"type-product","3":"status-publish","4":"has-post-thumbnail","6":"product_cat-cristiano-ronaldo-cr7","7":"product_cat-eau-de-toilette-mr","8":"product_tag-cristiano-ronaldo-cr7-play-it-cool-edt","9":"pa_brand-cristiano-ronaldo","10":"pa_variant-30ml","11":"berocket_brand-cristiano-ronaldo","13":"first","14":"instock","15":"sale","16":"taxable","17":"shipping-taxable","18":"purchasable","19":"product-type-simple"},"_links":{"self":[{"href":"https:\/\/stylingagenten.com\/da\/wp-json\/wp\/v2\/product\/138965","targetHints":{"allow":["GET"]}}],"collection":[{"href":"https:\/\/stylingagenten.com\/da\/wp-json\/wp\/v2\/product"}],"about":[{"href":"https:\/\/stylingagenten.com\/da\/wp-json\/wp\/v2\/types\/product"}],"replies":[{"embeddable":true,"href":"https:\/\/stylingagenten.com\/da\/wp-json\/wp\/v2\/comments?post=138965"}],"version-history":[{"count":0,"href":"https:\/\/stylingagenten.com\/da\/wp-json\/wp\/v2\/product\/138965\/revisions"}],"wp:featuredmedia":[{"embeddable":true,"href":"https:\/\/stylingagenten.com\/da\/wp-json\/wp\/v2\/media\/138960"}],"wp:attachment":[{"href":"https:\/\/stylingagenten.com\/da\/wp-json\/wp\/v2\/media?parent=138965"}],"wp:term":[{"taxonomy":"product_brand","embeddable":true,"href":"https:\/\/stylingagenten.com\/da\/wp-json\/wp\/v2\/product_brand?post=138965"},{"taxonomy":"product_cat","embeddable":true,"href":"https:\/\/stylingagenten.com\/da\/wp-json\/wp\/v2\/product_cat?post=138965"},{"taxonomy":"product_tag","embeddable":true,"href":"https:\/\/stylingagenten.com\/da\/wp-json\/wp\/v2\/product_tag?post=138965"},{"taxonomy":"berocket_brand","embeddable":true,"href":"https:\/\/stylingagenten.com\/da\/wp-json\/wp\/v2\/berocket_brand?post=138965"}],"curies":[{"name":"wp","href":"https:\/\/api.w.org\/{rel}","templated":true}]}}