{"id":138877,"date":"2025-05-18T22:56:31","date_gmt":"2025-05-18T22:56:31","guid":{"rendered":"https:\/\/staging2.stylingagenten.com\/da\/produkt\/oscar-de-la-renta-pour-lui-edt-90ml\/"},"modified":"2026-03-28T17:48:29","modified_gmt":"2026-03-28T17:48:29","slug":"oscar-de-la-renta-pour-lui-edt-90ml","status":"publish","type":"product","link":"https:\/\/stylingagenten.com\/da\/produkt\/oscar-de-la-renta-pour-lui-edt-90ml\/","title":{"rendered":"Oscar de la Renta Pour Lui Edt 90ml"},"content":{"rendered":"<p>Oscar de la Renta Pour Lui Edt 90ml er en duft til m\u00e6nd lanceret i 1980.<\/p>\n<p><strong>Duftnoter:<\/strong> aldehyder, spidskommen, eneb\u00e6r, lavendel, galbanum, basilikum, salvie, anis, bergamot, cyclamen, nelliker, patchouli, kanel, vetiver, cedertr\u00e6, geranium, labdanum, l\u00e6der, sandeltr\u00e6, moskus og egemos.<\/p>\n","protected":false},"excerpt":{"rendered":"<p>Oscar de la Renta Pour Lui Edt 90ml er en duft til m\u00e6nd lanceret i 1980. Duftnoter: aldehyder, spidskommen, eneb\u00e6r, lavendel, galbanum, basilikum, salvie, anis, bergamot, cyclamen, nelliker, patchouli, kanel, vetiver, cedertr\u00e6, geranium, labdanum, l\u00e6der, sandeltr\u00e6, moskus og egemos.<\/p>\n","protected":false},"featured_media":138866,"comment_status":"open","ping_status":"closed","template":"","meta":{"_trash_the_other_posts":false},"product_brand":[],"product_cat":[709,735,1000],"product_tag":[],"berocket_brand":[1047],"class_list":{"0":"post-138877","1":"product","2":"type-product","3":"status-publish","4":"has-post-thumbnail","6":"product_cat-eau-de-toilette-mr","7":"product_cat-kampagne","8":"product_cat-kampagnetilbud-til-ham","9":"pa_brand-oscar-de-la-renta","10":"berocket_brand-oscar-de-la-renta","12":"first","13":"outofstock","14":"sale","15":"taxable","16":"shipping-taxable","17":"purchasable","18":"product-type-simple"},"_links":{"self":[{"href":"https:\/\/stylingagenten.com\/da\/wp-json\/wp\/v2\/product\/138877","targetHints":{"allow":["GET"]}}],"collection":[{"href":"https:\/\/stylingagenten.com\/da\/wp-json\/wp\/v2\/product"}],"about":[{"href":"https:\/\/stylingagenten.com\/da\/wp-json\/wp\/v2\/types\/product"}],"replies":[{"embeddable":true,"href":"https:\/\/stylingagenten.com\/da\/wp-json\/wp\/v2\/comments?post=138877"}],"version-history":[{"count":0,"href":"https:\/\/stylingagenten.com\/da\/wp-json\/wp\/v2\/product\/138877\/revisions"}],"wp:featuredmedia":[{"embeddable":true,"href":"https:\/\/stylingagenten.com\/da\/wp-json\/wp\/v2\/media\/138866"}],"wp:attachment":[{"href":"https:\/\/stylingagenten.com\/da\/wp-json\/wp\/v2\/media?parent=138877"}],"wp:term":[{"taxonomy":"product_brand","embeddable":true,"href":"https:\/\/stylingagenten.com\/da\/wp-json\/wp\/v2\/product_brand?post=138877"},{"taxonomy":"product_cat","embeddable":true,"href":"https:\/\/stylingagenten.com\/da\/wp-json\/wp\/v2\/product_cat?post=138877"},{"taxonomy":"product_tag","embeddable":true,"href":"https:\/\/stylingagenten.com\/da\/wp-json\/wp\/v2\/product_tag?post=138877"},{"taxonomy":"berocket_brand","embeddable":true,"href":"https:\/\/stylingagenten.com\/da\/wp-json\/wp\/v2\/berocket_brand?post=138877"}],"curies":[{"name":"wp","href":"https:\/\/api.w.org\/{rel}","templated":true}]}}