{"id":138861,"date":"2025-05-18T22:56:27","date_gmt":"2025-05-18T22:56:27","guid":{"rendered":"https:\/\/staging2.stylingagenten.com\/da\/produkt\/cerruti-1881-men-edt-50ml\/"},"modified":"2026-03-25T14:30:12","modified_gmt":"2026-03-25T14:30:12","slug":"cerruti-1881-men-edt-50ml","status":"publish","type":"product","link":"https:\/\/stylingagenten.com\/da\/produkt\/cerruti-1881-men-edt-50ml\/","title":{"rendered":"Cerruti 1881 Men Edt 50ml"},"content":{"rendered":"<p>Cerrutti 1881 For Men er en aromatisk og tr\u00e6agtig parfume med en maskulin krydret karakter, der giver dig et klassisk, friskt og rent look.<\/p>\n<p><strong>Duftnoter:<\/strong> bergamot, eneb\u00e6r, galbanum , nellike, lavendel, solb\u00e6r, ylang-ylang, maybells, vetiver, sandeltr\u00e6, cedertr\u00e6, egemos &amp; patchouli.<\/p>\n","protected":false},"excerpt":{"rendered":"<p>Cerrutti 1881 For Men er en aromatisk og tr\u00e6agtig parfume med en maskulin krydret karakter, der giver dig et klassisk, friskt og rent look. Duftnoter: bergamot, eneb\u00e6r, galbanum , nellike, lavendel, solb\u00e6r, ylang-ylang, maybells, vetiver, sandeltr\u00e6, cedertr\u00e6, egemos &amp; patchouli.<\/p>\n","protected":false},"featured_media":138857,"comment_status":"open","ping_status":"closed","template":"","meta":{"_trash_the_other_posts":false},"product_brand":[],"product_cat":[799,709,735,1006,1000],"product_tag":[2682],"berocket_brand":[1075],"class_list":{"0":"post-138861","1":"product","2":"type-product","3":"status-publish","4":"has-post-thumbnail","6":"product_cat-cerruti-1881-men","7":"product_cat-eau-de-toilette-mr","8":"product_cat-kampagne","9":"product_cat-kampagnepris","10":"product_cat-kampagnetilbud-til-ham","11":"product_tag-cerruti-1881-men-edt","12":"pa_brand-cerruti","13":"pa_variant-50ml","14":"berocket_brand-cerruti","16":"first","17":"instock","18":"sale","19":"taxable","20":"shipping-taxable","21":"purchasable","22":"product-type-simple"},"_links":{"self":[{"href":"https:\/\/stylingagenten.com\/da\/wp-json\/wp\/v2\/product\/138861","targetHints":{"allow":["GET"]}}],"collection":[{"href":"https:\/\/stylingagenten.com\/da\/wp-json\/wp\/v2\/product"}],"about":[{"href":"https:\/\/stylingagenten.com\/da\/wp-json\/wp\/v2\/types\/product"}],"replies":[{"embeddable":true,"href":"https:\/\/stylingagenten.com\/da\/wp-json\/wp\/v2\/comments?post=138861"}],"version-history":[{"count":0,"href":"https:\/\/stylingagenten.com\/da\/wp-json\/wp\/v2\/product\/138861\/revisions"}],"wp:featuredmedia":[{"embeddable":true,"href":"https:\/\/stylingagenten.com\/da\/wp-json\/wp\/v2\/media\/138857"}],"wp:attachment":[{"href":"https:\/\/stylingagenten.com\/da\/wp-json\/wp\/v2\/media?parent=138861"}],"wp:term":[{"taxonomy":"product_brand","embeddable":true,"href":"https:\/\/stylingagenten.com\/da\/wp-json\/wp\/v2\/product_brand?post=138861"},{"taxonomy":"product_cat","embeddable":true,"href":"https:\/\/stylingagenten.com\/da\/wp-json\/wp\/v2\/product_cat?post=138861"},{"taxonomy":"product_tag","embeddable":true,"href":"https:\/\/stylingagenten.com\/da\/wp-json\/wp\/v2\/product_tag?post=138861"},{"taxonomy":"berocket_brand","embeddable":true,"href":"https:\/\/stylingagenten.com\/da\/wp-json\/wp\/v2\/berocket_brand?post=138861"}],"curies":[{"name":"wp","href":"https:\/\/api.w.org\/{rel}","templated":true}]}}