{"id":138832,"date":"2025-05-18T22:56:18","date_gmt":"2025-05-18T22:56:18","guid":{"rendered":"https:\/\/staging2.stylingagenten.com\/da\/produkt\/paco-rabanne-black-xs-for-him-edt-100ml\/"},"modified":"2026-03-11T22:05:51","modified_gmt":"2026-03-11T22:05:51","slug":"paco-rabanne-black-xs-for-him-edt-100ml","status":"publish","type":"product","link":"https:\/\/stylingagenten.com\/da\/produkt\/paco-rabanne-black-xs-for-him-edt-100ml\/","title":{"rendered":"Paco Rabanne Black XS For Him Edt 100ml"},"content":{"rendered":"<p>Paco Rabanne Black XS er en duft til en ny generation af m\u00e6nd. En fed og provokerende duft til h\u00e5rde m\u00e6nd med et blidt hjerte. Denne parfume har en tr\u00e6agtig, viril og kraftfuld duft.<\/p>\n<p><strong>Duftnoter:&nbsp;<\/strong>calabrisk, citron, salvie, br\u00e6ndt mandel, kardemomme, ibenholt tr\u00e6; &amp; sort rav.<\/p>\n","protected":false},"excerpt":{"rendered":"<p>Paco Rabanne Black XS er en duft til en ny generation af m\u00e6nd. En fed og provokerende duft til h\u00e5rde m\u00e6nd med et blidt hjerte. Denne parfume har en tr\u00e6agtig, viril og kraftfuld duft. Duftnoter:&nbsp;calabrisk, citron, salvie, br\u00e6ndt mandel, kardemomme, ibenholt tr\u00e6; &amp; sort rav.<\/p>\n","protected":false},"featured_media":138822,"comment_status":"open","ping_status":"closed","template":"","meta":{"_trash_the_other_posts":false},"product_brand":[],"product_cat":[1003,709,735,1000,977],"product_tag":[3737],"berocket_brand":[1048],"class_list":{"0":"post-138832","1":"product","2":"type-product","3":"status-publish","4":"has-post-thumbnail","6":"product_cat-bestsellere","7":"product_cat-eau-de-toilette-mr","8":"product_cat-kampagne","9":"product_cat-kampagnetilbud-til-ham","10":"product_cat-paul-smith-extreme-for-men","11":"product_tag-paco-rabanne-black-xs-for-him-edt","12":"pa_brand-paco-rabanne","13":"pa_variant-100ml","14":"berocket_brand-paco-rabanne","16":"first","17":"instock","18":"sale","19":"taxable","20":"shipping-taxable","21":"purchasable","22":"product-type-simple"},"_links":{"self":[{"href":"https:\/\/stylingagenten.com\/da\/wp-json\/wp\/v2\/product\/138832","targetHints":{"allow":["GET"]}}],"collection":[{"href":"https:\/\/stylingagenten.com\/da\/wp-json\/wp\/v2\/product"}],"about":[{"href":"https:\/\/stylingagenten.com\/da\/wp-json\/wp\/v2\/types\/product"}],"replies":[{"embeddable":true,"href":"https:\/\/stylingagenten.com\/da\/wp-json\/wp\/v2\/comments?post=138832"}],"version-history":[{"count":0,"href":"https:\/\/stylingagenten.com\/da\/wp-json\/wp\/v2\/product\/138832\/revisions"}],"wp:featuredmedia":[{"embeddable":true,"href":"https:\/\/stylingagenten.com\/da\/wp-json\/wp\/v2\/media\/138822"}],"wp:attachment":[{"href":"https:\/\/stylingagenten.com\/da\/wp-json\/wp\/v2\/media?parent=138832"}],"wp:term":[{"taxonomy":"product_brand","embeddable":true,"href":"https:\/\/stylingagenten.com\/da\/wp-json\/wp\/v2\/product_brand?post=138832"},{"taxonomy":"product_cat","embeddable":true,"href":"https:\/\/stylingagenten.com\/da\/wp-json\/wp\/v2\/product_cat?post=138832"},{"taxonomy":"product_tag","embeddable":true,"href":"https:\/\/stylingagenten.com\/da\/wp-json\/wp\/v2\/product_tag?post=138832"},{"taxonomy":"berocket_brand","embeddable":true,"href":"https:\/\/stylingagenten.com\/da\/wp-json\/wp\/v2\/berocket_brand?post=138832"}],"curies":[{"name":"wp","href":"https:\/\/api.w.org\/{rel}","templated":true}]}}