{"id":138781,"date":"2025-05-18T22:56:06","date_gmt":"2025-05-18T22:56:06","guid":{"rendered":"https:\/\/staging2.stylingagenten.com\/da\/produkt\/tommy-hilfiger-impact-edt-50ml\/"},"modified":"2025-11-19T11:52:38","modified_gmt":"2025-11-19T11:52:38","slug":"tommy-hilfiger-impact-edt-50ml","status":"publish","type":"product","link":"https:\/\/stylingagenten.com\/da\/produkt\/tommy-hilfiger-impact-edt-50ml\/","title":{"rendered":"Tommy Hilfiger Impact Edt 50ml"},"content":{"rendered":"<p><strong>Impact&nbsp;<\/strong>af&nbsp;Tommy Hilfiger&nbsp;er en aromatisk frugtagtig duft til m\u00e6nd. Fed og dynamisk, Tommy Hilfiger IMPACT opfordrer dig til at udfordre hverdagens status quo. Det er tid til at finde din egen m\u00e5de. Det er tid til at finde din egen IMPACT.<\/p>\n<p>Topnoter: R\u00f8dt \u00e6ble, saftig grapefrugt, bitter appelsin, bergamot og pink peber<br \/>Hjertenoter: Elemi, ferskencypres, salvie og labdanum<br \/>Base noter: Cedertr\u00e6, rav, moskus, cremet sandeltr\u00e6; og Akigaltr&auml;<\/p>\n","protected":false},"excerpt":{"rendered":"<p>Impact&nbsp;af&nbsp;Tommy Hilfiger&nbsp;er en aromatisk frugtagtig duft til m\u00e6nd. Fed og dynamisk, Tommy Hilfiger IMPACT opfordrer dig til at udfordre hverdagens status quo. Det er tid til at finde din egen m\u00e5de. Det er tid til at finde din egen IMPACT. Topnoter: R\u00f8dt \u00e6ble, saftig grapefrugt, bitter appelsin, bergamot og pink peberHjertenoter: Elemi, ferskencypres, salvie og [&hellip;]<\/p>\n","protected":false},"featured_media":138777,"comment_status":"open","ping_status":"closed","template":"","meta":{"_trash_the_other_posts":false},"product_brand":[],"product_cat":[709],"product_tag":[],"berocket_brand":[2034],"class_list":{"0":"post-138781","1":"product","2":"type-product","3":"status-publish","4":"has-post-thumbnail","6":"product_cat-eau-de-toilette-mr","7":"pa_brand-tommy-hilfinger","8":"berocket_brand-tommy-hilfinger","10":"first","11":"outofstock","12":"sale","13":"taxable","14":"shipping-taxable","15":"purchasable","16":"product-type-simple"},"_links":{"self":[{"href":"https:\/\/stylingagenten.com\/da\/wp-json\/wp\/v2\/product\/138781","targetHints":{"allow":["GET"]}}],"collection":[{"href":"https:\/\/stylingagenten.com\/da\/wp-json\/wp\/v2\/product"}],"about":[{"href":"https:\/\/stylingagenten.com\/da\/wp-json\/wp\/v2\/types\/product"}],"replies":[{"embeddable":true,"href":"https:\/\/stylingagenten.com\/da\/wp-json\/wp\/v2\/comments?post=138781"}],"version-history":[{"count":0,"href":"https:\/\/stylingagenten.com\/da\/wp-json\/wp\/v2\/product\/138781\/revisions"}],"wp:featuredmedia":[{"embeddable":true,"href":"https:\/\/stylingagenten.com\/da\/wp-json\/wp\/v2\/media\/138777"}],"wp:attachment":[{"href":"https:\/\/stylingagenten.com\/da\/wp-json\/wp\/v2\/media?parent=138781"}],"wp:term":[{"taxonomy":"product_brand","embeddable":true,"href":"https:\/\/stylingagenten.com\/da\/wp-json\/wp\/v2\/product_brand?post=138781"},{"taxonomy":"product_cat","embeddable":true,"href":"https:\/\/stylingagenten.com\/da\/wp-json\/wp\/v2\/product_cat?post=138781"},{"taxonomy":"product_tag","embeddable":true,"href":"https:\/\/stylingagenten.com\/da\/wp-json\/wp\/v2\/product_tag?post=138781"},{"taxonomy":"berocket_brand","embeddable":true,"href":"https:\/\/stylingagenten.com\/da\/wp-json\/wp\/v2\/berocket_brand?post=138781"}],"curies":[{"name":"wp","href":"https:\/\/api.w.org\/{rel}","templated":true}]}}