{"id":138618,"date":"2025-05-18T22:55:27","date_gmt":"2025-05-18T22:55:27","guid":{"rendered":"https:\/\/staging2.stylingagenten.com\/da\/produkt\/mont-blanc-legend-edt-100ml\/"},"modified":"2026-03-11T22:04:32","modified_gmt":"2026-03-11T22:04:32","slug":"mont-blanc-legend-edt-100ml","status":"publish","type":"product","link":"https:\/\/stylingagenten.com\/da\/produkt\/mont-blanc-legend-edt-100ml\/","title":{"rendered":"Mont Blanc Legend Edt 100ml"},"content":{"rendered":"<p>Mont Blanc Legend Edt er en af \u200b\u200bverdens bedst s\u00e6lgende dufte til m\u00e6nd og har en frisk f\u00f8lelse af kvalitet og luksus.<\/p>\n<p data-empty=\"true \">Duftnoter: bergamot, litsea, lavendel , ananasblad, jasmin, cedertr\u00e6, pomerose, rose, evernyl, sandeltr\u00e6, ambrofix og tonkab\u00f8nne.<\/p>\n","protected":false},"excerpt":{"rendered":"<p>Mont Blanc Legend Edt er en af \u200b\u200bverdens bedst s\u00e6lgende dufte til m\u00e6nd og har en frisk f\u00f8lelse af kvalitet og luksus. Duftnoter: bergamot, litsea, lavendel , ananasblad, jasmin, cedertr\u00e6, pomerose, rose, evernyl, sandeltr\u00e6, ambrofix og tonkab\u00f8nne.<\/p>\n","protected":false},"featured_media":138617,"comment_status":"open","ping_status":"closed","template":"","meta":{"_trash_the_other_posts":false},"product_brand":[],"product_cat":[1003,709,735,1006,1000,961],"product_tag":[3582],"berocket_brand":[1079],"class_list":{"0":"post-138618","1":"product","2":"type-product","3":"status-publish","4":"has-post-thumbnail","6":"product_cat-bestsellere","7":"product_cat-eau-de-toilette-mr","8":"product_cat-kampagne","9":"product_cat-kampagnepris","10":"product_cat-kampagnetilbud-til-ham","11":"product_cat-mont-blanc-legend","12":"product_tag-mont-blanc-legend-edt","13":"pa_brand-mont-blanc","14":"pa_variant-100ml","15":"berocket_brand-mont-blanc","17":"first","18":"instock","19":"sale","20":"taxable","21":"shipping-taxable","22":"purchasable","23":"product-type-simple"},"_links":{"self":[{"href":"https:\/\/stylingagenten.com\/da\/wp-json\/wp\/v2\/product\/138618","targetHints":{"allow":["GET"]}}],"collection":[{"href":"https:\/\/stylingagenten.com\/da\/wp-json\/wp\/v2\/product"}],"about":[{"href":"https:\/\/stylingagenten.com\/da\/wp-json\/wp\/v2\/types\/product"}],"replies":[{"embeddable":true,"href":"https:\/\/stylingagenten.com\/da\/wp-json\/wp\/v2\/comments?post=138618"}],"version-history":[{"count":0,"href":"https:\/\/stylingagenten.com\/da\/wp-json\/wp\/v2\/product\/138618\/revisions"}],"wp:featuredmedia":[{"embeddable":true,"href":"https:\/\/stylingagenten.com\/da\/wp-json\/wp\/v2\/media\/138617"}],"wp:attachment":[{"href":"https:\/\/stylingagenten.com\/da\/wp-json\/wp\/v2\/media?parent=138618"}],"wp:term":[{"taxonomy":"product_brand","embeddable":true,"href":"https:\/\/stylingagenten.com\/da\/wp-json\/wp\/v2\/product_brand?post=138618"},{"taxonomy":"product_cat","embeddable":true,"href":"https:\/\/stylingagenten.com\/da\/wp-json\/wp\/v2\/product_cat?post=138618"},{"taxonomy":"product_tag","embeddable":true,"href":"https:\/\/stylingagenten.com\/da\/wp-json\/wp\/v2\/product_tag?post=138618"},{"taxonomy":"berocket_brand","embeddable":true,"href":"https:\/\/stylingagenten.com\/da\/wp-json\/wp\/v2\/berocket_brand?post=138618"}],"curies":[{"name":"wp","href":"https:\/\/api.w.org\/{rel}","templated":true}]}}