{"id":138616,"date":"2025-05-18T22:55:26","date_gmt":"2025-05-18T22:55:26","guid":{"rendered":"https:\/\/staging2.stylingagenten.com\/da\/produkt\/dior-homme-intense-edp-50ml\/"},"modified":"2026-03-11T22:06:35","modified_gmt":"2026-03-11T22:06:35","slug":"dior-homme-intense-edp-50ml","status":"publish","type":"product","link":"https:\/\/stylingagenten.com\/da\/produkt\/dior-homme-intense-edp-50ml\/","title":{"rendered":"Dior Homme Intense Edp 50ml"},"content":{"rendered":"<p>Dior Homme Intense Edp 50ml &auml;er en meget intens, men ogs\u00e5&aring; sofistikeret og sensuel limited edition duft til aftenbrug.<\/p>\n<p data-empty=\"true\">Duftnoter: iris, moskus, hibiscus, cedertr\u00e6, vetiver og tr\u00e6.<\/p>\n","protected":false},"excerpt":{"rendered":"<p>Dior Homme Intense Edp 50ml &auml;er en meget intens, men ogs\u00e5&aring; sofistikeret og sensuel limited edition duft til aftenbrug. Duftnoter: iris, moskus, hibiscus, cedertr\u00e6, vetiver og tr\u00e6.<\/p>\n","protected":false},"featured_media":445097,"comment_status":"open","ping_status":"closed","template":"","meta":{"_trash_the_other_posts":false},"product_brand":[],"product_cat":[708,735,1000],"product_tag":[2814],"berocket_brand":[1289],"class_list":{"0":"post-138616","1":"product","2":"type-product","3":"status-publish","4":"has-post-thumbnail","6":"product_cat-eau-de-parfum-gentr","7":"product_cat-kampagne","8":"product_cat-kampagnetilbud-til-ham","9":"product_tag-dior-homme-intense-edp","10":"pa_brand-dior","11":"pa_variant-50ml","12":"berocket_brand-dior","14":"first","15":"instock","16":"sale","17":"taxable","18":"shipping-taxable","19":"purchasable","20":"product-type-simple"},"_links":{"self":[{"href":"https:\/\/stylingagenten.com\/da\/wp-json\/wp\/v2\/product\/138616","targetHints":{"allow":["GET"]}}],"collection":[{"href":"https:\/\/stylingagenten.com\/da\/wp-json\/wp\/v2\/product"}],"about":[{"href":"https:\/\/stylingagenten.com\/da\/wp-json\/wp\/v2\/types\/product"}],"replies":[{"embeddable":true,"href":"https:\/\/stylingagenten.com\/da\/wp-json\/wp\/v2\/comments?post=138616"}],"version-history":[{"count":0,"href":"https:\/\/stylingagenten.com\/da\/wp-json\/wp\/v2\/product\/138616\/revisions"}],"wp:featuredmedia":[{"embeddable":true,"href":"https:\/\/stylingagenten.com\/da\/wp-json\/wp\/v2\/media\/445097"}],"wp:attachment":[{"href":"https:\/\/stylingagenten.com\/da\/wp-json\/wp\/v2\/media?parent=138616"}],"wp:term":[{"taxonomy":"product_brand","embeddable":true,"href":"https:\/\/stylingagenten.com\/da\/wp-json\/wp\/v2\/product_brand?post=138616"},{"taxonomy":"product_cat","embeddable":true,"href":"https:\/\/stylingagenten.com\/da\/wp-json\/wp\/v2\/product_cat?post=138616"},{"taxonomy":"product_tag","embeddable":true,"href":"https:\/\/stylingagenten.com\/da\/wp-json\/wp\/v2\/product_tag?post=138616"},{"taxonomy":"berocket_brand","embeddable":true,"href":"https:\/\/stylingagenten.com\/da\/wp-json\/wp\/v2\/berocket_brand?post=138616"}],"curies":[{"name":"wp","href":"https:\/\/api.w.org\/{rel}","templated":true}]}}