{"id":138535,"date":"2025-05-18T22:55:03","date_gmt":"2025-05-18T22:55:03","guid":{"rendered":"https:\/\/staging2.stylingagenten.com\/da\/produkt\/abercrombie-fitch-first-instinct-blue-edt-100ml\/"},"modified":"2026-04-05T10:08:32","modified_gmt":"2026-04-05T10:08:32","slug":"abercrombie-fitch-first-instinct-blue-edt-100ml","status":"publish","type":"product","link":"https:\/\/stylingagenten.com\/da\/produkt\/abercrombie-fitch-first-instinct-blue-edt-100ml\/","title":{"rendered":"Abercrombie &amp; Fitch First Instinct Blue Edt 100ml"},"content":{"rendered":"<p>First Instinct Blue for Men, En ny duftoplevelse for manden, der f\u00f8lger hans &lsquo;First Instinct&rsquo; Du kan se det i hans \u00f8jne og p\u00e5 hans smil, han er eventyrlysten og sigter mod stjernerne &ldquo;himlen er hans gr\u00e6nse&rdquo;.<br \/>Duften \u00e5bner med citrusfrugter og frostigt \u00e6ble. Hjertet er maskulint og aromatisk med strejf af klassisk lavendel og rosmarin. Peber tilf\u00f8jer overraskende varme og intensitet. Basen er bl\u00f8d og sensuel takket v\u00e6re tonkab\u00f8nne og sandeltr\u00e6. Ambertonic&trade; skaber en unik sensation med b\u00e5de varme og friskhed.<\/p>\n<p>Topnoter: Frost \u00e6ble, Kardemomme, Bergamot<br \/>Hjertenoter: Rosmarin, Peber, Lavendel<br \/>Basenoter: Ambertonic , Tonkab&ouml;na, Sandeltr\u00e6&auml;<\/p>\n","protected":false},"excerpt":{"rendered":"<p>First Instinct Blue for Men, En ny duftoplevelse for manden, der f\u00f8lger hans &lsquo;First Instinct&rsquo; Du kan se det i hans \u00f8jne og p\u00e5 hans smil, han er eventyrlysten og sigter mod stjernerne &ldquo;himlen er hans gr\u00e6nse&rdquo;.Duften \u00e5bner med citrusfrugter og frostigt \u00e6ble. Hjertet er maskulint og aromatisk med strejf af klassisk lavendel og rosmarin. [&hellip;]<\/p>\n","protected":false},"featured_media":138530,"comment_status":"open","ping_status":"closed","template":"","meta":{"_trash_the_other_posts":false},"product_brand":[],"product_cat":[709,735,1000],"product_tag":[],"berocket_brand":[1278],"class_list":{"0":"post-138535","1":"product","2":"type-product","3":"status-publish","4":"has-post-thumbnail","6":"product_cat-eau-de-toilette-mr","7":"product_cat-kampagne","8":"product_cat-kampagnetilbud-til-ham","9":"pa_brand-abercrombie-fitch","10":"berocket_brand-abercrombie-fitch","12":"first","13":"instock","14":"sale","15":"taxable","16":"shipping-taxable","17":"purchasable","18":"product-type-simple"},"_links":{"self":[{"href":"https:\/\/stylingagenten.com\/da\/wp-json\/wp\/v2\/product\/138535","targetHints":{"allow":["GET"]}}],"collection":[{"href":"https:\/\/stylingagenten.com\/da\/wp-json\/wp\/v2\/product"}],"about":[{"href":"https:\/\/stylingagenten.com\/da\/wp-json\/wp\/v2\/types\/product"}],"replies":[{"embeddable":true,"href":"https:\/\/stylingagenten.com\/da\/wp-json\/wp\/v2\/comments?post=138535"}],"version-history":[{"count":0,"href":"https:\/\/stylingagenten.com\/da\/wp-json\/wp\/v2\/product\/138535\/revisions"}],"wp:featuredmedia":[{"embeddable":true,"href":"https:\/\/stylingagenten.com\/da\/wp-json\/wp\/v2\/media\/138530"}],"wp:attachment":[{"href":"https:\/\/stylingagenten.com\/da\/wp-json\/wp\/v2\/media?parent=138535"}],"wp:term":[{"taxonomy":"product_brand","embeddable":true,"href":"https:\/\/stylingagenten.com\/da\/wp-json\/wp\/v2\/product_brand?post=138535"},{"taxonomy":"product_cat","embeddable":true,"href":"https:\/\/stylingagenten.com\/da\/wp-json\/wp\/v2\/product_cat?post=138535"},{"taxonomy":"product_tag","embeddable":true,"href":"https:\/\/stylingagenten.com\/da\/wp-json\/wp\/v2\/product_tag?post=138535"},{"taxonomy":"berocket_brand","embeddable":true,"href":"https:\/\/stylingagenten.com\/da\/wp-json\/wp\/v2\/berocket_brand?post=138535"}],"curies":[{"name":"wp","href":"https:\/\/api.w.org\/{rel}","templated":true}]}}