{"id":138480,"date":"2025-05-18T22:54:47","date_gmt":"2025-05-18T22:54:47","guid":{"rendered":"https:\/\/staging2.stylingagenten.com\/da\/produkt\/karl-lagerfeld-classic-grey-edt-100ml\/"},"modified":"2026-04-14T18:38:35","modified_gmt":"2026-04-14T18:38:35","slug":"karl-lagerfeld-classic-grey-edt-100ml","status":"publish","type":"product","link":"https:\/\/stylingagenten.com\/da\/produkt\/karl-lagerfeld-classic-grey-edt-100ml\/","title":{"rendered":"Karl Lagerfeld Classic Grey Edt 100ml"},"content":{"rendered":"<p>Karl Lagefeldt introducerer det n\u00e6ste kapitel i dufthistorien Classic, en eau de toilette skabt til m\u00e6rket i 1978 for at legemligg\u00f8re den unikke Karl Lagerfeld-signatur. Nu i form af en ny duft: Classic Grey Eau de Toilette. En moderne, elegant parfume skabt til m\u00e6nd med aromatiske noter af hasseltr\u00e6blade og frisk lavendel blandt topnoterne. Ceder og eg fylder duftens hjerte, som rundes af med en base af mos, sandeltr\u00e6 og bl\u00f8d vanilje.<\/p>\n","protected":false},"excerpt":{"rendered":"<p>Karl Lagefeldt introducerer det n\u00e6ste kapitel i dufthistorien Classic, en eau de toilette skabt til m\u00e6rket i 1978 for at legemligg\u00f8re den unikke Karl Lagerfeld-signatur. Nu i form af en ny duft: Classic Grey Eau de Toilette. En moderne, elegant parfume skabt til m\u00e6nd med aromatiske noter af hasseltr\u00e6blade og frisk lavendel blandt topnoterne. Ceder [&hellip;]<\/p>\n","protected":false},"featured_media":138469,"comment_status":"open","ping_status":"closed","template":"","meta":{"_trash_the_other_posts":false},"product_brand":[],"product_cat":[1003,709,735,1006,1000,924],"product_tag":[],"berocket_brand":[1068],"class_list":{"0":"post-138480","1":"product","2":"type-product","3":"status-publish","4":"has-post-thumbnail","6":"product_cat-bestsellere","7":"product_cat-eau-de-toilette-mr","8":"product_cat-kampagne","9":"product_cat-kampagnepris","10":"product_cat-kampagnetilbud-til-ham","11":"product_cat-karl-lagerfeld-classic","12":"pa_brand-karl-lagerfeld","13":"berocket_brand-karl-lagerfeld","15":"first","16":"instock","17":"sale","18":"taxable","19":"shipping-taxable","20":"purchasable","21":"product-type-simple"},"_links":{"self":[{"href":"https:\/\/stylingagenten.com\/da\/wp-json\/wp\/v2\/product\/138480","targetHints":{"allow":["GET"]}}],"collection":[{"href":"https:\/\/stylingagenten.com\/da\/wp-json\/wp\/v2\/product"}],"about":[{"href":"https:\/\/stylingagenten.com\/da\/wp-json\/wp\/v2\/types\/product"}],"replies":[{"embeddable":true,"href":"https:\/\/stylingagenten.com\/da\/wp-json\/wp\/v2\/comments?post=138480"}],"version-history":[{"count":0,"href":"https:\/\/stylingagenten.com\/da\/wp-json\/wp\/v2\/product\/138480\/revisions"}],"wp:featuredmedia":[{"embeddable":true,"href":"https:\/\/stylingagenten.com\/da\/wp-json\/wp\/v2\/media\/138469"}],"wp:attachment":[{"href":"https:\/\/stylingagenten.com\/da\/wp-json\/wp\/v2\/media?parent=138480"}],"wp:term":[{"taxonomy":"product_brand","embeddable":true,"href":"https:\/\/stylingagenten.com\/da\/wp-json\/wp\/v2\/product_brand?post=138480"},{"taxonomy":"product_cat","embeddable":true,"href":"https:\/\/stylingagenten.com\/da\/wp-json\/wp\/v2\/product_cat?post=138480"},{"taxonomy":"product_tag","embeddable":true,"href":"https:\/\/stylingagenten.com\/da\/wp-json\/wp\/v2\/product_tag?post=138480"},{"taxonomy":"berocket_brand","embeddable":true,"href":"https:\/\/stylingagenten.com\/da\/wp-json\/wp\/v2\/berocket_brand?post=138480"}],"curies":[{"name":"wp","href":"https:\/\/api.w.org\/{rel}","templated":true}]}}