{"id":138334,"date":"2025-05-18T22:54:05","date_gmt":"2025-05-18T22:54:05","guid":{"rendered":"https:\/\/staging2.stylingagenten.com\/da\/produkt\/dunhill-agar-wood-edp-100ml\/"},"modified":"2026-04-04T15:48:43","modified_gmt":"2026-04-04T15:48:43","slug":"dunhill-agar-wood-edp-100ml","status":"publish","type":"product","link":"https:\/\/stylingagenten.com\/da\/produkt\/dunhill-agar-wood-edp-100ml\/","title":{"rendered":"Dunhill Agar Wood Edp 100ml"},"content":{"rendered":"<p>dunhill Signature-dufte legemligg\u00f8r en k\u00e6rlighed til eventyr og opdagelse, og tilbyder distinkte og forh\u00f8jede m\u00f8der med dragende naturlige dufte og materialer.<\/p>\n<p>dunhill Signature: Agar Wood er en sj\u00e6lfuld oud bygget p\u00e5 en rig, mystisk base af ruskind, tobak og mastiks. Topnoter af Timur-peber, saltet ingef\u00e6r og italiensk bergamot shimmer ovenp\u00e5 et hjerte af sort iris, safranblomst, violblade og bl\u00e5 cypres.<\/p>\n","protected":false},"excerpt":{"rendered":"<p>dunhill Signature-dufte legemligg\u00f8r en k\u00e6rlighed til eventyr og opdagelse, og tilbyder distinkte og forh\u00f8jede m\u00f8der med dragende naturlige dufte og materialer. dunhill Signature: Agar Wood er en sj\u00e6lfuld oud bygget p\u00e5 en rig, mystisk base af ruskind, tobak og mastiks. Topnoter af Timur-peber, saltet ingef\u00e6r og italiensk bergamot shimmer ovenp\u00e5 et hjerte af sort iris, [&hellip;]<\/p>\n","protected":false},"featured_media":138331,"comment_status":"open","ping_status":"closed","template":"","meta":{"_trash_the_other_posts":false},"product_brand":[],"product_cat":[708,735,1000],"product_tag":[],"berocket_brand":[1296],"class_list":{"0":"post-138334","1":"product","2":"type-product","3":"status-publish","4":"has-post-thumbnail","6":"product_cat-eau-de-parfum-gentr","7":"product_cat-kampagne","8":"product_cat-kampagnetilbud-til-ham","9":"pa_brand-dunhill","10":"berocket_brand-dunhill","12":"first","13":"instock","14":"sale","15":"taxable","16":"shipping-taxable","17":"purchasable","18":"product-type-simple"},"_links":{"self":[{"href":"https:\/\/stylingagenten.com\/da\/wp-json\/wp\/v2\/product\/138334","targetHints":{"allow":["GET"]}}],"collection":[{"href":"https:\/\/stylingagenten.com\/da\/wp-json\/wp\/v2\/product"}],"about":[{"href":"https:\/\/stylingagenten.com\/da\/wp-json\/wp\/v2\/types\/product"}],"replies":[{"embeddable":true,"href":"https:\/\/stylingagenten.com\/da\/wp-json\/wp\/v2\/comments?post=138334"}],"version-history":[{"count":0,"href":"https:\/\/stylingagenten.com\/da\/wp-json\/wp\/v2\/product\/138334\/revisions"}],"wp:featuredmedia":[{"embeddable":true,"href":"https:\/\/stylingagenten.com\/da\/wp-json\/wp\/v2\/media\/138331"}],"wp:attachment":[{"href":"https:\/\/stylingagenten.com\/da\/wp-json\/wp\/v2\/media?parent=138334"}],"wp:term":[{"taxonomy":"product_brand","embeddable":true,"href":"https:\/\/stylingagenten.com\/da\/wp-json\/wp\/v2\/product_brand?post=138334"},{"taxonomy":"product_cat","embeddable":true,"href":"https:\/\/stylingagenten.com\/da\/wp-json\/wp\/v2\/product_cat?post=138334"},{"taxonomy":"product_tag","embeddable":true,"href":"https:\/\/stylingagenten.com\/da\/wp-json\/wp\/v2\/product_tag?post=138334"},{"taxonomy":"berocket_brand","embeddable":true,"href":"https:\/\/stylingagenten.com\/da\/wp-json\/wp\/v2\/berocket_brand?post=138334"}],"curies":[{"name":"wp","href":"https:\/\/api.w.org\/{rel}","templated":true}]}}