{"id":138310,"date":"2025-05-18T22:53:57","date_gmt":"2025-05-18T22:53:57","guid":{"rendered":"https:\/\/staging2.stylingagenten.com\/da\/produkt\/nautica-voyage-edt-100ml\/"},"modified":"2026-03-29T19:18:42","modified_gmt":"2026-03-29T19:18:42","slug":"nautica-voyage-edt-100ml","status":"publish","type":"product","link":"https:\/\/stylingagenten.com\/da\/produkt\/nautica-voyage-edt-100ml\/","title":{"rendered":"Nautica Voyage Edt 100ml"},"content":{"rendered":"<p>For den selvsikre mand, der vover at trodse ukendte farvande og opdage nye eventyr, er denne eau de toilette en maskulin, frugt-forward duft perfekt til hver dag. Denne friske, dristige og akvatiske duft er forankret af en rig blanding af spr\u00f8dt gr\u00f8nt \u00e6ble, gennembl\u00f8dt mimosa og vandlotus.<br \/>Topnoter: gr\u00f8nt \u00e6ble og gr\u00f8nne blade.<br \/>Basenoter: mimosa, vandaccord og vandlotus<\/p>\n","protected":false},"excerpt":{"rendered":"<p>For den selvsikre mand, der vover at trodse ukendte farvande og opdage nye eventyr, er denne eau de toilette en maskulin, frugt-forward duft perfekt til hver dag. Denne friske, dristige og akvatiske duft er forankret af en rig blanding af spr\u00f8dt gr\u00f8nt \u00e6ble, gennembl\u00f8dt mimosa og vandlotus.Topnoter: gr\u00f8nt \u00e6ble og gr\u00f8nne blade.Basenoter: mimosa, vandaccord og [&hellip;]<\/p>\n","protected":false},"featured_media":138307,"comment_status":"open","ping_status":"closed","template":"","meta":{"_trash_the_other_posts":false},"product_brand":[],"product_cat":[1003,709,735,1000],"product_tag":[3635],"berocket_brand":[1230],"class_list":{"0":"post-138310","1":"product","2":"type-product","3":"status-publish","4":"has-post-thumbnail","6":"product_cat-bestsellere","7":"product_cat-eau-de-toilette-mr","8":"product_cat-kampagne","9":"product_cat-kampagnetilbud-til-ham","10":"product_tag-nautica-voyage-edt","11":"pa_brand-nautica","12":"pa_variant-100ml","13":"berocket_brand-nautica","15":"first","16":"outofstock","17":"sale","18":"taxable","19":"shipping-taxable","20":"purchasable","21":"product-type-simple"},"_links":{"self":[{"href":"https:\/\/stylingagenten.com\/da\/wp-json\/wp\/v2\/product\/138310","targetHints":{"allow":["GET"]}}],"collection":[{"href":"https:\/\/stylingagenten.com\/da\/wp-json\/wp\/v2\/product"}],"about":[{"href":"https:\/\/stylingagenten.com\/da\/wp-json\/wp\/v2\/types\/product"}],"replies":[{"embeddable":true,"href":"https:\/\/stylingagenten.com\/da\/wp-json\/wp\/v2\/comments?post=138310"}],"version-history":[{"count":0,"href":"https:\/\/stylingagenten.com\/da\/wp-json\/wp\/v2\/product\/138310\/revisions"}],"wp:featuredmedia":[{"embeddable":true,"href":"https:\/\/stylingagenten.com\/da\/wp-json\/wp\/v2\/media\/138307"}],"wp:attachment":[{"href":"https:\/\/stylingagenten.com\/da\/wp-json\/wp\/v2\/media?parent=138310"}],"wp:term":[{"taxonomy":"product_brand","embeddable":true,"href":"https:\/\/stylingagenten.com\/da\/wp-json\/wp\/v2\/product_brand?post=138310"},{"taxonomy":"product_cat","embeddable":true,"href":"https:\/\/stylingagenten.com\/da\/wp-json\/wp\/v2\/product_cat?post=138310"},{"taxonomy":"product_tag","embeddable":true,"href":"https:\/\/stylingagenten.com\/da\/wp-json\/wp\/v2\/product_tag?post=138310"},{"taxonomy":"berocket_brand","embeddable":true,"href":"https:\/\/stylingagenten.com\/da\/wp-json\/wp\/v2\/berocket_brand?post=138310"}],"curies":[{"name":"wp","href":"https:\/\/api.w.org\/{rel}","templated":true}]}}