{"id":138294,"date":"2025-05-18T22:53:53","date_gmt":"2025-05-18T22:53:53","guid":{"rendered":"https:\/\/staging2.stylingagenten.com\/da\/produkt\/mont-blanc-legend-edt-50ml\/"},"modified":"2025-11-19T10:49:32","modified_gmt":"2025-11-19T10:49:32","slug":"mont-blanc-legend-edt-50ml","status":"publish","type":"product","link":"https:\/\/stylingagenten.com\/da\/produkt\/mont-blanc-legend-edt-50ml\/","title":{"rendered":"Mont Blanc Legend Edt 50ml"},"content":{"rendered":"<p>Mont Blanc Legend EDT er en af \u200b\u200bverdens bedst s\u00e6lgende dufte til m\u00e6nd og har en frisk f\u00f8lelse af kvalitet og luksus.<\/p>\n<p><strong>&nbsp;Duftnoter:<\/strong> bergamot, litsea, lavendel, ananasblad, jasmin, cedertr\u00e6, pomerose, rose, evernyl, sandeltr\u00e6, ambrofix og tonkab\u00f8nne.<\/p>\n","protected":false},"excerpt":{"rendered":"<p>Mont Blanc Legend EDT er en af \u200b\u200bverdens bedst s\u00e6lgende dufte til m\u00e6nd og har en frisk f\u00f8lelse af kvalitet og luksus. &nbsp;Duftnoter: bergamot, litsea, lavendel, ananasblad, jasmin, cedertr\u00e6, pomerose, rose, evernyl, sandeltr\u00e6, ambrofix og tonkab\u00f8nne.<\/p>\n","protected":false},"featured_media":138293,"comment_status":"open","ping_status":"closed","template":"","meta":{"_trash_the_other_posts":false},"product_brand":[],"product_cat":[709],"product_tag":[3582],"berocket_brand":[1079],"class_list":{"0":"post-138294","1":"product","2":"type-product","3":"status-publish","4":"has-post-thumbnail","6":"product_cat-eau-de-toilette-mr","7":"product_tag-mont-blanc-legend-edt","8":"pa_brand-mont-blanc","9":"pa_variant-50ml","10":"berocket_brand-mont-blanc","12":"first","13":"outofstock","14":"sale","15":"taxable","16":"shipping-taxable","17":"purchasable","18":"product-type-simple"},"_links":{"self":[{"href":"https:\/\/stylingagenten.com\/da\/wp-json\/wp\/v2\/product\/138294","targetHints":{"allow":["GET"]}}],"collection":[{"href":"https:\/\/stylingagenten.com\/da\/wp-json\/wp\/v2\/product"}],"about":[{"href":"https:\/\/stylingagenten.com\/da\/wp-json\/wp\/v2\/types\/product"}],"replies":[{"embeddable":true,"href":"https:\/\/stylingagenten.com\/da\/wp-json\/wp\/v2\/comments?post=138294"}],"version-history":[{"count":0,"href":"https:\/\/stylingagenten.com\/da\/wp-json\/wp\/v2\/product\/138294\/revisions"}],"wp:featuredmedia":[{"embeddable":true,"href":"https:\/\/stylingagenten.com\/da\/wp-json\/wp\/v2\/media\/138293"}],"wp:attachment":[{"href":"https:\/\/stylingagenten.com\/da\/wp-json\/wp\/v2\/media?parent=138294"}],"wp:term":[{"taxonomy":"product_brand","embeddable":true,"href":"https:\/\/stylingagenten.com\/da\/wp-json\/wp\/v2\/product_brand?post=138294"},{"taxonomy":"product_cat","embeddable":true,"href":"https:\/\/stylingagenten.com\/da\/wp-json\/wp\/v2\/product_cat?post=138294"},{"taxonomy":"product_tag","embeddable":true,"href":"https:\/\/stylingagenten.com\/da\/wp-json\/wp\/v2\/product_tag?post=138294"},{"taxonomy":"berocket_brand","embeddable":true,"href":"https:\/\/stylingagenten.com\/da\/wp-json\/wp\/v2\/berocket_brand?post=138294"}],"curies":[{"name":"wp","href":"https:\/\/api.w.org\/{rel}","templated":true}]}}