{"id":138232,"date":"2025-05-18T22:53:30","date_gmt":"2025-05-18T22:53:30","guid":{"rendered":"https:\/\/staging2.stylingagenten.com\/da\/produkt\/calvin-klein-eternity-air-for-men-edt-30ml\/"},"modified":"2025-11-19T12:12:47","modified_gmt":"2025-11-19T12:12:47","slug":"calvin-klein-eternity-air-for-men-edt-30ml","status":"publish","type":"product","link":"https:\/\/stylingagenten.com\/da\/produkt\/calvin-klein-eternity-air-for-men-edt-30ml\/","title":{"rendered":"Calvin Klein Eternity Air for Men Edt 30ml"},"content":{"rendered":"<p>Eternity Air for Men er en frisk og flydende duft skabt til at bringe tanker til store h\u00f8jder og \u00e5bent hav! Den friske duft giver en skarp og luftig duft, perfekt til varme sommerdage!<br \/>S\u00e6t sejl og sejl ud p\u00e5 nye eventyr med denne moderne og unikke duft!<\/p>\n<p>Duftfamilie \u2013 Aromatisk\/Fougere<br \/>Top Noter: Mandarin, eneb\u00e6r og akvatiske noter<br \/>Hjertenoter: lavendel, gr\u00f8nt \u00e6ble og violblade<br \/>Basenoter: patchouli, ambra og tang<\/p>\n","protected":false},"excerpt":{"rendered":"<p>Eternity Air for Men er en frisk og flydende duft skabt til at bringe tanker til store h\u00f8jder og \u00e5bent hav! Den friske duft giver en skarp og luftig duft, perfekt til varme sommerdage!S\u00e6t sejl og sejl ud p\u00e5 nye eventyr med denne moderne og unikke duft! Duftfamilie \u2013 Aromatisk\/FougereTop Noter: Mandarin, eneb\u00e6r og akvatiske [&hellip;]<\/p>\n","protected":false},"featured_media":138228,"comment_status":"open","ping_status":"closed","template":"","meta":{"_trash_the_other_posts":false},"product_brand":[],"product_cat":[793,709],"product_tag":[2649],"berocket_brand":[1014],"class_list":{"0":"post-138232","1":"product","2":"type-product","3":"status-publish","4":"has-post-thumbnail","6":"product_cat-calvin-klein-eternity-for-men","7":"product_cat-eau-de-toilette-mr","8":"product_tag-calvin-klein-eternity-air-for-men-edt","9":"pa_brand-calvin-klein","10":"pa_variant-30ml","11":"berocket_brand-calvin-klein","13":"first","14":"outofstock","15":"sale","16":"taxable","17":"shipping-taxable","18":"purchasable","19":"product-type-simple"},"_links":{"self":[{"href":"https:\/\/stylingagenten.com\/da\/wp-json\/wp\/v2\/product\/138232","targetHints":{"allow":["GET"]}}],"collection":[{"href":"https:\/\/stylingagenten.com\/da\/wp-json\/wp\/v2\/product"}],"about":[{"href":"https:\/\/stylingagenten.com\/da\/wp-json\/wp\/v2\/types\/product"}],"replies":[{"embeddable":true,"href":"https:\/\/stylingagenten.com\/da\/wp-json\/wp\/v2\/comments?post=138232"}],"version-history":[{"count":0,"href":"https:\/\/stylingagenten.com\/da\/wp-json\/wp\/v2\/product\/138232\/revisions"}],"wp:featuredmedia":[{"embeddable":true,"href":"https:\/\/stylingagenten.com\/da\/wp-json\/wp\/v2\/media\/138228"}],"wp:attachment":[{"href":"https:\/\/stylingagenten.com\/da\/wp-json\/wp\/v2\/media?parent=138232"}],"wp:term":[{"taxonomy":"product_brand","embeddable":true,"href":"https:\/\/stylingagenten.com\/da\/wp-json\/wp\/v2\/product_brand?post=138232"},{"taxonomy":"product_cat","embeddable":true,"href":"https:\/\/stylingagenten.com\/da\/wp-json\/wp\/v2\/product_cat?post=138232"},{"taxonomy":"product_tag","embeddable":true,"href":"https:\/\/stylingagenten.com\/da\/wp-json\/wp\/v2\/product_tag?post=138232"},{"taxonomy":"berocket_brand","embeddable":true,"href":"https:\/\/stylingagenten.com\/da\/wp-json\/wp\/v2\/berocket_brand?post=138232"}],"curies":[{"name":"wp","href":"https:\/\/api.w.org\/{rel}","templated":true}]}}