{"id":138226,"date":"2025-05-18T22:53:28","date_gmt":"2025-05-18T22:53:28","guid":{"rendered":"https:\/\/staging2.stylingagenten.com\/da\/produkt\/karl-lagerfeld-pour-homme-edt-100ml\/"},"modified":"2026-04-08T20:38:34","modified_gmt":"2026-04-08T20:38:34","slug":"karl-lagerfeld-pour-homme-edt-100ml","status":"publish","type":"product","link":"https:\/\/stylingagenten.com\/da\/produkt\/karl-lagerfeld-pour-homme-edt-100ml\/","title":{"rendered":"Karl Lagerfeld Pour Homme Edt 100ml"},"content":{"rendered":"<p>Karl Lagerfeld Pour Homme EDT er en maskulin, bl\u00f8d duft, der passer til den udadvendte mand.<\/p>\n<p data-empty=\"true\">Duftnoter: mandarin, lavendel, gr\u00f8nt \u00e6ble, viol, rav og sandeltr\u00e6. <\/p>\n","protected":false},"excerpt":{"rendered":"<p>Karl Lagerfeld Pour Homme EDT er en maskulin, bl\u00f8d duft, der passer til den udadvendte mand. Duftnoter: mandarin, lavendel, gr\u00f8nt \u00e6ble, viol, rav og sandeltr\u00e6.<\/p>\n","protected":false},"featured_media":138222,"comment_status":"open","ping_status":"closed","template":"","meta":{"_trash_the_other_posts":false},"product_brand":[],"product_cat":[1003,709,735,1000],"product_tag":[3109],"berocket_brand":[1068],"class_list":{"0":"post-138226","1":"product","2":"type-product","3":"status-publish","4":"has-post-thumbnail","6":"product_cat-bestsellere","7":"product_cat-eau-de-toilette-mr","8":"product_cat-kampagne","9":"product_cat-kampagnetilbud-til-ham","10":"product_tag-karl-lagerfeld-pour-homme-edt","11":"pa_brand-karl-lagerfeld","12":"pa_variant-100ml","13":"berocket_brand-karl-lagerfeld","15":"first","16":"instock","17":"sale","18":"taxable","19":"shipping-taxable","20":"purchasable","21":"product-type-simple"},"_links":{"self":[{"href":"https:\/\/stylingagenten.com\/da\/wp-json\/wp\/v2\/product\/138226","targetHints":{"allow":["GET"]}}],"collection":[{"href":"https:\/\/stylingagenten.com\/da\/wp-json\/wp\/v2\/product"}],"about":[{"href":"https:\/\/stylingagenten.com\/da\/wp-json\/wp\/v2\/types\/product"}],"replies":[{"embeddable":true,"href":"https:\/\/stylingagenten.com\/da\/wp-json\/wp\/v2\/comments?post=138226"}],"version-history":[{"count":0,"href":"https:\/\/stylingagenten.com\/da\/wp-json\/wp\/v2\/product\/138226\/revisions"}],"wp:featuredmedia":[{"embeddable":true,"href":"https:\/\/stylingagenten.com\/da\/wp-json\/wp\/v2\/media\/138222"}],"wp:attachment":[{"href":"https:\/\/stylingagenten.com\/da\/wp-json\/wp\/v2\/media?parent=138226"}],"wp:term":[{"taxonomy":"product_brand","embeddable":true,"href":"https:\/\/stylingagenten.com\/da\/wp-json\/wp\/v2\/product_brand?post=138226"},{"taxonomy":"product_cat","embeddable":true,"href":"https:\/\/stylingagenten.com\/da\/wp-json\/wp\/v2\/product_cat?post=138226"},{"taxonomy":"product_tag","embeddable":true,"href":"https:\/\/stylingagenten.com\/da\/wp-json\/wp\/v2\/product_tag?post=138226"},{"taxonomy":"berocket_brand","embeddable":true,"href":"https:\/\/stylingagenten.com\/da\/wp-json\/wp\/v2\/berocket_brand?post=138226"}],"curies":[{"name":"wp","href":"https:\/\/api.w.org\/{rel}","templated":true}]}}